{"id":43149,"date":"2026-04-20T00:27:41","date_gmt":"2026-04-20T00:27:41","guid":{"rendered":"https:\/\/singuli.wpress.me\/index.php\/proizvod\/bison-set-sanitarni-bijeli-silikon-2x280ml-pistolj-za-kartusu\/"},"modified":"2026-04-21T00:27:23","modified_gmt":"2026-04-21T00:27:23","slug":"bison-set-sanitarni-bijeli-silikon-2x280ml-pistolj-za-kartusu","status":"publish","type":"product","link":"https:\/\/singuli.wpress.me\/index.php\/proizvod\/bison-set-sanitarni-bijeli-silikon-2x280ml-pistolj-za-kartusu\/","title":{"rendered":"BISON, set, sanitarni bijeli silikon 2x280ml + pi\u0161tolj za kartu\u0161u"},"content":{"rendered":"<p>Za brtvljenje \u0161avova, spojeva i pukotina izme\u0111u zida, kade, tu\u0161 kabine, umivaonika i radne plo\u010de u sanitarnim prostorijama kao \u0161to su kupaonice, WC-i i kuhinje. Posebno za brtvljenje sanitarija i keramike, npr. spojeva izme\u0111u zida i podnih plo\u010dica, kade, tu\u0161 kabine, umivaonika, kuhinjske radne plo\u010de, sudopera i poplo\u010denih zidova.<\/p>\n<p>Idealno i za akrilne kade, plasti\u010dne baze i zidove tu\u0161 kabine.<\/p>\n<p>Ljepi se na \u010disto staklo, keramiku, glazirane plo\u010dice, emajl, metal, drvo i razne sinteti\u010dke materijale.<\/p>\n<p>Ne ljepi se za bitumen, polietilen, polipropilen i PTFE.<\/p>\n<p>Nije prikladno za akvarije.<\/p>\n","protected":false},"excerpt":{"rendered":"<p>Idealno i za akrilne kade, plasti\u010dne baze i zidove tu\u0161 kabine<br \/>\nNe ljepi se za bitumen, polietilen, polipropilen i PTFE<br \/>\nNije prikladno za akvarije<\/p>\n","protected":false},"featured_media":43150,"template":"","meta":{"_seopress_robots_primary_cat":"","_seopress_titles_title":"","_seopress_titles_desc":"","_seopress_robots_index":"","iawp_total_views":0},"product_brand":[494],"product_cat":[264,238],"product_tag":[],"class_list":{"0":"post-43149","1":"product","2":"type-product","3":"status-publish","4":"has-post-thumbnail","6":"product_brand-bison","7":"product_cat-ljepila-i-brtvila-238","8":"product_cat-sve-za-dom","10":"first","11":"instock","12":"shipping-taxable","13":"purchasable","14":"product-type-simple"},"_links":{"self":[{"href":"https:\/\/singuli.wpress.me\/index.php\/wp-json\/wp\/v2\/product\/43149","targetHints":{"allow":["GET"]}}],"collection":[{"href":"https:\/\/singuli.wpress.me\/index.php\/wp-json\/wp\/v2\/product"}],"about":[{"href":"https:\/\/singuli.wpress.me\/index.php\/wp-json\/wp\/v2\/types\/product"}],"version-history":[{"count":0,"href":"https:\/\/singuli.wpress.me\/index.php\/wp-json\/wp\/v2\/product\/43149\/revisions"}],"wp:featuredmedia":[{"embeddable":true,"href":"https:\/\/singuli.wpress.me\/index.php\/wp-json\/wp\/v2\/media\/43150"}],"wp:attachment":[{"href":"https:\/\/singuli.wpress.me\/index.php\/wp-json\/wp\/v2\/media?parent=43149"}],"wp:term":[{"taxonomy":"product_brand","embeddable":true,"href":"https:\/\/singuli.wpress.me\/index.php\/wp-json\/wp\/v2\/product_brand?post=43149"},{"taxonomy":"product_cat","embeddable":true,"href":"https:\/\/singuli.wpress.me\/index.php\/wp-json\/wp\/v2\/product_cat?post=43149"},{"taxonomy":"product_tag","embeddable":true,"href":"https:\/\/singuli.wpress.me\/index.php\/wp-json\/wp\/v2\/product_tag?post=43149"}],"curies":[{"name":"wp","href":"https:\/\/api.w.org\/{rel}","templated":true}]}}