{"id":43161,"date":"2026-04-20T00:27:45","date_gmt":"2026-04-20T00:27:45","guid":{"rendered":"https:\/\/singuli.wpress.me\/index.php\/proizvod\/peppa-pig-igracka-ambulanta\/"},"modified":"2026-04-20T12:33:50","modified_gmt":"2026-04-20T12:33:50","slug":"peppa-pig-igracka-ambulanta","status":"publish","type":"product","link":"https:\/\/singuli.wpress.me\/index.php\/proizvod\/peppa-pig-igracka-ambulanta\/","title":{"rendered":"PEPPA PIG, igra\u010dka, ambulanta"},"content":{"rendered":"<p>Peppa Pig ambulanta namijenjena je za \u201eigru uloga\u201c.<\/p>\n<p>Neka ma\u0161ta va\u0161ih mali\u0161ana u\u017eiva u igri sa omiljenom Peppom!<\/p>\n<p>Uklju\u010duje Peppa Pig naljepnice i 12 dodataka te karticu za zabilje\u0161ke (2 \u0161kare, stetoskop, otoskop, \u0161prica, zubarsko ogledalce, posudica i pinceta, termometar, 3 \u010da\u0161e).<\/p>\n<p>Dob: 3+ godine<\/p>\n","protected":false},"excerpt":{"rendered":"<p>Sadr\u017ei vi\u0161e komponenti<br \/>\nZabavna igra<br \/>\nDob: 3+ god<\/p>\n","protected":false},"featured_media":43162,"template":"","meta":{"_seopress_robots_primary_cat":"","_seopress_titles_title":"","_seopress_titles_desc":"","_seopress_robots_index":"","iawp_total_views":0},"product_brand":[351],"product_cat":[221,291],"product_tag":[],"class_list":{"0":"post-43161","1":"product","2":"type-product","3":"status-publish","4":"has-post-thumbnail","6":"product_brand-peppa-pig","7":"product_cat-igracke","8":"product_cat-igracke-za-djecu-221","10":"first","11":"outofstock","12":"shipping-taxable","13":"purchasable","14":"product-type-simple"},"_links":{"self":[{"href":"https:\/\/singuli.wpress.me\/index.php\/wp-json\/wp\/v2\/product\/43161","targetHints":{"allow":["GET"]}}],"collection":[{"href":"https:\/\/singuli.wpress.me\/index.php\/wp-json\/wp\/v2\/product"}],"about":[{"href":"https:\/\/singuli.wpress.me\/index.php\/wp-json\/wp\/v2\/types\/product"}],"version-history":[{"count":0,"href":"https:\/\/singuli.wpress.me\/index.php\/wp-json\/wp\/v2\/product\/43161\/revisions"}],"wp:featuredmedia":[{"embeddable":true,"href":"https:\/\/singuli.wpress.me\/index.php\/wp-json\/wp\/v2\/media\/43162"}],"wp:attachment":[{"href":"https:\/\/singuli.wpress.me\/index.php\/wp-json\/wp\/v2\/media?parent=43161"}],"wp:term":[{"taxonomy":"product_brand","embeddable":true,"href":"https:\/\/singuli.wpress.me\/index.php\/wp-json\/wp\/v2\/product_brand?post=43161"},{"taxonomy":"product_cat","embeddable":true,"href":"https:\/\/singuli.wpress.me\/index.php\/wp-json\/wp\/v2\/product_cat?post=43161"},{"taxonomy":"product_tag","embeddable":true,"href":"https:\/\/singuli.wpress.me\/index.php\/wp-json\/wp\/v2\/product_tag?post=43161"}],"curies":[{"name":"wp","href":"https:\/\/api.w.org\/{rel}","templated":true}]}}