{"id":43169,"date":"2026-04-20T00:27:47","date_gmt":"2026-04-20T00:27:47","guid":{"rendered":"https:\/\/singuli.wpress.me\/index.php\/proizvod\/wc-net-energy-osvjezivac-wc-skoljke-lime-38-g\/"},"modified":"2026-04-20T12:33:50","modified_gmt":"2026-04-20T12:33:50","slug":"wc-net-energy-osvjezivac-wc-skoljke-lime-38-g","status":"publish","type":"product","link":"https:\/\/singuli.wpress.me\/index.php\/proizvod\/wc-net-energy-osvjezivac-wc-skoljke-lime-38-g\/","title":{"rendered":"WC NET Energy, osvje\u017eiva\u010d wc \u0161koljke, Lime, 38\u00a0g"},"content":{"rendered":"<p>Prva ko\u0161arica koja zahvaljuju\u0107i svojoj formuli s aktivnim kisikom jam\u010di potpunu higijenu pri svakom ispiranju. U dodiru s vodom, ko\u0161arica se sama aktivira osiguravaju\u0107i:<\/p>\n<p>&#8211; Super pjenu za \u010di\u0161\u0107enje<br \/>\n&#8211; Izbjeljivanje<br \/>\n&#8211; Sprje\u010davanje kamenca<br \/>\n&#8211; Higijenu<br \/>\n&#8211; Dugotrajan miris do mjesec dana<\/p>\n","protected":false},"excerpt":{"rendered":"<p>Osigurava higijenu<br \/>\nDugotrajan miris<br \/>\nSprje\u010dava kamenac<\/p>\n","protected":false},"featured_media":43170,"template":"","meta":{"_seopress_robots_primary_cat":"","_seopress_titles_title":"","_seopress_titles_desc":"","_seopress_robots_index":"","iawp_total_views":0},"product_brand":[778],"product_cat":[284,238],"product_tag":[],"class_list":{"0":"post-43169","1":"product","2":"type-product","3":"status-publish","4":"has-post-thumbnail","6":"product_brand-wc-net","7":"product_cat-sredstva-za-ciscenje-238","8":"product_cat-sve-za-dom","10":"first","11":"instock","12":"shipping-taxable","13":"purchasable","14":"product-type-simple"},"_links":{"self":[{"href":"https:\/\/singuli.wpress.me\/index.php\/wp-json\/wp\/v2\/product\/43169","targetHints":{"allow":["GET"]}}],"collection":[{"href":"https:\/\/singuli.wpress.me\/index.php\/wp-json\/wp\/v2\/product"}],"about":[{"href":"https:\/\/singuli.wpress.me\/index.php\/wp-json\/wp\/v2\/types\/product"}],"version-history":[{"count":0,"href":"https:\/\/singuli.wpress.me\/index.php\/wp-json\/wp\/v2\/product\/43169\/revisions"}],"wp:featuredmedia":[{"embeddable":true,"href":"https:\/\/singuli.wpress.me\/index.php\/wp-json\/wp\/v2\/media\/43170"}],"wp:attachment":[{"href":"https:\/\/singuli.wpress.me\/index.php\/wp-json\/wp\/v2\/media?parent=43169"}],"wp:term":[{"taxonomy":"product_brand","embeddable":true,"href":"https:\/\/singuli.wpress.me\/index.php\/wp-json\/wp\/v2\/product_brand?post=43169"},{"taxonomy":"product_cat","embeddable":true,"href":"https:\/\/singuli.wpress.me\/index.php\/wp-json\/wp\/v2\/product_cat?post=43169"},{"taxonomy":"product_tag","embeddable":true,"href":"https:\/\/singuli.wpress.me\/index.php\/wp-json\/wp\/v2\/product_tag?post=43169"}],"curies":[{"name":"wp","href":"https:\/\/api.w.org\/{rel}","templated":true}]}}