{"id":43173,"date":"2026-04-20T00:27:50","date_gmt":"2026-04-20T00:27:50","guid":{"rendered":"https:\/\/singuli.wpress.me\/index.php\/proizvod\/red-bull-apricot-edition-energetski-napitak-0-25-l-3\/"},"modified":"2026-04-20T12:33:50","modified_gmt":"2026-04-20T12:33:50","slug":"red-bull-apricot-edition-energetski-napitak-0-25-l-3","status":"publish","type":"product","link":"https:\/\/singuli.wpress.me\/index.php\/proizvod\/red-bull-apricot-edition-energetski-napitak-0-25-l-3\/","title":{"rendered":"RED BULL Apricot Edition, energetski napitak, 0.25\u00a0l"},"content":{"rendered":"<p>Red\u00a0Bull Energy Drink cijenjen je diljem svijeta me\u0111u vrhunskim sporta\u0161ima, studentima i svima koji obavljaju zahtjevne poslove, kao i prilikom dugih vo\u017enji.<\/p>\n","protected":false},"excerpt":{"rendered":"<p>Funkcionalni energetski napitak<br \/>\nO\u017eivljava duh i tijelo<br \/>\nOkus marelice i jagode<\/p>\n","protected":false},"featured_media":43174,"template":"","meta":{"_seopress_robots_primary_cat":"","_seopress_titles_title":"","_seopress_titles_desc":"","_seopress_robots_index":"","iawp_total_views":0},"product_brand":[472],"product_cat":[243,276],"product_tag":[],"class_list":{"0":"post-43173","1":"product","2":"type-product","3":"status-publish","4":"has-post-thumbnail","6":"product_brand-red-bull","7":"product_cat-automobili-i-motori","8":"product_cat-industrijska-i-specijalna-ulja-243","10":"first","11":"outofstock","12":"shipping-taxable","13":"purchasable","14":"product-type-simple"},"_links":{"self":[{"href":"https:\/\/singuli.wpress.me\/index.php\/wp-json\/wp\/v2\/product\/43173","targetHints":{"allow":["GET"]}}],"collection":[{"href":"https:\/\/singuli.wpress.me\/index.php\/wp-json\/wp\/v2\/product"}],"about":[{"href":"https:\/\/singuli.wpress.me\/index.php\/wp-json\/wp\/v2\/types\/product"}],"version-history":[{"count":0,"href":"https:\/\/singuli.wpress.me\/index.php\/wp-json\/wp\/v2\/product\/43173\/revisions"}],"wp:featuredmedia":[{"embeddable":true,"href":"https:\/\/singuli.wpress.me\/index.php\/wp-json\/wp\/v2\/media\/43174"}],"wp:attachment":[{"href":"https:\/\/singuli.wpress.me\/index.php\/wp-json\/wp\/v2\/media?parent=43173"}],"wp:term":[{"taxonomy":"product_brand","embeddable":true,"href":"https:\/\/singuli.wpress.me\/index.php\/wp-json\/wp\/v2\/product_brand?post=43173"},{"taxonomy":"product_cat","embeddable":true,"href":"https:\/\/singuli.wpress.me\/index.php\/wp-json\/wp\/v2\/product_cat?post=43173"},{"taxonomy":"product_tag","embeddable":true,"href":"https:\/\/singuli.wpress.me\/index.php\/wp-json\/wp\/v2\/product_tag?post=43173"}],"curies":[{"name":"wp","href":"https:\/\/api.w.org\/{rel}","templated":true}]}}