{"id":43177,"date":"2026-04-20T00:27:51","date_gmt":"2026-04-20T00:27:51","guid":{"rendered":"https:\/\/singuli.wpress.me\/index.php\/proizvod\/raid-nightday-elektricni-aparat-1-kom-2\/"},"modified":"2026-04-20T12:33:50","modified_gmt":"2026-04-20T12:33:50","slug":"raid-nightday-elektricni-aparat-1-kom-2","status":"publish","type":"product","link":"https:\/\/singuli.wpress.me\/index.php\/proizvod\/raid-nightday-elektricni-aparat-1-kom-2\/","title":{"rendered":"RAID Night&amp;Day, elektri\u010dni aparat, 1\u00a0kom"},"content":{"rendered":"<p>Raid\u00ae Night&amp;Day elektri\u010dni aparati\u0107 protiv komaraca i tigrastih komaraca pru\u017ea mogu\u0107nost izbora razine za\u0161tite protiv komaraca za sve veli\u010dine prostorija u Va\u0161em domu. <\/p>\n<p>Djelotvoran je 10 dana 24 sata. <\/p>\n<p>Svjetlo na aparati\u0107u ozna\u010dava da je proizvod u funkciji i na kojoj je razini pode\u0161en. <\/p>\n<p>Kada plava teku\u0107ina koja predstavlja indikator ishlapi, punjenje zamijenite novim kako bi obnovili za\u0161titu.<\/p>\n","protected":false},"excerpt":{"rendered":"<p>200 sati za\u0161tite<br \/>\n\u0160titi od obi\u010dnih i tigrastih komaraca te muha<br \/>\nNa bazi komprimiranog pijeska<\/p>\n","protected":false},"featured_media":43178,"template":"","meta":{"_seopress_robots_primary_cat":"","_seopress_titles_title":"","_seopress_titles_desc":"","_seopress_robots_index":"","iawp_total_views":0},"product_brand":[457],"product_cat":[192,267],"product_tag":[],"class_list":{"0":"post-43177","1":"product","2":"type-product","3":"status-publish","4":"has-post-thumbnail","6":"product_brand-raid","7":"product_cat-aparati-za-osobnu-njegu","8":"product_cat-zdravstveni-uredaji-192","10":"first","11":"outofstock","12":"shipping-taxable","13":"purchasable","14":"product-type-simple"},"_links":{"self":[{"href":"https:\/\/singuli.wpress.me\/index.php\/wp-json\/wp\/v2\/product\/43177","targetHints":{"allow":["GET"]}}],"collection":[{"href":"https:\/\/singuli.wpress.me\/index.php\/wp-json\/wp\/v2\/product"}],"about":[{"href":"https:\/\/singuli.wpress.me\/index.php\/wp-json\/wp\/v2\/types\/product"}],"version-history":[{"count":0,"href":"https:\/\/singuli.wpress.me\/index.php\/wp-json\/wp\/v2\/product\/43177\/revisions"}],"wp:featuredmedia":[{"embeddable":true,"href":"https:\/\/singuli.wpress.me\/index.php\/wp-json\/wp\/v2\/media\/43178"}],"wp:attachment":[{"href":"https:\/\/singuli.wpress.me\/index.php\/wp-json\/wp\/v2\/media?parent=43177"}],"wp:term":[{"taxonomy":"product_brand","embeddable":true,"href":"https:\/\/singuli.wpress.me\/index.php\/wp-json\/wp\/v2\/product_brand?post=43177"},{"taxonomy":"product_cat","embeddable":true,"href":"https:\/\/singuli.wpress.me\/index.php\/wp-json\/wp\/v2\/product_cat?post=43177"},{"taxonomy":"product_tag","embeddable":true,"href":"https:\/\/singuli.wpress.me\/index.php\/wp-json\/wp\/v2\/product_tag?post=43177"}],"curies":[{"name":"wp","href":"https:\/\/api.w.org\/{rel}","templated":true}]}}