{"id":43179,"date":"2026-04-20T00:27:51","date_gmt":"2026-04-20T00:27:51","guid":{"rendered":"https:\/\/singuli.wpress.me\/index.php\/proizvod\/pampers-active-baby-pelene-velicina-2-4kg-8kg-76-kom\/"},"modified":"2026-04-20T12:33:50","modified_gmt":"2026-04-20T12:33:50","slug":"pampers-active-baby-pelene-velicina-2-4kg-8kg-76-kom","status":"publish","type":"product","link":"https:\/\/singuli.wpress.me\/index.php\/proizvod\/pampers-active-baby-pelene-velicina-2-4kg-8kg-76-kom\/","title":{"rendered":"PAMPERS Active Baby, pelene, veli\u010dina 2, 4kg-8kg, 76\u00a0kom"},"content":{"rendered":"<p>Dok spava, va\u0161a se beba mo\u017ee kretati dvostruko vi\u0161e od vas, \u0161to zna\u010di da pelena mo\u017ee propustiti. Pelene Pampers Active Baby-Dry pru\u017eaju cjelovitu za\u0161titu od propu\u0161tanja danju i no\u0107u zahvaljuju\u0107i svom jedinstvenom trostrukom sustavu za\u0161tite koji odmah upija i poma\u017ee sprije\u010diti propu\u0161tanja na trbu\u0161\u010di\u0107u i nogama. <\/p>\n<p>1. Brzosu\u0161e\u0107a jezgra odmah upija teku\u0107inu<br \/>\n2. Dvaput \u010dvr\u0161\u0107e trakice uz noge poma\u017eu sprije\u010diti propu\u0161tanje oko nogu,<br \/>\n3. Fleksibilna krilca udobno se i sigurno prilago\u0111avaju bebinom trbu\u0161\u010di\u0107u tako da beba mo\u017ee u\u017eivati u odli\u010dnoj za\u0161titi od propu\u0161tanja i danju i no\u0107u, bez obzira na to koliko se kre\u0107e<\/p>\n<p>Budu\u0107i da je sigurnost va\u0161e bebe Pampersov najva\u017eniji prioritet, pelene Pampers Active Baby-Dry odobrili su dermatolozi udru\u017eenja Skin Health Alliance. (SHA potvr\u0111uje da su pelene Pampers sigurne u kontaktu s dje\u010djom ko\u017eom. Saznajte vi\u0161e na www.pampers.com.hr)<\/p>\n","protected":false},"excerpt":{"rendered":"<p>Upijaju\u0107a jezgra i 3 kanala raspore\u0111uju vla\u017enost u peleni daleko od ko\u017ee<br \/>\nPovr\u0161inski sloj mekan poput pamuka (ne sadr\u017ei pamuk)<br \/>\nSloj \u201esleep\u201d poma\u017ee brzo upiti vla\u017enost<\/p>\n","protected":false},"featured_media":43180,"template":"","meta":{"_seopress_robots_primary_cat":"","_seopress_titles_title":"","_seopress_titles_desc":"","_seopress_robots_index":"","iawp_total_views":0},"product_brand":[444],"product_cat":[211,310],"product_tag":[],"class_list":{"0":"post-43179","1":"product","2":"type-product","3":"status-publish","4":"has-post-thumbnail","6":"product_brand-pampers","7":"product_cat-njega-majke-i-djeteta","8":"product_cat-pelene-211","10":"first","11":"outofstock","12":"shipping-taxable","13":"purchasable","14":"product-type-simple"},"_links":{"self":[{"href":"https:\/\/singuli.wpress.me\/index.php\/wp-json\/wp\/v2\/product\/43179","targetHints":{"allow":["GET"]}}],"collection":[{"href":"https:\/\/singuli.wpress.me\/index.php\/wp-json\/wp\/v2\/product"}],"about":[{"href":"https:\/\/singuli.wpress.me\/index.php\/wp-json\/wp\/v2\/types\/product"}],"version-history":[{"count":0,"href":"https:\/\/singuli.wpress.me\/index.php\/wp-json\/wp\/v2\/product\/43179\/revisions"}],"wp:featuredmedia":[{"embeddable":true,"href":"https:\/\/singuli.wpress.me\/index.php\/wp-json\/wp\/v2\/media\/43180"}],"wp:attachment":[{"href":"https:\/\/singuli.wpress.me\/index.php\/wp-json\/wp\/v2\/media?parent=43179"}],"wp:term":[{"taxonomy":"product_brand","embeddable":true,"href":"https:\/\/singuli.wpress.me\/index.php\/wp-json\/wp\/v2\/product_brand?post=43179"},{"taxonomy":"product_cat","embeddable":true,"href":"https:\/\/singuli.wpress.me\/index.php\/wp-json\/wp\/v2\/product_cat?post=43179"},{"taxonomy":"product_tag","embeddable":true,"href":"https:\/\/singuli.wpress.me\/index.php\/wp-json\/wp\/v2\/product_tag?post=43179"}],"curies":[{"name":"wp","href":"https:\/\/api.w.org\/{rel}","templated":true}]}}