{"id":43182,"date":"2026-04-20T00:27:52","date_gmt":"2026-04-20T00:27:52","guid":{"rendered":"https:\/\/singuli.wpress.me\/index.php\/proizvod\/domo-do239s-rucni-usisavac\/"},"modified":"2026-04-20T12:33:50","modified_gmt":"2026-04-20T12:33:50","slug":"domo-do239s-rucni-usisavac","status":"publish","type":"product","link":"https:\/\/singuli.wpress.me\/index.php\/proizvod\/domo-do239s-rucni-usisavac\/","title":{"rendered":"DOMO DO239S, ru\u010dni usisava\u010d"},"content":{"rendered":"<p>Uvijek mo\u017eete imati ru\u010dni be\u017ei\u010dni usisava\u010d iznena\u0111uju\u0107ih performansi u maloj kutiji. S njim mo\u017eete odr\u017eavati \u010distim ne samo svoj dom, ve\u0107 i svoj automobil. Jednostavno mo\u017eete usisati prljav\u0161tinu iza svojih ku\u0107nih ljubimaca ili pokupiti mrvice u kuhinju ili usisati pau\u010dinu u kutu sobe.<br \/>\nDigitalno kontrolirani BLDC motor uspijeva proizvesti do 120 W snage i stvara usisni vakuum dostojan \u010dak i modela vi\u0161e klase \u0161tapnih usisava\u010da. Motor je kompaktan, lagan, izdr\u017eljiv i tih. HEPA filter, skriven od grube prljav\u0161tine iza \u010dvrstog filtera od nehr\u0111aju\u0107eg \u010delika, brine se za filtriranje pra\u0161ine, alergena, plijesni i drugih mikroorganizama. Usisava\u010d tako\u0111er dolazi s prakti\u010dnim stalkom za punjenje, tankim nastavkom za usisavanje te\u0161ko dostupnih mjesta i nastavkom \u010detke za pra\u0161inu za \u010di\u0161\u0107enje tapeciranog namje\u0161taja.<br \/>\nIdealan je za ured, auto, kuhinju, dnevni boravak, kupaonicu pa \u010dak i spava\u0107u sobu. Lako ga je ponijeti sa sobom i pohraniti<\/p>\n","protected":false},"excerpt":{"rendered":"<p>Be\u017ei\u010dna upotreba<br \/>\nIdealan za ured, auto, kuhinju, dnevni boravak, kupaonicu, spava\u0107u sobu<br \/>\nUklju\u010duje stanicu za punjenje, mlaznicu za pukotine i \u010detku za pra\u0161inu<\/p>\n","protected":false},"featured_media":43183,"template":"","meta":{"_seopress_robots_primary_cat":"","_seopress_titles_title":"","_seopress_titles_desc":"","_seopress_robots_index":"","iawp_total_views":0},"product_brand":[255],"product_cat":[160,271],"product_tag":[],"class_list":{"0":"post-43182","1":"product","2":"type-product","3":"status-publish","4":"has-post-thumbnail","6":"product_brand-domo","7":"product_cat-mali-kucanski-aparati","8":"product_cat-usisavaci-i-ciscenje-160","10":"first","11":"instock","12":"shipping-taxable","13":"purchasable","14":"product-type-simple"},"_links":{"self":[{"href":"https:\/\/singuli.wpress.me\/index.php\/wp-json\/wp\/v2\/product\/43182","targetHints":{"allow":["GET"]}}],"collection":[{"href":"https:\/\/singuli.wpress.me\/index.php\/wp-json\/wp\/v2\/product"}],"about":[{"href":"https:\/\/singuli.wpress.me\/index.php\/wp-json\/wp\/v2\/types\/product"}],"version-history":[{"count":0,"href":"https:\/\/singuli.wpress.me\/index.php\/wp-json\/wp\/v2\/product\/43182\/revisions"}],"wp:featuredmedia":[{"embeddable":true,"href":"https:\/\/singuli.wpress.me\/index.php\/wp-json\/wp\/v2\/media\/43183"}],"wp:attachment":[{"href":"https:\/\/singuli.wpress.me\/index.php\/wp-json\/wp\/v2\/media?parent=43182"}],"wp:term":[{"taxonomy":"product_brand","embeddable":true,"href":"https:\/\/singuli.wpress.me\/index.php\/wp-json\/wp\/v2\/product_brand?post=43182"},{"taxonomy":"product_cat","embeddable":true,"href":"https:\/\/singuli.wpress.me\/index.php\/wp-json\/wp\/v2\/product_cat?post=43182"},{"taxonomy":"product_tag","embeddable":true,"href":"https:\/\/singuli.wpress.me\/index.php\/wp-json\/wp\/v2\/product_tag?post=43182"}],"curies":[{"name":"wp","href":"https:\/\/api.w.org\/{rel}","templated":true}]}}