{"id":43196,"date":"2026-04-20T00:27:59","date_gmt":"2026-04-20T00:27:59","guid":{"rendered":"https:\/\/singuli.wpress.me\/index.php\/proizvod\/old-spice-restart-gel-za-tusiranje-400-ml\/"},"modified":"2026-04-21T00:27:23","modified_gmt":"2026-04-21T00:27:23","slug":"old-spice-restart-gel-za-tusiranje-400-ml","status":"publish","type":"product","link":"https:\/\/singuli.wpress.me\/index.php\/proizvod\/old-spice-restart-gel-za-tusiranje-400-ml\/","title":{"rendered":"OLD SPICE Restart, gel za tu\u0161iranje, 400\u00a0ml"},"content":{"rendered":"<p>Ima\u0161 li kosu? Ima\u0161 li tijelo? Gospodo, ovo su va\u017ena pitanja. Ako je odgovor na barem jedno od postavljenih pitanja potvrdan, onda krenimo na posao. <\/p>\n<p>Pjena gela za tu\u0161iranje Restart \u010disti i rastura prljav\u0161tinu i neugodne mirise, a na tvoje se tijelo spu\u0161ta miris poput magle koja se spu\u0161ta u dolinu, dopu\u0161taju\u0107i \u017eivotinjama da se razmno\u017eavaju bez na\u0161eg znanja. <\/p>\n<p>Ako iz nekog razloga nema\u0161 ni kosu ni tijelo, mora\u0161 znati da radimo na rje\u0161enju za tebe.<\/p>\n","protected":false},"excerpt":{"rendered":"<p>Svje\u017ei mu\u017eevni miris<br \/>\nHidratantna formula<br \/>\nUklanja prljav\u0161tinu i neugodne mirise<\/p>\n","protected":false},"featured_media":43197,"template":"","meta":{"_seopress_robots_primary_cat":"","_seopress_titles_title":"","_seopress_titles_desc":"","_seopress_robots_index":"","iawp_total_views":0},"product_brand":[448],"product_cat":[268,278],"product_tag":[],"class_list":{"0":"post-43196","1":"product","2":"type-product","3":"status-publish","4":"has-post-thumbnail","6":"product_brand-old-spice","7":"product_cat-kozmetika-2","8":"product_cat-njega-tijela-268","10":"first","11":"outofstock","12":"shipping-taxable","13":"purchasable","14":"product-type-simple"},"_links":{"self":[{"href":"https:\/\/singuli.wpress.me\/index.php\/wp-json\/wp\/v2\/product\/43196","targetHints":{"allow":["GET"]}}],"collection":[{"href":"https:\/\/singuli.wpress.me\/index.php\/wp-json\/wp\/v2\/product"}],"about":[{"href":"https:\/\/singuli.wpress.me\/index.php\/wp-json\/wp\/v2\/types\/product"}],"version-history":[{"count":0,"href":"https:\/\/singuli.wpress.me\/index.php\/wp-json\/wp\/v2\/product\/43196\/revisions"}],"wp:featuredmedia":[{"embeddable":true,"href":"https:\/\/singuli.wpress.me\/index.php\/wp-json\/wp\/v2\/media\/43197"}],"wp:attachment":[{"href":"https:\/\/singuli.wpress.me\/index.php\/wp-json\/wp\/v2\/media?parent=43196"}],"wp:term":[{"taxonomy":"product_brand","embeddable":true,"href":"https:\/\/singuli.wpress.me\/index.php\/wp-json\/wp\/v2\/product_brand?post=43196"},{"taxonomy":"product_cat","embeddable":true,"href":"https:\/\/singuli.wpress.me\/index.php\/wp-json\/wp\/v2\/product_cat?post=43196"},{"taxonomy":"product_tag","embeddable":true,"href":"https:\/\/singuli.wpress.me\/index.php\/wp-json\/wp\/v2\/product_tag?post=43196"}],"curies":[{"name":"wp","href":"https:\/\/api.w.org\/{rel}","templated":true}]}}