{"id":43200,"date":"2026-04-20T00:28:00","date_gmt":"2026-04-20T00:28:00","guid":{"rendered":"https:\/\/singuli.wpress.me\/index.php\/proizvod\/aeroshell-fl-12-hidraulicko-ulje-1x3-785-l\/"},"modified":"2026-04-20T12:33:51","modified_gmt":"2026-04-20T12:33:51","slug":"aeroshell-fl-12-hidraulicko-ulje-1x3-785-l","status":"publish","type":"product","link":"https:\/\/singuli.wpress.me\/index.php\/proizvod\/aeroshell-fl-12-hidraulicko-ulje-1x3-785-l\/","title":{"rendered":"AEROSHELL FL 12, hidrauli\u010dko ulje, 1&#215;3.785, \u00a0l"},"content":{"rendered":"<p><strong>AeroShell Fluid 12<\/strong> je visokokvalitetno sinteti\u010dko ulje na esterskoj bazi, idealno za **op\u0107e podmazivanje** na zrakoplovima i za osjetljive **zrakoplovne instrumente**.<\/p>\n<p>Ovo ulje niske hlapljivosti formulirano je s **inhibitorima oksidacije i korozije**, pru\u017eaju\u0107i iznimnu za\u0161titu klju\u010dnim komponentama va\u0161eg zrakoplova. Klju\u010dna prednost mu je stabilan rad u ekstremnim uvjetima, jer zadr\u017eava **dobra svojstva pri visokim i niskim temperaturama**.<\/p>\n<p>Savr\u0161en odabir za pouzdano i dugotrajno mazanje.<\/p>\n","protected":false},"excerpt":{"rendered":"<p>Sinteti\u010dka esterska baza: Niska hlapljivost i stabilna svojstva u \u0161irokom temperaturnom rasponu<br \/>\nSadr\u017ei inhibitore oksidacije i korozije za dugotrajnu za\u0161titu komponenti<br \/>\nKoristi se za zrakoplovne instrumente i op\u0107e podmazivanje na zrakoplovima<\/p>\n","protected":false},"featured_media":43201,"template":"","meta":{"_seopress_robots_primary_cat":"","_seopress_titles_title":"","_seopress_titles_desc":"","_seopress_robots_index":"","iawp_total_views":0},"product_brand":[482],"product_cat":[221,263],"product_tag":[],"class_list":{"0":"post-43200","1":"product","2":"type-product","3":"status-publish","4":"has-post-thumbnail","6":"product_brand-aeroshell","7":"product_cat-igracke","8":"product_cat-tematske-igracke-221","10":"first","11":"instock","12":"shipping-taxable","13":"purchasable","14":"product-type-simple"},"_links":{"self":[{"href":"https:\/\/singuli.wpress.me\/index.php\/wp-json\/wp\/v2\/product\/43200","targetHints":{"allow":["GET"]}}],"collection":[{"href":"https:\/\/singuli.wpress.me\/index.php\/wp-json\/wp\/v2\/product"}],"about":[{"href":"https:\/\/singuli.wpress.me\/index.php\/wp-json\/wp\/v2\/types\/product"}],"version-history":[{"count":0,"href":"https:\/\/singuli.wpress.me\/index.php\/wp-json\/wp\/v2\/product\/43200\/revisions"}],"wp:featuredmedia":[{"embeddable":true,"href":"https:\/\/singuli.wpress.me\/index.php\/wp-json\/wp\/v2\/media\/43201"}],"wp:attachment":[{"href":"https:\/\/singuli.wpress.me\/index.php\/wp-json\/wp\/v2\/media?parent=43200"}],"wp:term":[{"taxonomy":"product_brand","embeddable":true,"href":"https:\/\/singuli.wpress.me\/index.php\/wp-json\/wp\/v2\/product_brand?post=43200"},{"taxonomy":"product_cat","embeddable":true,"href":"https:\/\/singuli.wpress.me\/index.php\/wp-json\/wp\/v2\/product_cat?post=43200"},{"taxonomy":"product_tag","embeddable":true,"href":"https:\/\/singuli.wpress.me\/index.php\/wp-json\/wp\/v2\/product_tag?post=43200"}],"curies":[{"name":"wp","href":"https:\/\/api.w.org\/{rel}","templated":true}]}}