{"id":43206,"date":"2026-04-20T00:28:05","date_gmt":"2026-04-20T00:28:05","guid":{"rendered":"https:\/\/singuli.wpress.me\/index.php\/proizvod\/wc-net-intense-3-effect-kruti-ulosci-za-wc-skoljku-lavanda-4x34-g\/"},"modified":"2026-04-20T12:33:51","modified_gmt":"2026-04-20T12:33:51","slug":"wc-net-intense-3-effect-kruti-ulosci-za-wc-skoljku-lavanda-4x34-g","status":"publish","type":"product","link":"https:\/\/singuli.wpress.me\/index.php\/proizvod\/wc-net-intense-3-effect-kruti-ulosci-za-wc-skoljku-lavanda-4x34-g\/","title":{"rendered":"WC NET Intense 3 Effect, kruti ulo\u0161ci za wc \u0161koljku, Lavanda, 4&#215;34 g"},"content":{"rendered":"<p>WC NET Intense 3 Effect osigurava higijenu i dugotrajan miris te sprje\u010dava nastanak kamenca.<\/p>\n","protected":false},"excerpt":{"rendered":"<p>Prevencija nastanka kamenca<br \/>\nDugotrajan miris<br \/>\nZahvaljuju\u0107i eteri\u010dnim uljima u svojoj formuli, osloba\u0111a ugodan i intenzivan miris \u010disto\u0107e<\/p>\n","protected":false},"featured_media":43207,"template":"","meta":{"_seopress_robots_primary_cat":"","_seopress_titles_title":"","_seopress_titles_desc":"","_seopress_robots_index":"","iawp_total_views":0},"product_brand":[778],"product_cat":[284,238],"product_tag":[],"class_list":{"0":"post-43206","1":"product","2":"type-product","3":"status-publish","4":"has-post-thumbnail","6":"product_brand-wc-net","7":"product_cat-sredstva-za-ciscenje-238","8":"product_cat-sve-za-dom","10":"first","11":"instock","12":"shipping-taxable","13":"purchasable","14":"product-type-simple"},"_links":{"self":[{"href":"https:\/\/singuli.wpress.me\/index.php\/wp-json\/wp\/v2\/product\/43206","targetHints":{"allow":["GET"]}}],"collection":[{"href":"https:\/\/singuli.wpress.me\/index.php\/wp-json\/wp\/v2\/product"}],"about":[{"href":"https:\/\/singuli.wpress.me\/index.php\/wp-json\/wp\/v2\/types\/product"}],"version-history":[{"count":0,"href":"https:\/\/singuli.wpress.me\/index.php\/wp-json\/wp\/v2\/product\/43206\/revisions"}],"wp:featuredmedia":[{"embeddable":true,"href":"https:\/\/singuli.wpress.me\/index.php\/wp-json\/wp\/v2\/media\/43207"}],"wp:attachment":[{"href":"https:\/\/singuli.wpress.me\/index.php\/wp-json\/wp\/v2\/media?parent=43206"}],"wp:term":[{"taxonomy":"product_brand","embeddable":true,"href":"https:\/\/singuli.wpress.me\/index.php\/wp-json\/wp\/v2\/product_brand?post=43206"},{"taxonomy":"product_cat","embeddable":true,"href":"https:\/\/singuli.wpress.me\/index.php\/wp-json\/wp\/v2\/product_cat?post=43206"},{"taxonomy":"product_tag","embeddable":true,"href":"https:\/\/singuli.wpress.me\/index.php\/wp-json\/wp\/v2\/product_tag?post=43206"}],"curies":[{"name":"wp","href":"https:\/\/api.w.org\/{rel}","templated":true}]}}