{"id":43216,"date":"2026-04-20T00:28:08","date_gmt":"2026-04-20T00:28:08","guid":{"rendered":"https:\/\/singuli.wpress.me\/index.php\/proizvod\/tuban-slime-diy-set-kameleon\/"},"modified":"2026-04-20T12:33:51","modified_gmt":"2026-04-20T12:33:51","slug":"tuban-slime-diy-set-kameleon","status":"publish","type":"product","link":"https:\/\/singuli.wpress.me\/index.php\/proizvod\/tuban-slime-diy-set-kameleon\/","title":{"rendered":"TUBAN Slime, DIY set, kameleon"},"content":{"rendered":"<p>DIY Tuban osnovni set za SLIME.<\/p>\n<p>Sve \u0161to treba\u0161 za svog osobnog Slime-i\u0107a.<\/p>\n<p>Ovaj skoro gotovi SLIME idealan je za senzoriku.<\/p>\n<p>100 ml PVA ljepila sa mirisom, 100 ml aktivatora, \u0161ljokice, \u017eli\u010dica za mije\u0161anje, spremi\u0161te da ti Slime ostane neisu\u0161en!<\/p>\n<p>I zabava mo\u017ee po\u010deti!<\/p>\n<p>DOB: 6+<\/p>\n","protected":false},"excerpt":{"rendered":"<p>Idealan set za senzoriku<br \/>\nSadr\u017ei vi\u0161e komponenti<br \/>\nDob: 6+god<\/p>\n","protected":false},"featured_media":43217,"template":"","meta":{"_seopress_robots_primary_cat":"","_seopress_titles_title":"","_seopress_titles_desc":"","_seopress_robots_index":"","iawp_total_views":0},"product_brand":[492],"product_cat":[221,291],"product_tag":[],"class_list":{"0":"post-43216","1":"product","2":"type-product","3":"status-publish","4":"has-post-thumbnail","6":"product_brand-tuban","7":"product_cat-igracke","8":"product_cat-igracke-za-djecu-221","10":"first","11":"instock","12":"shipping-taxable","13":"purchasable","14":"product-type-simple"},"_links":{"self":[{"href":"https:\/\/singuli.wpress.me\/index.php\/wp-json\/wp\/v2\/product\/43216","targetHints":{"allow":["GET"]}}],"collection":[{"href":"https:\/\/singuli.wpress.me\/index.php\/wp-json\/wp\/v2\/product"}],"about":[{"href":"https:\/\/singuli.wpress.me\/index.php\/wp-json\/wp\/v2\/types\/product"}],"version-history":[{"count":0,"href":"https:\/\/singuli.wpress.me\/index.php\/wp-json\/wp\/v2\/product\/43216\/revisions"}],"wp:featuredmedia":[{"embeddable":true,"href":"https:\/\/singuli.wpress.me\/index.php\/wp-json\/wp\/v2\/media\/43217"}],"wp:attachment":[{"href":"https:\/\/singuli.wpress.me\/index.php\/wp-json\/wp\/v2\/media?parent=43216"}],"wp:term":[{"taxonomy":"product_brand","embeddable":true,"href":"https:\/\/singuli.wpress.me\/index.php\/wp-json\/wp\/v2\/product_brand?post=43216"},{"taxonomy":"product_cat","embeddable":true,"href":"https:\/\/singuli.wpress.me\/index.php\/wp-json\/wp\/v2\/product_cat?post=43216"},{"taxonomy":"product_tag","embeddable":true,"href":"https:\/\/singuli.wpress.me\/index.php\/wp-json\/wp\/v2\/product_tag?post=43216"}],"curies":[{"name":"wp","href":"https:\/\/api.w.org\/{rel}","templated":true}]}}