{"id":43225,"date":"2026-04-20T00:28:17","date_gmt":"2026-04-20T00:28:17","guid":{"rendered":"https:\/\/singuli.wpress.me\/index.php\/proizvod\/jacobs-original-instant-napitak-2u1-10x18g\/"},"modified":"2026-04-20T12:33:51","modified_gmt":"2026-04-20T12:33:51","slug":"jacobs-original-instant-napitak-2u1-10x18g","status":"publish","type":"product","link":"https:\/\/singuli.wpress.me\/index.php\/proizvod\/jacobs-original-instant-napitak-2u1-10x18g\/","title":{"rendered":"JACOBS Original, instant napitak, 2u1, 10x18g"},"content":{"rendered":"<p>Otkrijte ukusne Jacobs mje\u0161avine kave za sva\u010diji ukus: bilo klasi\u010dnog, intenzivnog ili \u010dokoladnog okusa, bilo u prakti\u010dnoj 2u1 ili 3u1 mje\u0161avini.<\/p>\n<p>Jacobs Original instant napitak 2u1 u \u0161tapi\u0107ima idealna je kombinacija za sve ljubitelje kave, koji puno putuju i ne \u017eele propustiti dobru \u0161alicu Jacobs kave.<\/p>\n<p>Jacobs 2u1 instant \u0161tapi\u0107i sadr\u017ee instant kavu s vrhnjem za kavu.<\/p>\n<p>Priprema je izravna, brza i laka: ispraznite vre\u0107icu s kavom u \u0161alicu, ulijte vru\u0107u vodu, promije\u0161ajte &#8211; ukusna kava je spremna.<\/p>\n<p>Bilo da ste na poslu, sveu\u010dili\u0161tu, u pokretu ili kod ku\u0107e &#8211; uvijek se na\u0111e vremena za \u0161alicu kave Jacobs 2u1.<\/p>\n","protected":false},"excerpt":{"rendered":"<p>Instant mje\u0161avina za napitak od kave<br \/>\nNapitak je ugodne arome i nezaboravnog okusa<br \/>\nPriu\u0161tite si \u0161alicu omiljenog Jacobs toplog napitka<\/p>\n","protected":false},"featured_media":43226,"template":"","meta":{"_seopress_robots_primary_cat":"","_seopress_titles_title":"","_seopress_titles_desc":"","_seopress_robots_index":"","iawp_total_views":0},"product_brand":[419],"product_cat":[261,270],"product_tag":[],"class_list":{"0":"post-43225","1":"product","2":"type-product","3":"status-publish","4":"has-post-thumbnail","6":"product_brand-jacobs","7":"product_cat-hrana-i-pice","8":"product_cat-slasticarstvo-261","10":"first","11":"outofstock","12":"shipping-taxable","13":"purchasable","14":"product-type-simple"},"_links":{"self":[{"href":"https:\/\/singuli.wpress.me\/index.php\/wp-json\/wp\/v2\/product\/43225","targetHints":{"allow":["GET"]}}],"collection":[{"href":"https:\/\/singuli.wpress.me\/index.php\/wp-json\/wp\/v2\/product"}],"about":[{"href":"https:\/\/singuli.wpress.me\/index.php\/wp-json\/wp\/v2\/types\/product"}],"version-history":[{"count":0,"href":"https:\/\/singuli.wpress.me\/index.php\/wp-json\/wp\/v2\/product\/43225\/revisions"}],"wp:featuredmedia":[{"embeddable":true,"href":"https:\/\/singuli.wpress.me\/index.php\/wp-json\/wp\/v2\/media\/43226"}],"wp:attachment":[{"href":"https:\/\/singuli.wpress.me\/index.php\/wp-json\/wp\/v2\/media?parent=43225"}],"wp:term":[{"taxonomy":"product_brand","embeddable":true,"href":"https:\/\/singuli.wpress.me\/index.php\/wp-json\/wp\/v2\/product_brand?post=43225"},{"taxonomy":"product_cat","embeddable":true,"href":"https:\/\/singuli.wpress.me\/index.php\/wp-json\/wp\/v2\/product_cat?post=43225"},{"taxonomy":"product_tag","embeddable":true,"href":"https:\/\/singuli.wpress.me\/index.php\/wp-json\/wp\/v2\/product_tag?post=43225"}],"curies":[{"name":"wp","href":"https:\/\/api.w.org\/{rel}","templated":true}]}}