{"id":43227,"date":"2026-04-20T00:28:17","date_gmt":"2026-04-20T00:28:17","guid":{"rendered":"https:\/\/singuli.wpress.me\/index.php\/proizvod\/bison-sprej-visenamjenski-400-ml\/"},"modified":"2026-04-21T00:27:23","modified_gmt":"2026-04-21T00:27:23","slug":"bison-sprej-visenamjenski-400-ml","status":"publish","type":"product","link":"https:\/\/singuli.wpress.me\/index.php\/proizvod\/bison-sprej-visenamjenski-400-ml\/","title":{"rendered":"BISON, sprej, vi\u0161enamjenski, 400\u00a0ml"},"content":{"rendered":"<p>Vi\u0161enamjensko sredstvo za odr\u017eavanje.<\/p>\n<p>Prikladno za 1001 primjenu \u2013 podmazivanje, za\u0161titu, \u010di\u0161\u0107enje i otpu\u0161tanje u ku\u0107i, radionici, gara\u017ei, dvori\u0161tu, kamp-ku\u0107ici, automobilu i \u010damcu. Prikladno za podmazivanje kliznih vrata, prozora, \u0161arki, zasuna, brava i zup\u010danika. Tako\u0111er za odr\u017eavanje bicikala, motocikala, skutera, strojeva, (vrtnog) alata i sportske opreme. Tako\u0111er za uklanjanje prljav\u0161tine i masno\u0107e s ratkapa, lanaca (za bicikle), mjenja\u010da brzina i le\u017eajeva te otpu\u0161tanje zahr\u0111alih i oksidiranih materijala (za zatezanje) npr. vijaka i \u0161arafa.<\/p>\n","protected":false},"excerpt":{"rendered":"<p>Uklanja prljav\u0161tinu i masno\u0107u<br \/>\nUsporava koroziju<br \/>\nOdbija vlagu<\/p>\n","protected":false},"featured_media":43228,"template":"","meta":{"_seopress_robots_primary_cat":"","_seopress_titles_title":"","_seopress_titles_desc":"","_seopress_robots_index":"","iawp_total_views":0},"product_brand":[494],"product_cat":[264,238],"product_tag":[],"class_list":{"0":"post-43227","1":"product","2":"type-product","3":"status-publish","4":"has-post-thumbnail","6":"product_brand-bison","7":"product_cat-ljepila-i-brtvila-238","8":"product_cat-sve-za-dom","10":"first","11":"instock","12":"shipping-taxable","13":"purchasable","14":"product-type-simple"},"_links":{"self":[{"href":"https:\/\/singuli.wpress.me\/index.php\/wp-json\/wp\/v2\/product\/43227","targetHints":{"allow":["GET"]}}],"collection":[{"href":"https:\/\/singuli.wpress.me\/index.php\/wp-json\/wp\/v2\/product"}],"about":[{"href":"https:\/\/singuli.wpress.me\/index.php\/wp-json\/wp\/v2\/types\/product"}],"version-history":[{"count":0,"href":"https:\/\/singuli.wpress.me\/index.php\/wp-json\/wp\/v2\/product\/43227\/revisions"}],"wp:featuredmedia":[{"embeddable":true,"href":"https:\/\/singuli.wpress.me\/index.php\/wp-json\/wp\/v2\/media\/43228"}],"wp:attachment":[{"href":"https:\/\/singuli.wpress.me\/index.php\/wp-json\/wp\/v2\/media?parent=43227"}],"wp:term":[{"taxonomy":"product_brand","embeddable":true,"href":"https:\/\/singuli.wpress.me\/index.php\/wp-json\/wp\/v2\/product_brand?post=43227"},{"taxonomy":"product_cat","embeddable":true,"href":"https:\/\/singuli.wpress.me\/index.php\/wp-json\/wp\/v2\/product_cat?post=43227"},{"taxonomy":"product_tag","embeddable":true,"href":"https:\/\/singuli.wpress.me\/index.php\/wp-json\/wp\/v2\/product_tag?post=43227"}],"curies":[{"name":"wp","href":"https:\/\/api.w.org\/{rel}","templated":true}]}}