{"id":43230,"date":"2026-04-20T00:28:18","date_gmt":"2026-04-20T00:28:18","guid":{"rendered":"https:\/\/singuli.wpress.me\/index.php\/proizvod\/lenor-fresh-ocean-breeze-lime-omeksivac-37-pranja-925-ml\/"},"modified":"2026-04-21T00:27:23","modified_gmt":"2026-04-21T00:27:23","slug":"lenor-fresh-ocean-breeze-lime-omeksivac-37-pranja-925-ml","status":"publish","type":"product","link":"https:\/\/singuli.wpress.me\/index.php\/proizvod\/lenor-fresh-ocean-breeze-lime-omeksivac-37-pranja-925-ml\/","title":{"rendered":"LENOR Fresh &#8211; Ocean Breeze &amp; Lime, omek\u0161iva\u010d, 37 pranja, 925\u00a0ml"},"content":{"rendered":"<p>Razbu\u0111uju\u0107i svje\u017ei osje\u0107aj. Osvje\u017eite svoje tijelo i um jasnim morskim notama nagla\u0161enim \u017eivahnim bergamotom i limetom. Omek\u0161iva\u010d Lenor Ocean Breeze &amp; Lime pru\u017ea dugotrajnu svje\u017einu za svje\u017eu posteljinu do tjedan dana. Omek\u0161iva\u010d daje osje\u0107aj ugode , poma\u017ee u smanjenju gu\u017evanja i olak\u0161ava gla\u010danje. Osje\u0107ajte se dobro u svim svojim tkaninama uz Lenore najbolju svje\u017einu i meko\u0107u biljnog porijekla.<\/p>\n<p>&#8211; Omek\u0161iva\u010d za rublje koji pru\u017ea dugotrajnu svje\u017einu i osje\u0107aj svje\u017ee posteljine svaku ve\u010der do tjedan dana.<br \/>\n&#8211; Omek\u0161iva\u010d za meko\u0107u i udobnost, manje gu\u017evanja i lak\u0161e gla\u010danje.<br \/>\n&#8211; Dermatolo\u0161ki ispitano<br \/>\n&#8211; Boca je izra\u0111ena od 50% reciklirane plastike<\/p>\n<p>Savjet: Koristite s Ariel deterd\u017eentom za dubinsko \u010di\u0161\u0107enje i uskla\u0111ivanje mirisa.<\/p>\n","protected":false},"excerpt":{"rendered":"<p>S jasnim morskim notama, nagla\u0161enim \u017eivahnim bergamotom i limetom<br \/>\nZa osje\u0107aj meko\u0107e i udobnosti, manje gu\u017evanja i lak\u0161eg gla\u010danja<br \/>\nDermatolo\u0161ki ispitano<\/p>\n","protected":false},"featured_media":43231,"template":"","meta":{"_seopress_robots_primary_cat":"","_seopress_titles_title":"","_seopress_titles_desc":"","_seopress_robots_index":"","iawp_total_views":0},"product_brand":[446],"product_cat":[283,238],"product_tag":[],"class_list":{"0":"post-43230","1":"product","2":"type-product","3":"status-publish","4":"has-post-thumbnail","6":"product_brand-lenor","7":"product_cat-pranje-rublja-238","8":"product_cat-sve-za-dom","10":"first","11":"outofstock","12":"shipping-taxable","13":"purchasable","14":"product-type-simple"},"_links":{"self":[{"href":"https:\/\/singuli.wpress.me\/index.php\/wp-json\/wp\/v2\/product\/43230","targetHints":{"allow":["GET"]}}],"collection":[{"href":"https:\/\/singuli.wpress.me\/index.php\/wp-json\/wp\/v2\/product"}],"about":[{"href":"https:\/\/singuli.wpress.me\/index.php\/wp-json\/wp\/v2\/types\/product"}],"version-history":[{"count":0,"href":"https:\/\/singuli.wpress.me\/index.php\/wp-json\/wp\/v2\/product\/43230\/revisions"}],"wp:featuredmedia":[{"embeddable":true,"href":"https:\/\/singuli.wpress.me\/index.php\/wp-json\/wp\/v2\/media\/43231"}],"wp:attachment":[{"href":"https:\/\/singuli.wpress.me\/index.php\/wp-json\/wp\/v2\/media?parent=43230"}],"wp:term":[{"taxonomy":"product_brand","embeddable":true,"href":"https:\/\/singuli.wpress.me\/index.php\/wp-json\/wp\/v2\/product_brand?post=43230"},{"taxonomy":"product_cat","embeddable":true,"href":"https:\/\/singuli.wpress.me\/index.php\/wp-json\/wp\/v2\/product_cat?post=43230"},{"taxonomy":"product_tag","embeddable":true,"href":"https:\/\/singuli.wpress.me\/index.php\/wp-json\/wp\/v2\/product_tag?post=43230"}],"curies":[{"name":"wp","href":"https:\/\/api.w.org\/{rel}","templated":true}]}}