{"id":43244,"date":"2026-04-20T00:28:28","date_gmt":"2026-04-20T00:28:28","guid":{"rendered":"https:\/\/singuli.wpress.me\/index.php\/proizvod\/braun-combipack-70s-zamjenska-mrezica-i-noz\/"},"modified":"2026-04-20T12:33:51","modified_gmt":"2026-04-20T12:33:51","slug":"braun-combipack-70s-zamjenska-mrezica-i-noz","status":"publish","type":"product","link":"https:\/\/singuli.wpress.me\/index.php\/proizvod\/braun-combipack-70s-zamjenska-mrezica-i-noz\/","title":{"rendered":"BRAUN Combipack 70S, zamjenska mre\u017eica i no\u017e"},"content":{"rendered":"<p><span style=\"font-weight: bold\">Braun Combipack 70S (serija 7, Pulsonic)<\/span> je mre\u017eica za brijanje i no\u017e.<br \/>\nPreporu\u010da se mijenjati mre\u017eicu i o\u0161tricu svakih 18 mjeseci jer se prosje\u010dnom upotrebom tijekom tog vremena ukloni pribli\u017eno 6.000.000 dlaka, \u0161to istro\u0161i o\u0161tricu i mre\u017eicu.<br \/>\nOptiFoil tehnologija: jedinstvena prilagodba mre\u017eice va\u0161em licu, dublja nego ikad prije.<br \/>\nGdje mo\u017eete prona\u0107i broj svog aparata: Na stra\u017enjoj strani aparata, na ku\u0107i\u0161tu ispod bloka no\u017eeva ili ispod nastavka iza trimera za dugu kosu<\/p>\n<p>Prikladno za modele:<br \/>\n&#8211; Serija 7-790cc<br \/>\n&#8211; Serija 7-760<br \/>\n&#8211; Serija 7-730<br \/>\n&#8211; Serija 7-720<br \/>\n&#8211; Pulsonic 9585<br \/>\n&#8211; Pulsonic 9595<\/p>\n","protected":false},"excerpt":{"rendered":"<p>Zamjenska mre\u017eica i o\u0161trica za aparate za brijanje Series 7 i Pulsonic.<br \/>\nBraun preporu\u010duje zamjenu glave brija\u010da svakih 18 mjeseci.<br \/>\nJednostavna zamjena.<\/p>\n","protected":false},"featured_media":43245,"template":"","meta":{"_seopress_robots_primary_cat":"","_seopress_titles_title":"","_seopress_titles_desc":"","_seopress_robots_index":"","iawp_total_views":0},"product_brand":[144],"product_cat":[280,192,279],"product_tag":[],"class_list":{"0":"post-43244","1":"product","2":"type-product","3":"status-publish","4":"has-post-thumbnail","6":"product_brand-braun","7":"product_cat-aparati-za-muskarce-279","8":"product_cat-aparati-za-osobnu-njegu","9":"product_cat-brijanje-i-sisanje-192","11":"first","12":"instock","13":"shipping-taxable","14":"purchasable","15":"product-type-simple"},"_links":{"self":[{"href":"https:\/\/singuli.wpress.me\/index.php\/wp-json\/wp\/v2\/product\/43244","targetHints":{"allow":["GET"]}}],"collection":[{"href":"https:\/\/singuli.wpress.me\/index.php\/wp-json\/wp\/v2\/product"}],"about":[{"href":"https:\/\/singuli.wpress.me\/index.php\/wp-json\/wp\/v2\/types\/product"}],"version-history":[{"count":0,"href":"https:\/\/singuli.wpress.me\/index.php\/wp-json\/wp\/v2\/product\/43244\/revisions"}],"wp:featuredmedia":[{"embeddable":true,"href":"https:\/\/singuli.wpress.me\/index.php\/wp-json\/wp\/v2\/media\/43245"}],"wp:attachment":[{"href":"https:\/\/singuli.wpress.me\/index.php\/wp-json\/wp\/v2\/media?parent=43244"}],"wp:term":[{"taxonomy":"product_brand","embeddable":true,"href":"https:\/\/singuli.wpress.me\/index.php\/wp-json\/wp\/v2\/product_brand?post=43244"},{"taxonomy":"product_cat","embeddable":true,"href":"https:\/\/singuli.wpress.me\/index.php\/wp-json\/wp\/v2\/product_cat?post=43244"},{"taxonomy":"product_tag","embeddable":true,"href":"https:\/\/singuli.wpress.me\/index.php\/wp-json\/wp\/v2\/product_tag?post=43244"}],"curies":[{"name":"wp","href":"https:\/\/api.w.org\/{rel}","templated":true}]}}