{"id":43252,"date":"2026-04-20T00:28:30","date_gmt":"2026-04-20T00:28:30","guid":{"rendered":"https:\/\/singuli.wpress.me\/index.php\/proizvod\/bio-oil-prirodno-ulje-za-kozu-60-ml\/"},"modified":"2026-04-20T12:33:51","modified_gmt":"2026-04-20T12:33:51","slug":"bio-oil-prirodno-ulje-za-kozu-60-ml","status":"publish","type":"product","link":"https:\/\/singuli.wpress.me\/index.php\/proizvod\/bio-oil-prirodno-ulje-za-kozu-60-ml\/","title":{"rendered":"BIO-OIL, prirodno ulje za ko\u017eu, 60\u00a0ml"},"content":{"rendered":"<p>Uz sve ve\u0107u potra\u017enju za proizvodima za njegu ko\u017ee u trudno\u0107i od 100% prirodnih sastojaka, Bio\u2011Oil je razvio proizvod za njegu o\u017eiljaka i strija isklju\u010divo od prirodnih ulja. Rezultati klini\u010dkih ispitivanja pokazali su da je proizvod jednako u\u010dinkovit kao i originalni Bio\u2011Oil proizvod za njegu o\u017eiljaka i strija, i po prvi je puta dokazano da prirodni proizvod po u\u010dinkovitosti odgovara vode\u0107im proizvodima u toj kategoriji. Bio-Oil prirodno\u00ae ulje za njegu ko\u017ee sadr\u017ei 100% prirodne sastojke.<br \/>\nSastoji se od mje\u0161avine prirodnih biljnih ulja, biljnih ekstrakata i eteri\u010dnih ulja, s vitaminima i prirodnim antioksidansima.<br \/>\nU svojoj formuli sadr\u017ei \u0161esnaest sastojaka koji se hladnim mje\u0161anjem u kontroliranim uvjetima sljubljuju u homogeno ulje.<br \/>\nGlavni sastojci su biljna ulja jojobe, ulje sjemenki nara, ulje chia sjemenki i ulje sjemenki inca inchi, eteri\u010dna ulja kamilice, lavande, nevena i pa\u010dulija te vitamin E iz ulja p\u0161eni\u010dnih klica i vitamini iz ulja \u0161ipka.<br \/>\nZahvaljuju\u0107i svom sastavu Bio-Oil prirodno ulje bogato je omega 3 masnim kiselinama antioksidansima i vitaminima, koji poma\u017eu o\u010duvati i pobolj\u0161ati zdravu barijeru ko\u017ee, poma\u017eu u ubla\u017eavanju suho\u0107e ko\u017ee i pove\u0107anju hidratacija, poma\u017eu u smanjenju pojave finih bora i u odr\u017eavanju elasti\u010dnosti ko\u017ee te osiguravaju hidrataciju i pobolj\u0161avaju glatko\u0107u ko\u017ee, poma\u017ee pobolj\u0161ati izgled strija i o\u017eiljaka, te neujedna\u010denog tena i pigmentacijskih mrlja ko\u017ee. Primijenjuje se dva puta dnevno tijekom najmanje tri mjeseca. Tijekom trudno\u0107e trebalo bi ga primjenjivati dva puta dnevno od prvog tromjese\u010dja. Ulje je nemasno i lako se upija, pogodno je za osjetljivu ko\u017eu.<\/p>\n","protected":false},"excerpt":{"rendered":"<p>Bio-Oil ulje za njegu ko\u017ee sastoji se od 100% prirodnih sastojaka<br \/>\nNamijenjeno je za njegu ko\u017ee trudnica i ubla\u017eavanje izgleda o\u017eiljaka i strija.<br \/>\nSamo za vanjsku upotrebu<\/p>\n","protected":false},"featured_media":43253,"template":"","meta":{"_seopress_robots_primary_cat":"","_seopress_titles_title":"","_seopress_titles_desc":"","_seopress_robots_index":"","iawp_total_views":0},"product_brand":[856],"product_cat":[268,278],"product_tag":[],"class_list":{"0":"post-43252","1":"product","2":"type-product","3":"status-publish","4":"has-post-thumbnail","6":"product_brand-bio-oil","7":"product_cat-kozmetika-2","8":"product_cat-njega-tijela-268","10":"first","11":"instock","12":"shipping-taxable","13":"purchasable","14":"product-type-simple"},"_links":{"self":[{"href":"https:\/\/singuli.wpress.me\/index.php\/wp-json\/wp\/v2\/product\/43252","targetHints":{"allow":["GET"]}}],"collection":[{"href":"https:\/\/singuli.wpress.me\/index.php\/wp-json\/wp\/v2\/product"}],"about":[{"href":"https:\/\/singuli.wpress.me\/index.php\/wp-json\/wp\/v2\/types\/product"}],"version-history":[{"count":0,"href":"https:\/\/singuli.wpress.me\/index.php\/wp-json\/wp\/v2\/product\/43252\/revisions"}],"wp:featuredmedia":[{"embeddable":true,"href":"https:\/\/singuli.wpress.me\/index.php\/wp-json\/wp\/v2\/media\/43253"}],"wp:attachment":[{"href":"https:\/\/singuli.wpress.me\/index.php\/wp-json\/wp\/v2\/media?parent=43252"}],"wp:term":[{"taxonomy":"product_brand","embeddable":true,"href":"https:\/\/singuli.wpress.me\/index.php\/wp-json\/wp\/v2\/product_brand?post=43252"},{"taxonomy":"product_cat","embeddable":true,"href":"https:\/\/singuli.wpress.me\/index.php\/wp-json\/wp\/v2\/product_cat?post=43252"},{"taxonomy":"product_tag","embeddable":true,"href":"https:\/\/singuli.wpress.me\/index.php\/wp-json\/wp\/v2\/product_tag?post=43252"}],"curies":[{"name":"wp","href":"https:\/\/api.w.org\/{rel}","templated":true}]}}