{"id":43254,"date":"2026-04-20T00:28:30","date_gmt":"2026-04-20T00:28:30","guid":{"rendered":"https:\/\/singuli.wpress.me\/index.php\/proizvod\/twistshake-duda-pastel-siva-i-bijela-2x0-6m\/"},"modified":"2026-04-20T12:33:51","modified_gmt":"2026-04-20T12:33:51","slug":"twistshake-duda-pastel-siva-i-bijela-2x0-6m","status":"publish","type":"product","link":"https:\/\/singuli.wpress.me\/index.php\/proizvod\/twistshake-duda-pastel-siva-i-bijela-2x0-6m\/","title":{"rendered":"TWISTSHAKE, duda, pastel siva i bijela, 2&#215;0-6m"},"content":{"rendered":"<p> Sigurna i elegantna duda varalica ortodontskog oblika za zdravi razvoj zuba s otvorima za zrak kojima se sprje\u010dava nastanak vla\u017ene i nadra\u017eene ko\u017ee. Sve Twistshake dude su bez BPA! Za djecu od 6+ m.<\/p>\n","protected":false},"excerpt":{"rendered":"<p>Za djecu od 0-6 mjeseci<br \/>\nDudica je dizajnirana tako da se prilagodi svakoj bebi<br \/>\nSupermekan silikon, visoke kvalitete<\/p>\n","protected":false},"featured_media":43255,"template":"","meta":{"_seopress_robots_primary_cat":"","_seopress_titles_title":"","_seopress_titles_desc":"","_seopress_robots_index":"","iawp_total_views":0},"product_brand":[433],"product_cat":[211,286,287],"product_tag":[],"class_list":{"0":"post-43254","1":"product","2":"type-product","3":"status-publish","4":"has-post-thumbnail","6":"product_brand-twistshake","7":"product_cat-njega-majke-i-djeteta","8":"product_cat-oprema-za-bebe-211","9":"product_cat-za-bebe-286","11":"first","12":"outofstock","13":"shipping-taxable","14":"purchasable","15":"product-type-simple"},"_links":{"self":[{"href":"https:\/\/singuli.wpress.me\/index.php\/wp-json\/wp\/v2\/product\/43254","targetHints":{"allow":["GET"]}}],"collection":[{"href":"https:\/\/singuli.wpress.me\/index.php\/wp-json\/wp\/v2\/product"}],"about":[{"href":"https:\/\/singuli.wpress.me\/index.php\/wp-json\/wp\/v2\/types\/product"}],"version-history":[{"count":0,"href":"https:\/\/singuli.wpress.me\/index.php\/wp-json\/wp\/v2\/product\/43254\/revisions"}],"wp:featuredmedia":[{"embeddable":true,"href":"https:\/\/singuli.wpress.me\/index.php\/wp-json\/wp\/v2\/media\/43255"}],"wp:attachment":[{"href":"https:\/\/singuli.wpress.me\/index.php\/wp-json\/wp\/v2\/media?parent=43254"}],"wp:term":[{"taxonomy":"product_brand","embeddable":true,"href":"https:\/\/singuli.wpress.me\/index.php\/wp-json\/wp\/v2\/product_brand?post=43254"},{"taxonomy":"product_cat","embeddable":true,"href":"https:\/\/singuli.wpress.me\/index.php\/wp-json\/wp\/v2\/product_cat?post=43254"},{"taxonomy":"product_tag","embeddable":true,"href":"https:\/\/singuli.wpress.me\/index.php\/wp-json\/wp\/v2\/product_tag?post=43254"}],"curies":[{"name":"wp","href":"https:\/\/api.w.org\/{rel}","templated":true}]}}