{"id":43261,"date":"2026-04-20T00:28:34","date_gmt":"2026-04-20T00:28:34","guid":{"rendered":"https:\/\/singuli.wpress.me\/index.php\/proizvod\/braun-combipack-53b-zamjenska-glava-za-elektricni-brijac\/"},"modified":"2026-04-20T12:33:51","modified_gmt":"2026-04-20T12:33:51","slug":"braun-combipack-53b-zamjenska-glava-za-elektricni-brijac","status":"publish","type":"product","link":"https:\/\/singuli.wpress.me\/index.php\/proizvod\/braun-combipack-53b-zamjenska-glava-za-elektricni-brijac\/","title":{"rendered":"BRAUN Combipack 53B, zamjenska glava za elektri\u010dni brija\u010d"},"content":{"rendered":"<p>Zamjenska glava elektri\u010dnog brija\u010da Braun 53B kompatibilna je s elektri\u010dnim aparatima za brijanje serije 5 i serije 6 (nove generacije).<\/p>\n<p>&#8211; Kako bi rad aparata za brijanje uvijek bio \u0161to u\u010dinkovitiji, preporu\u010damo da glavu brija\u010da zamijenite svakih 18 mjeseci.<br \/>\n&#8211; U 18 mjeseci va\u0161 elektri\u010dni aparat za brijanje Braun o\u0161i\u0161a vi\u0161e od 6.000.000 dlaka, pa njegova u\u010dinkovitost postupno opada.<br \/>\n&#8211; Rutinskom zamjenom glave brija\u010da va\u0161 \u0107e aparat za brijanje ostati \u0161to je mogu\u0107e u\u010dinkovitiji dugi niz godina.<br \/>\n&#8211; Uz jedno malo ulaganje, va\u0161 aparat za brijanje ponovno je kao nov.<br \/>\n&#8211; Napravljeno u Njema\u010dkoj.<\/p>\n<p>U\u010dinkovitost<br \/>\nRutinska zamjena glave aparata za brijanje odr\u017eava va\u0161e brijanje u\u010dinkovitim, s manje poteza i ve\u0107om ugodom na ko\u017ei.<\/p>\n<p>Odr\u017eavajte svoje najbolje brijanje<br \/>\nProsje\u010dni aparat za brijanje Braun o\u0161i\u0161a \u0161est milijuna dlaka svakih 18 mjeseci. To mo\u017ee dovesti do prirodnog tro\u0161enja reznih elemenata glave brija\u010da. Kako biste odr\u017eali najbolje mogu\u0107e brijanje, Braun preporu\u010duje zamjenu glave brija\u010da svakih 18 mjeseci.<\/p>\n<p>Zamjena glave brija\u010da<br \/>\n1. Gurnite stari zamjenski dio s prednje strane prema stra\u017enjoj strani i uklonite ga.<br \/>\n2. Umetnite novu Braun glavu brija\u010da na svoje mjesto tako da sjedne na svoje mjesto i brija\u0107i aparat se vra\u0107a.<\/p>\n","protected":false},"excerpt":{"rendered":"<p>Kompatibilan s elektri\u010dnim aparatima za brijanje serije 5 i serije 6 (nove generacije).<br \/>\nBraun preporu\u010duje zamjenu glave brija\u010da svakih 18 mjeseci.<br \/>\nJednostavna zamjena.<\/p>\n","protected":false},"featured_media":43262,"template":"","meta":{"_seopress_robots_primary_cat":"","_seopress_titles_title":"","_seopress_titles_desc":"","_seopress_robots_index":"","iawp_total_views":0},"product_brand":[144],"product_cat":[280,192,279],"product_tag":[],"class_list":{"0":"post-43261","1":"product","2":"type-product","3":"status-publish","4":"has-post-thumbnail","6":"product_brand-braun","7":"product_cat-aparati-za-muskarce-279","8":"product_cat-aparati-za-osobnu-njegu","9":"product_cat-brijanje-i-sisanje-192","11":"first","12":"outofstock","13":"shipping-taxable","14":"purchasable","15":"product-type-simple"},"_links":{"self":[{"href":"https:\/\/singuli.wpress.me\/index.php\/wp-json\/wp\/v2\/product\/43261","targetHints":{"allow":["GET"]}}],"collection":[{"href":"https:\/\/singuli.wpress.me\/index.php\/wp-json\/wp\/v2\/product"}],"about":[{"href":"https:\/\/singuli.wpress.me\/index.php\/wp-json\/wp\/v2\/types\/product"}],"version-history":[{"count":0,"href":"https:\/\/singuli.wpress.me\/index.php\/wp-json\/wp\/v2\/product\/43261\/revisions"}],"wp:featuredmedia":[{"embeddable":true,"href":"https:\/\/singuli.wpress.me\/index.php\/wp-json\/wp\/v2\/media\/43262"}],"wp:attachment":[{"href":"https:\/\/singuli.wpress.me\/index.php\/wp-json\/wp\/v2\/media?parent=43261"}],"wp:term":[{"taxonomy":"product_brand","embeddable":true,"href":"https:\/\/singuli.wpress.me\/index.php\/wp-json\/wp\/v2\/product_brand?post=43261"},{"taxonomy":"product_cat","embeddable":true,"href":"https:\/\/singuli.wpress.me\/index.php\/wp-json\/wp\/v2\/product_cat?post=43261"},{"taxonomy":"product_tag","embeddable":true,"href":"https:\/\/singuli.wpress.me\/index.php\/wp-json\/wp\/v2\/product_tag?post=43261"}],"curies":[{"name":"wp","href":"https:\/\/api.w.org\/{rel}","templated":true}]}}