{"id":43267,"date":"2026-04-20T00:28:37","date_gmt":"2026-04-20T00:28:37","guid":{"rendered":"https:\/\/singuli.wpress.me\/index.php\/proizvod\/glade-aromatherapy-elektricni-osvjezivac-zraka-naranca-i-cvijet-nerolij-20-ml\/"},"modified":"2026-04-20T12:33:51","modified_gmt":"2026-04-20T12:33:51","slug":"glade-aromatherapy-elektricni-osvjezivac-zraka-naranca-i-cvijet-nerolij-20-ml","status":"publish","type":"product","link":"https:\/\/singuli.wpress.me\/index.php\/proizvod\/glade-aromatherapy-elektricni-osvjezivac-zraka-naranca-i-cvijet-nerolij-20-ml\/","title":{"rendered":"GLADE Aromatherapy, elektri\u010dni osvje\u017eiva\u010d zraka, naran\u010da i cvijet nerolij, 20\u00a0ml"},"content":{"rendered":"<p>Glade\u00ae Aromatherapy electric scented oil Pure Happiness elektri\u010dni osvje\u017eiva\u010d zraka poma\u017ee vam da prona\u0111ete nadahnu\u0107e i inspirirate se uz pomo\u0107 \u017eivopisne mje\u0161avine brazilske naran\u010de i slatkog sjevernoafri\u010dkog cvijeta nerolija, koja u svakom trenutku podi\u017ee razinu va\u0161e energije. <\/p>\n<p>Unesite pozitivnu energiju u va\u0161 dom! Elektri\u010dni osvje\u017eiva\u010d oboga\u0107en je dvostrukom mje\u0161avinom premium esencijalnih ulja, koji ispunjavaju cijelu prostoriju osvje\u017eavaju\u0107im mirisom do \u010dak 100 dana, ako koristite ure\u0111aj 12 sati dnevno pri niskom intenzitetu. <\/p>\n<p>Odabirom intenziteta kreirajte \u017eeljeni ugo\u0111aj u svakoj prostoriji. <\/p>\n<p>Glade\u00ae Aromatherapy elektri\u010dni osvje\u017eiva\u010d zraka sadr\u017ei do dva puta vi\u0161e esencijalnih ulja od prosje\u010dne razine u osnovnim mirisima Glade\u00ae elektri\u010dnih osvje\u017eiva\u010da zraka. <\/p>\n<p>Ova formula ne sadr\u017ei parabene, ftalate, nitro mo\u0161us, boje ili umjetna bojila. <\/p>\n<p>Ambala\u017ea je napravljena u ekolo\u0161kom duhu bez plastike, a izra\u0111ena je od 60 % kori\u0161tenog recikliranog papira.<\/p>\n","protected":false},"excerpt":{"rendered":"<p>Punjenje: miris naran\u010de i cvijeta nerolija<br \/>\nOboga\u0107eno dvostrukom mje\u0161avinom esencijalnih ulja<br \/>\nDo 100 dana mirisa<\/p>\n","protected":false},"featured_media":43268,"template":"","meta":{"_seopress_robots_primary_cat":"","_seopress_titles_title":"","_seopress_titles_desc":"","_seopress_robots_index":"","iawp_total_views":0},"product_brand":[405],"product_cat":[243,272],"product_tag":[],"class_list":{"0":"post-43267","1":"product","2":"type-product","3":"status-publish","4":"has-post-thumbnail","6":"product_brand-glade","7":"product_cat-automobili-i-motori","8":"product_cat-motorna-ulja-243","10":"first","11":"outofstock","12":"shipping-taxable","13":"purchasable","14":"product-type-simple"},"_links":{"self":[{"href":"https:\/\/singuli.wpress.me\/index.php\/wp-json\/wp\/v2\/product\/43267","targetHints":{"allow":["GET"]}}],"collection":[{"href":"https:\/\/singuli.wpress.me\/index.php\/wp-json\/wp\/v2\/product"}],"about":[{"href":"https:\/\/singuli.wpress.me\/index.php\/wp-json\/wp\/v2\/types\/product"}],"version-history":[{"count":0,"href":"https:\/\/singuli.wpress.me\/index.php\/wp-json\/wp\/v2\/product\/43267\/revisions"}],"wp:featuredmedia":[{"embeddable":true,"href":"https:\/\/singuli.wpress.me\/index.php\/wp-json\/wp\/v2\/media\/43268"}],"wp:attachment":[{"href":"https:\/\/singuli.wpress.me\/index.php\/wp-json\/wp\/v2\/media?parent=43267"}],"wp:term":[{"taxonomy":"product_brand","embeddable":true,"href":"https:\/\/singuli.wpress.me\/index.php\/wp-json\/wp\/v2\/product_brand?post=43267"},{"taxonomy":"product_cat","embeddable":true,"href":"https:\/\/singuli.wpress.me\/index.php\/wp-json\/wp\/v2\/product_cat?post=43267"},{"taxonomy":"product_tag","embeddable":true,"href":"https:\/\/singuli.wpress.me\/index.php\/wp-json\/wp\/v2\/product_tag?post=43267"}],"curies":[{"name":"wp","href":"https:\/\/api.w.org\/{rel}","templated":true}]}}