{"id":43296,"date":"2026-04-20T00:28:50","date_gmt":"2026-04-20T00:28:50","guid":{"rendered":"https:\/\/singuli.wpress.me\/index.php\/proizvod\/bison-univerzalno-akrilno-silikonsko-brtvilo-300-ml\/"},"modified":"2026-04-20T12:33:51","modified_gmt":"2026-04-20T12:33:51","slug":"bison-univerzalno-akrilno-silikonsko-brtvilo-300-ml","status":"publish","type":"product","link":"https:\/\/singuli.wpress.me\/index.php\/proizvod\/bison-univerzalno-akrilno-silikonsko-brtvilo-300-ml\/","title":{"rendered":"BISON univerzalno akrilno, silikonsko brtvilo, 300\u00a0ml"},"content":{"rendered":"<p>Akrilno, obojivo brtvilo za izvrsno lijepljenje bez temeljnog premaza. <\/p>\n<p>Vodootporno kada se potpuno stvrdne. Otporno na UV zra\u010denje i sve vremenske prilike. <\/p>\n<p>Za unutarnju i vanjsku upotrebu i otporno na temperature od -20 \u00b0C do +75 \u00b0C. <\/p>\n<p>Trajno elastoplasti\u010dno (maks. 12,5 % rastezanja).<\/p>\n<p>Prikladno za brtvljenje spojeva, \u0161avova i pukotina koji &quot;rade&quot;, odnosno s malo pomicanja na okvirima vrata i prozora, prozorskim klup\u010dicama, drvenim oplatama, stepeni\u0161tima, zidnim lajsnama, zidovima, gipsanim plo\u010dama, stropovima i cjevovodima. Tako\u0111er prikladno za brtvljenje manjih i ve\u0107ih pukotina u zidovima. Ve\u017ee se za opeku, (celularni) beton, zid, \u017ebuku, drvo, metale i ve\u0107inu poroznih podloga. Ne ve\u017ee se za bitumen, PE, PP, PTFE i silikon. Za brtvljenje prozorskih stakala upotrijebite BISON brtvilo za ostakljenja.<\/p>\n<p>Nije prikladno za bitumen, polietilen (PE), polipropilen (PP), PTFE i silikon.<\/p>\n","protected":false},"excerpt":{"rendered":"<p>Lako se obra\u0111uje<br \/>\nLako se nanosi<br \/>\nOtporno na vlagu<\/p>\n","protected":false},"featured_media":43297,"template":"","meta":{"_seopress_robots_primary_cat":"","_seopress_titles_title":"","_seopress_titles_desc":"","_seopress_robots_index":"","iawp_total_views":0},"product_brand":[494],"product_cat":[264,238],"product_tag":[],"class_list":{"0":"post-43296","1":"product","2":"type-product","3":"status-publish","4":"has-post-thumbnail","6":"product_brand-bison","7":"product_cat-ljepila-i-brtvila-238","8":"product_cat-sve-za-dom","10":"first","11":"instock","12":"shipping-taxable","13":"purchasable","14":"product-type-simple"},"_links":{"self":[{"href":"https:\/\/singuli.wpress.me\/index.php\/wp-json\/wp\/v2\/product\/43296","targetHints":{"allow":["GET"]}}],"collection":[{"href":"https:\/\/singuli.wpress.me\/index.php\/wp-json\/wp\/v2\/product"}],"about":[{"href":"https:\/\/singuli.wpress.me\/index.php\/wp-json\/wp\/v2\/types\/product"}],"version-history":[{"count":0,"href":"https:\/\/singuli.wpress.me\/index.php\/wp-json\/wp\/v2\/product\/43296\/revisions"}],"wp:featuredmedia":[{"embeddable":true,"href":"https:\/\/singuli.wpress.me\/index.php\/wp-json\/wp\/v2\/media\/43297"}],"wp:attachment":[{"href":"https:\/\/singuli.wpress.me\/index.php\/wp-json\/wp\/v2\/media?parent=43296"}],"wp:term":[{"taxonomy":"product_brand","embeddable":true,"href":"https:\/\/singuli.wpress.me\/index.php\/wp-json\/wp\/v2\/product_brand?post=43296"},{"taxonomy":"product_cat","embeddable":true,"href":"https:\/\/singuli.wpress.me\/index.php\/wp-json\/wp\/v2\/product_cat?post=43296"},{"taxonomy":"product_tag","embeddable":true,"href":"https:\/\/singuli.wpress.me\/index.php\/wp-json\/wp\/v2\/product_tag?post=43296"}],"curies":[{"name":"wp","href":"https:\/\/api.w.org\/{rel}","templated":true}]}}