{"id":43298,"date":"2026-04-20T00:28:51","date_gmt":"2026-04-20T00:28:51","guid":{"rendered":"https:\/\/singuli.wpress.me\/index.php\/proizvod\/bissell-wash-protect-sredstvo-za-ciscenje-1-5-l\/"},"modified":"2026-04-20T12:33:51","modified_gmt":"2026-04-20T12:33:51","slug":"bissell-wash-protect-sredstvo-za-ciscenje-1-5-l","status":"publish","type":"product","link":"https:\/\/singuli.wpress.me\/index.php\/proizvod\/bissell-wash-protect-sredstvo-za-ciscenje-1-5-l\/","title":{"rendered":"BISSELL Wash &amp; Protect, sredstvo za \u010di\u0161\u0107enje, 1.5\u00a0l"},"content":{"rendered":"<p>Formua Bissell sa StainProtect tehnologijom poma\u017ee u za\u0161titi va\u0161ih tepiha od budu\u0107ih mrlja. S vremenom, uz svakodnevno tro\u0161enje, hodanje i usisavanje, va\u0161a izvorna za\u0161tita nestaje. Me\u0111utim, s na\u0161om formulom koja sadr\u017ei StainProtect, mo\u017eemo vam vratiti tu za\u0161titu. Ova formula s dvostrukim djelovanjem dubinski \u010disti i \u0161titi u jednom jednostavnom koraku, ostavljaju\u0107i va\u0161e tepihe i presvlake \u010distima i svje\u017eima. Ova jedinstvena formula sadr\u017ei tehnologiju kontrole mirisa koja uklanja mirise koje ostavljaju va\u0161i ljubimci i sprje\u010dava da se va\u0161 ljubimac &quot;vrati&quot; na isto mjesto. \u0160ampon za tepihe je univerzalan jer je laboratorijski testiran i dokazano siguran za upotrebu u svim sredstvima za \u010di\u0161\u0107enje tepiha. Koristite ovu formulu u svom Bissell \u010dista\u010du tepiha ili bilo kojem drugom uspravnom \u010dista\u010du tepiha.<\/p>\n","protected":false},"excerpt":{"rendered":"<p>Dubinski \u010disti i uklanja nered od ku\u0107nih ljubimaca<br \/>\nZa\u0161titite svoje tepihe od budu\u0107ih mrlja<br \/>\nJedinstvena formula sadr\u017ei tehnologiju kontrole mirisa<\/p>\n","protected":false},"featured_media":43299,"template":"","meta":{"_seopress_robots_primary_cat":"","_seopress_titles_title":"","_seopress_titles_desc":"","_seopress_robots_index":"","iawp_total_views":0},"product_brand":[819],"product_cat":[160,271],"product_tag":[],"class_list":{"0":"post-43298","1":"product","2":"type-product","3":"status-publish","4":"has-post-thumbnail","6":"product_brand-bissell","7":"product_cat-mali-kucanski-aparati","8":"product_cat-usisavaci-i-ciscenje-160","10":"first","11":"outofstock","12":"shipping-taxable","13":"purchasable","14":"product-type-simple"},"_links":{"self":[{"href":"https:\/\/singuli.wpress.me\/index.php\/wp-json\/wp\/v2\/product\/43298","targetHints":{"allow":["GET"]}}],"collection":[{"href":"https:\/\/singuli.wpress.me\/index.php\/wp-json\/wp\/v2\/product"}],"about":[{"href":"https:\/\/singuli.wpress.me\/index.php\/wp-json\/wp\/v2\/types\/product"}],"version-history":[{"count":0,"href":"https:\/\/singuli.wpress.me\/index.php\/wp-json\/wp\/v2\/product\/43298\/revisions"}],"wp:featuredmedia":[{"embeddable":true,"href":"https:\/\/singuli.wpress.me\/index.php\/wp-json\/wp\/v2\/media\/43299"}],"wp:attachment":[{"href":"https:\/\/singuli.wpress.me\/index.php\/wp-json\/wp\/v2\/media?parent=43298"}],"wp:term":[{"taxonomy":"product_brand","embeddable":true,"href":"https:\/\/singuli.wpress.me\/index.php\/wp-json\/wp\/v2\/product_brand?post=43298"},{"taxonomy":"product_cat","embeddable":true,"href":"https:\/\/singuli.wpress.me\/index.php\/wp-json\/wp\/v2\/product_cat?post=43298"},{"taxonomy":"product_tag","embeddable":true,"href":"https:\/\/singuli.wpress.me\/index.php\/wp-json\/wp\/v2\/product_tag?post=43298"}],"curies":[{"name":"wp","href":"https:\/\/api.w.org\/{rel}","templated":true}]}}