{"id":43311,"date":"2026-04-20T00:29:00","date_gmt":"2026-04-20T00:29:00","guid":{"rendered":"https:\/\/singuli.wpress.me\/index.php\/proizvod\/ambi-pur-car-ocean-mist-osvjezivac-zraka-za-automobil-2\/"},"modified":"2026-04-20T12:33:51","modified_gmt":"2026-04-20T12:33:51","slug":"ambi-pur-car-ocean-mist-osvjezivac-zraka-za-automobil-2","status":"publish","type":"product","link":"https:\/\/singuli.wpress.me\/index.php\/proizvod\/ambi-pur-car-ocean-mist-osvjezivac-zraka-za-automobil-2\/","title":{"rendered":"AMBI PUR CAR Ocean Mist, osvje\u017eiva\u010d zraka za automobil"},"content":{"rendered":"<p>Neka va\u0161 automobil uvijek miri\u0161e svje\u017ee i odi\u0161e dobrodo\u0161licom. Osvje\u017eiva\u010d Ambi Pur Ocean Mist ispunit \u0107e ga svje\u017einom. <\/p>\n<p>Njegova tehnologija Odourclear ne maskira neugodne mirise ve\u0107 ih uistinu uklanja, \u010dak i one najupornije poput mirisa hrane, ku\u0107nih ljubimaca, dima ili otpada, a ostavlja blag, svje\u017e miris, koji traje i do 30 dana. <\/p>\n<p>Osvje\u017eiva\u010d Ambi Pur ne treba baterije ni elektri\u010dnu struju, malen je i diskretan te se lako postavlja na ventilacijski otvor u automobilu, a intenzitet mirisa regulirate uz pomo\u0107 kota\u010di\u0107a.<\/p>\n","protected":false},"excerpt":{"rendered":"<p>Osvje\u017eiva\u010d zraka za automobil<br \/>\nTehnologija Odourclear ne maskira ve\u0107 uistinu uklanja i najupornije neugodne mirise<br \/>\nPostavlja se na ventilacijski otvor<\/p>\n","protected":false},"featured_media":43312,"template":"","meta":{"_seopress_robots_primary_cat":"","_seopress_titles_title":"","_seopress_titles_desc":"","_seopress_robots_index":"","iawp_total_views":0},"product_brand":[769],"product_cat":[243,272],"product_tag":[],"class_list":{"0":"post-43311","1":"product","2":"type-product","3":"status-publish","4":"has-post-thumbnail","6":"product_brand-ambi-pur-car","7":"product_cat-automobili-i-motori","8":"product_cat-motorna-ulja-243","10":"first","11":"outofstock","12":"shipping-taxable","13":"purchasable","14":"product-type-simple"},"_links":{"self":[{"href":"https:\/\/singuli.wpress.me\/index.php\/wp-json\/wp\/v2\/product\/43311","targetHints":{"allow":["GET"]}}],"collection":[{"href":"https:\/\/singuli.wpress.me\/index.php\/wp-json\/wp\/v2\/product"}],"about":[{"href":"https:\/\/singuli.wpress.me\/index.php\/wp-json\/wp\/v2\/types\/product"}],"version-history":[{"count":0,"href":"https:\/\/singuli.wpress.me\/index.php\/wp-json\/wp\/v2\/product\/43311\/revisions"}],"wp:featuredmedia":[{"embeddable":true,"href":"https:\/\/singuli.wpress.me\/index.php\/wp-json\/wp\/v2\/media\/43312"}],"wp:attachment":[{"href":"https:\/\/singuli.wpress.me\/index.php\/wp-json\/wp\/v2\/media?parent=43311"}],"wp:term":[{"taxonomy":"product_brand","embeddable":true,"href":"https:\/\/singuli.wpress.me\/index.php\/wp-json\/wp\/v2\/product_brand?post=43311"},{"taxonomy":"product_cat","embeddable":true,"href":"https:\/\/singuli.wpress.me\/index.php\/wp-json\/wp\/v2\/product_cat?post=43311"},{"taxonomy":"product_tag","embeddable":true,"href":"https:\/\/singuli.wpress.me\/index.php\/wp-json\/wp\/v2\/product_tag?post=43311"}],"curies":[{"name":"wp","href":"https:\/\/api.w.org\/{rel}","templated":true}]}}