{"id":43315,"date":"2026-04-20T00:29:03","date_gmt":"2026-04-20T00:29:03","guid":{"rendered":"https:\/\/singuli.wpress.me\/index.php\/proizvod\/natureta-umak-s-rajcicom-290-g\/"},"modified":"2026-04-20T12:33:51","modified_gmt":"2026-04-20T12:33:51","slug":"natureta-umak-s-rajcicom-290-g","status":"publish","type":"product","link":"https:\/\/singuli.wpress.me\/index.php\/proizvod\/natureta-umak-s-rajcicom-290-g\/","title":{"rendered":"NATURETA, umak, s raj\u010dicom, 290\u00a0g"},"content":{"rendered":"<p>Natureta LU\u0160T umak u va\u0161u kuhinju donosi vrhunski svje\u017ei okus baziran isklju\u010divo na prirodnim sastojcima. <\/p>\n<p>Pod budnim okom Naturetinih kulinarskih majstora, pa\u017eljivo odabrane svje\u017ee ubrane raj\u010dice stapaju se u umak koji \u0107e zadovoljiti i najzahtjevnije nepce. <\/p>\n<p>Osim \u0161to je ovaj umak jednostavan za pripremu i stvoren za potpuni sklad s bilo kojom vrstom tjestenine, sadr\u017ei samo prirodne \u0161e\u0107ere. Samo ga zagrijte i u\u017eivajte.<\/p>\n","protected":false},"excerpt":{"rendered":"<p>Izvrstan okus<br \/>\nTradicionalna receptura<br \/>\nJednostavna priprema<\/p>\n","protected":false},"featured_media":43316,"template":"","meta":{"_seopress_robots_primary_cat":"","_seopress_titles_title":"","_seopress_titles_desc":"","_seopress_robots_index":"","iawp_total_views":0},"product_brand":[811],"product_cat":[261,299],"product_tag":[],"class_list":{"0":"post-43315","1":"product","2":"type-product","3":"status-publish","4":"has-post-thumbnail","6":"product_brand-natureta","7":"product_cat-hrana-i-pice","8":"product_cat-konzervirana-i-gotova-hrana-261","10":"first","11":"outofstock","12":"shipping-taxable","13":"purchasable","14":"product-type-simple"},"_links":{"self":[{"href":"https:\/\/singuli.wpress.me\/index.php\/wp-json\/wp\/v2\/product\/43315","targetHints":{"allow":["GET"]}}],"collection":[{"href":"https:\/\/singuli.wpress.me\/index.php\/wp-json\/wp\/v2\/product"}],"about":[{"href":"https:\/\/singuli.wpress.me\/index.php\/wp-json\/wp\/v2\/types\/product"}],"version-history":[{"count":0,"href":"https:\/\/singuli.wpress.me\/index.php\/wp-json\/wp\/v2\/product\/43315\/revisions"}],"wp:featuredmedia":[{"embeddable":true,"href":"https:\/\/singuli.wpress.me\/index.php\/wp-json\/wp\/v2\/media\/43316"}],"wp:attachment":[{"href":"https:\/\/singuli.wpress.me\/index.php\/wp-json\/wp\/v2\/media?parent=43315"}],"wp:term":[{"taxonomy":"product_brand","embeddable":true,"href":"https:\/\/singuli.wpress.me\/index.php\/wp-json\/wp\/v2\/product_brand?post=43315"},{"taxonomy":"product_cat","embeddable":true,"href":"https:\/\/singuli.wpress.me\/index.php\/wp-json\/wp\/v2\/product_cat?post=43315"},{"taxonomy":"product_tag","embeddable":true,"href":"https:\/\/singuli.wpress.me\/index.php\/wp-json\/wp\/v2\/product_tag?post=43315"}],"curies":[{"name":"wp","href":"https:\/\/api.w.org\/{rel}","templated":true}]}}