{"id":43317,"date":"2026-04-20T00:29:04","date_gmt":"2026-04-20T00:29:04","guid":{"rendered":"https:\/\/singuli.wpress.me\/index.php\/proizvod\/lenor-sensitive-omeksivac-64-pranja-1-6-l\/"},"modified":"2026-04-20T12:33:51","modified_gmt":"2026-04-20T12:33:51","slug":"lenor-sensitive-omeksivac-64-pranja-1-6-l","status":"publish","type":"product","link":"https:\/\/singuli.wpress.me\/index.php\/proizvod\/lenor-sensitive-omeksivac-64-pranja-1-6-l\/","title":{"rendered":"LENOR Sensitive, omek\u0161iva\u010d, 64 pranja, 1.6\u00a0l"},"content":{"rendered":"<p>Omek\u0161iva\u010d rublja Lenor Sensitive omogu\u0107ava vam da u\u017eivate u bo\u017eanstvenoj meko\u0107i i blagom mirisu osmi\u0161ljenom za osjetljivu ko\u017eu. <\/p>\n<p>Lenor Sensitive ima certifikat Europske zaklade za istra\u017eivanje alergija (ECARF).    <\/p>\n<p>Boca se mo\u017ee ponovno reciklirati. Koristite u kombinaciji s deterd\u017eentom Lenor za dubinsko \u010di\u0161\u0107enje i uskla\u0111en miris.<\/p>\n","protected":false},"excerpt":{"rendered":"<p>Hipoalergen, dermatolo\u0161ki odobren omek\u0161iva\u010d rublja<br \/>\nMekana mirisna odje\u0107a koju je u\u017eitak nositi<br \/>\nUgodan i nje\u017ean miris<\/p>\n","protected":false},"featured_media":43318,"template":"","meta":{"_seopress_robots_primary_cat":"","_seopress_titles_title":"","_seopress_titles_desc":"","_seopress_robots_index":"","iawp_total_views":0},"product_brand":[446],"product_cat":[283,238],"product_tag":[],"class_list":{"0":"post-43317","1":"product","2":"type-product","3":"status-publish","4":"has-post-thumbnail","6":"product_brand-lenor","7":"product_cat-pranje-rublja-238","8":"product_cat-sve-za-dom","10":"first","11":"outofstock","12":"shipping-taxable","13":"purchasable","14":"product-type-simple"},"_links":{"self":[{"href":"https:\/\/singuli.wpress.me\/index.php\/wp-json\/wp\/v2\/product\/43317","targetHints":{"allow":["GET"]}}],"collection":[{"href":"https:\/\/singuli.wpress.me\/index.php\/wp-json\/wp\/v2\/product"}],"about":[{"href":"https:\/\/singuli.wpress.me\/index.php\/wp-json\/wp\/v2\/types\/product"}],"version-history":[{"count":0,"href":"https:\/\/singuli.wpress.me\/index.php\/wp-json\/wp\/v2\/product\/43317\/revisions"}],"wp:featuredmedia":[{"embeddable":true,"href":"https:\/\/singuli.wpress.me\/index.php\/wp-json\/wp\/v2\/media\/43318"}],"wp:attachment":[{"href":"https:\/\/singuli.wpress.me\/index.php\/wp-json\/wp\/v2\/media?parent=43317"}],"wp:term":[{"taxonomy":"product_brand","embeddable":true,"href":"https:\/\/singuli.wpress.me\/index.php\/wp-json\/wp\/v2\/product_brand?post=43317"},{"taxonomy":"product_cat","embeddable":true,"href":"https:\/\/singuli.wpress.me\/index.php\/wp-json\/wp\/v2\/product_cat?post=43317"},{"taxonomy":"product_tag","embeddable":true,"href":"https:\/\/singuli.wpress.me\/index.php\/wp-json\/wp\/v2\/product_tag?post=43317"}],"curies":[{"name":"wp","href":"https:\/\/api.w.org\/{rel}","templated":true}]}}