{"id":43320,"date":"2026-04-20T00:29:09","date_gmt":"2026-04-20T00:29:09","guid":{"rendered":"https:\/\/singuli.wpress.me\/index.php\/proizvod\/helix-hx7-dis-10w40-motorno-ulje-za-osobna-vozila-12x1l-12-l\/"},"modified":"2026-04-20T12:33:51","modified_gmt":"2026-04-20T12:33:51","slug":"helix-hx7-dis-10w40-motorno-ulje-za-osobna-vozila-12x1l-12-l","status":"publish","type":"product","link":"https:\/\/singuli.wpress.me\/index.php\/proizvod\/helix-hx7-dis-10w40-motorno-ulje-za-osobna-vozila-12x1l-12-l\/","title":{"rendered":"HELIX  HX7 DIS. 10W40, motorno ulje za osobna vozila, 12x1l, 12\u00a0l"},"content":{"rendered":"<p>Motorno ulje sinteti\u010dke osnove. <\/p>\n<p>Poma\u017ee odr\u017eavati dizelski motor \u010distim i u\u010dinkovitim srje\u010davaju\u0107i nastajanje naslaga i taloga prljav\u0161tine. <\/p>\n<p>Pogodno je za \u0161irok izbor modernih slu\u017ebenih vozila koja se voze u zahtjevnim prometnim uvjetima.<\/p>\n<p><span style=\"font-weight: bold\">Specifikacija:<\/span> API CF, ACEA A3\/B4, MB odobrenje 229.3, VW standard 505.00, Renault RN 0710.    <\/p>\n","protected":false},"excerpt":{"rendered":"<p>Pove\u0107ana \u010disto\u0107a motora<br \/>\n\u0160titi od prljav\u0161tine<br \/>\nSpecifikacija u opisu<\/p>\n","protected":false},"featured_media":43321,"template":"","meta":{"_seopress_robots_primary_cat":"","_seopress_titles_title":"","_seopress_titles_desc":"","_seopress_robots_index":"","iawp_total_views":0},"product_brand":[398],"product_cat":[243,272],"product_tag":[],"class_list":{"0":"post-43320","1":"product","2":"type-product","3":"status-publish","4":"has-post-thumbnail","6":"product_brand-helix","7":"product_cat-automobili-i-motori","8":"product_cat-motorna-ulja-243","10":"first","11":"instock","12":"shipping-taxable","13":"purchasable","14":"product-type-simple"},"_links":{"self":[{"href":"https:\/\/singuli.wpress.me\/index.php\/wp-json\/wp\/v2\/product\/43320","targetHints":{"allow":["GET"]}}],"collection":[{"href":"https:\/\/singuli.wpress.me\/index.php\/wp-json\/wp\/v2\/product"}],"about":[{"href":"https:\/\/singuli.wpress.me\/index.php\/wp-json\/wp\/v2\/types\/product"}],"version-history":[{"count":0,"href":"https:\/\/singuli.wpress.me\/index.php\/wp-json\/wp\/v2\/product\/43320\/revisions"}],"wp:featuredmedia":[{"embeddable":true,"href":"https:\/\/singuli.wpress.me\/index.php\/wp-json\/wp\/v2\/media\/43321"}],"wp:attachment":[{"href":"https:\/\/singuli.wpress.me\/index.php\/wp-json\/wp\/v2\/media?parent=43320"}],"wp:term":[{"taxonomy":"product_brand","embeddable":true,"href":"https:\/\/singuli.wpress.me\/index.php\/wp-json\/wp\/v2\/product_brand?post=43320"},{"taxonomy":"product_cat","embeddable":true,"href":"https:\/\/singuli.wpress.me\/index.php\/wp-json\/wp\/v2\/product_cat?post=43320"},{"taxonomy":"product_tag","embeddable":true,"href":"https:\/\/singuli.wpress.me\/index.php\/wp-json\/wp\/v2\/product_tag?post=43320"}],"curies":[{"name":"wp","href":"https:\/\/api.w.org\/{rel}","templated":true}]}}