{"id":43323,"date":"2026-04-20T00:29:09","date_gmt":"2026-04-20T00:29:09","guid":{"rendered":"https:\/\/singuli.wpress.me\/index.php\/proizvod\/john-deere-cool-gard-ii-rashladna-tekucina-20-l\/"},"modified":"2026-04-20T12:33:51","modified_gmt":"2026-04-20T12:33:51","slug":"john-deere-cool-gard-ii-rashladna-tekucina-20-l","status":"publish","type":"product","link":"https:\/\/singuli.wpress.me\/index.php\/proizvod\/john-deere-cool-gard-ii-rashladna-tekucina-20-l\/","title":{"rendered":"JOHN DEERE Cool-Gard II, rashladna teku\u0107ina, 20\u00a0l"},"content":{"rendered":"<p>John Deere Cool-Gard II je rashladna teku\u0107ina za motore koja \u0161titi od korozije, kavitacije i visokih toplinskih optere\u0107enja, osigurava dugotrajnu stabilnost i u\u010dinkovit rad motora te smanjuje tro\u0161kove odr\u017eavanja kroz produ\u017eene intervale servisa.<\/p>\n","protected":false},"excerpt":{"rendered":"<p>Pru\u017ea vrhunsku obranu od korozije i kavitacije<br \/>\nRazvijena da izdr\u017ei ekstremna toplinska optere\u0107enja<br \/>\nZahvaljuju\u0107i formuli za produ\u017eene intervale zamjene<\/p>\n","protected":false},"featured_media":43324,"template":"","meta":{"_seopress_robots_primary_cat":"","_seopress_titles_title":"","_seopress_titles_desc":"","_seopress_robots_index":"","iawp_total_views":0},"product_brand":[822],"product_cat":[243,315],"product_tag":[],"class_list":{"0":"post-43323","1":"product","2":"type-product","3":"status-publish","4":"has-post-thumbnail","6":"product_brand-john-deere","7":"product_cat-automobili-i-motori","8":"product_cat-rashladne-tekucine-243","10":"first","11":"instock","12":"shipping-taxable","13":"purchasable","14":"product-type-simple"},"_links":{"self":[{"href":"https:\/\/singuli.wpress.me\/index.php\/wp-json\/wp\/v2\/product\/43323","targetHints":{"allow":["GET"]}}],"collection":[{"href":"https:\/\/singuli.wpress.me\/index.php\/wp-json\/wp\/v2\/product"}],"about":[{"href":"https:\/\/singuli.wpress.me\/index.php\/wp-json\/wp\/v2\/types\/product"}],"version-history":[{"count":0,"href":"https:\/\/singuli.wpress.me\/index.php\/wp-json\/wp\/v2\/product\/43323\/revisions"}],"wp:featuredmedia":[{"embeddable":true,"href":"https:\/\/singuli.wpress.me\/index.php\/wp-json\/wp\/v2\/media\/43324"}],"wp:attachment":[{"href":"https:\/\/singuli.wpress.me\/index.php\/wp-json\/wp\/v2\/media?parent=43323"}],"wp:term":[{"taxonomy":"product_brand","embeddable":true,"href":"https:\/\/singuli.wpress.me\/index.php\/wp-json\/wp\/v2\/product_brand?post=43323"},{"taxonomy":"product_cat","embeddable":true,"href":"https:\/\/singuli.wpress.me\/index.php\/wp-json\/wp\/v2\/product_cat?post=43323"},{"taxonomy":"product_tag","embeddable":true,"href":"https:\/\/singuli.wpress.me\/index.php\/wp-json\/wp\/v2\/product_tag?post=43323"}],"curies":[{"name":"wp","href":"https:\/\/api.w.org\/{rel}","templated":true}]}}