{"id":43327,"date":"2026-04-20T00:29:10","date_gmt":"2026-04-20T00:29:10","guid":{"rendered":"https:\/\/singuli.wpress.me\/index.php\/proizvod\/oral-b-io6-elektricna-cetkica-za-zube-crna\/"},"modified":"2026-04-20T12:33:51","modified_gmt":"2026-04-20T12:33:51","slug":"oral-b-io6-elektricna-cetkica-za-zube-crna","status":"publish","type":"product","link":"https:\/\/singuli.wpress.me\/index.php\/proizvod\/oral-b-io6-elektricna-cetkica-za-zube-crna\/","title":{"rendered":"ORAL-B iO6, elektri\u010dna \u010detkica za zube, crna"},"content":{"rendered":"<p>Oral-B predstavlja jedinstveno iskustvo \u010detkanja, koje je rezultat na\u0161eg dubinskog istra\u017eivanja i razvoja. To nije samo napredna tehnologija, ve\u0107 rezultat majstorskog in\u017eenjeringa, koji omogu\u0107uje najtemeljitije, nje\u017eno i najti\u0161e \u010detkanje ikada. S dizajnom ove \u010detkice za zube pomaknuli su granice dizajna, budu\u0107i da su razvili izuzetno atraktivan proizvod elegantnog izgleda, koji je kreiran posebno za najpo\u017eeljniju tehnologiju.<\/p>\n<p>Inovativni iO sustav magnetskog pogona precizno isporu\u010duje energiju vrhovima \u010dekinja, koje klize od zuba do zuba uz nje\u017ene mikrovibracije, stvaraju\u0107i u\u010dinkovito i ugodno iskustvo \u010di\u0161\u0107enja. Sofisticirani pametni senzor pritiska upozorava vas kada pravilno \u010detkate zube, \u010dime se osigurava za\u0161tita desni. iO tehnologiju karakterizira i interaktivni OLED zaslon koji omogu\u0107uje osobno prilago\u0111eno vo\u0111enje tijekom pranja zuba u stvarnom vremenu i prilago\u0111ene postavke \u010detkice.<\/p>\n<p>Umjetna inteligencija Oral-B iO prepoznaje 6 podru\u010dja u ustima i vodi vas do najtemeljitijeg \u010di\u0161\u0107enja u aplikaciji Oral-B. Istodobno, iO tehnologija uklju\u010duje magnetski punja\u010d za oko 3 sata brzog punjenja i vrhunsku putnu torbicu. Do\u017eivite pranje zubi na druga\u010diji na\u010din koji \u0107ete vidjeti, \u010duti i osjetiti.<\/p>\n<p>&#8211; iO tehnologija kombinira kultnu Oral-B okruglu glavu \u010detkice s jedinstveno nje\u017enim mikrovibracijama za 100% zdravije desni u jednom tjednu i do 100% u\u010dinkovitije uklanjanje naslaga u usporedbi s obi\u010dnom ru\u010dnom \u010detkicom za zube<br \/>\n&#8211; 5 NA\u010cINA \u010cETKANJA za osobnu prilagodbu \u010detkanja: svakodnevno \u010di\u0161\u0107enje, nje\u017eno \u010di\u0161\u0107enje, njega desni, intenzivno \u010di\u0161\u0107enje, izbjeljivanje<br \/>\n&#8211; PAMETNI SENZOR PRITISKA upozorava vas crvenim, bijelim ili zelenim svjetlom ako \u010detkate prejako, prenje\u017eno ili s pravim pritiskom<br \/>\n&#8211; INTERAKTIVNI OLED ZASLON prikazuje klju\u010dne informacije uklju\u010duju\u0107i na\u010dine \u010detkanja i podsjetnik za zamjenu nastavka, pozdravlja vas kada ga uklju\u010dite i nagra\u0111uje vas osmijehom kada uspje\u0161no operete zube<\/p>\n<p>Tehni\u010dki detalji:<br \/>\n&#8211; Tip: Rotacijsko-osciliraju\u0107i<br \/>\n&#8211; Broj programa: 5<br \/>\n&#8211; Broj pokreta u minuti: 8700<br \/>\n&#8211; Detekcija polo\u017eaja: Da<br \/>\n&#8211; Umjetna inteligencija: Da<br \/>\n&#8211; Baterija: litij-ionska<br \/>\n&#8211; Crna boja<br \/>\n&#8211; Sadr\u017eaj: 1 iO6 ru\u010dka \u010detke s dodatkom Ultimate Clean, 1 putna torbica, 1 punja\u010d<\/p>\n<p>Jamstvo: 2 godine<\/p>\n","protected":false},"excerpt":{"rendered":"<p>Oral-B naju\u010dinkovitije \u010di\u0161\u0107enje s revolucionarnom iO magnetskom tehnologijom<br \/>\n5 pametnih na\u010dina \u010detkanja: dnevno \u010di\u0161\u0107enje, nje\u017eno \u010di\u0161\u0107enje, njega desni, intenzivno \u010di\u0161\u0107enje, izbjeljivanje<br \/>\nSadr\u017eaj: 1 iO6 dr\u017ea\u010d \u010detkice s dodatkom Ultimate Clean, 1 putna torbica, 1 punja\u010d<\/p>\n","protected":false},"featured_media":43328,"template":"","meta":{"_seopress_robots_primary_cat":"","_seopress_titles_title":"","_seopress_titles_desc":"","_seopress_robots_index":"","iawp_total_views":0},"product_brand":[423],"product_cat":[293,192,292],"product_tag":[],"class_list":{"0":"post-43327","1":"product","2":"type-product","3":"status-publish","4":"has-post-thumbnail","6":"product_brand-oral-b-2","7":"product_cat-aparati-za-djecu-i-odrasle-292","8":"product_cat-aparati-za-osobnu-njegu","9":"product_cat-oralna-higijena-uredaji-192","11":"first","12":"instock","13":"shipping-taxable","14":"purchasable","15":"product-type-simple"},"_links":{"self":[{"href":"https:\/\/singuli.wpress.me\/index.php\/wp-json\/wp\/v2\/product\/43327","targetHints":{"allow":["GET"]}}],"collection":[{"href":"https:\/\/singuli.wpress.me\/index.php\/wp-json\/wp\/v2\/product"}],"about":[{"href":"https:\/\/singuli.wpress.me\/index.php\/wp-json\/wp\/v2\/types\/product"}],"version-history":[{"count":0,"href":"https:\/\/singuli.wpress.me\/index.php\/wp-json\/wp\/v2\/product\/43327\/revisions"}],"wp:featuredmedia":[{"embeddable":true,"href":"https:\/\/singuli.wpress.me\/index.php\/wp-json\/wp\/v2\/media\/43328"}],"wp:attachment":[{"href":"https:\/\/singuli.wpress.me\/index.php\/wp-json\/wp\/v2\/media?parent=43327"}],"wp:term":[{"taxonomy":"product_brand","embeddable":true,"href":"https:\/\/singuli.wpress.me\/index.php\/wp-json\/wp\/v2\/product_brand?post=43327"},{"taxonomy":"product_cat","embeddable":true,"href":"https:\/\/singuli.wpress.me\/index.php\/wp-json\/wp\/v2\/product_cat?post=43327"},{"taxonomy":"product_tag","embeddable":true,"href":"https:\/\/singuli.wpress.me\/index.php\/wp-json\/wp\/v2\/product_tag?post=43327"}],"curies":[{"name":"wp","href":"https:\/\/api.w.org\/{rel}","templated":true}]}}