{"id":43365,"date":"2026-04-20T00:29:22","date_gmt":"2026-04-20T00:29:22","guid":{"rendered":"https:\/\/singuli.wpress.me\/index.php\/proizvod\/jar-clean-fresh-apple-tekuci-deterdzent-za-pranje-suda-900-ml\/"},"modified":"2026-04-20T12:33:51","modified_gmt":"2026-04-20T12:33:51","slug":"jar-clean-fresh-apple-tekuci-deterdzent-za-pranje-suda-900-ml","status":"publish","type":"product","link":"https:\/\/singuli.wpress.me\/index.php\/proizvod\/jar-clean-fresh-apple-tekuci-deterdzent-za-pranje-suda-900-ml\/","title":{"rendered":"JAR Clean &amp; Fresh Apple , teku\u0107i deterd\u017eent za pranje su\u0111a, 900\u00a0ml"},"content":{"rendered":"<p>ar Clean &amp; Fresh teku\u0107i deterd\u017eent za pranje posu\u0111a osigurava blistavo \u010disto posu\u0111e i ispunjava va\u0161u kuhinju laganim, \u010distim i svje\u017eim mirisom koji se \u0161iri iz sudopera.<\/p>\n<p>&#8211; Nenadma\u0161na svje\u017eina oko sudopera tijekom pranja.<br \/>\n&#8211; Bogata formula za blistavo \u010disto posu\u0111e, sna\u017eno odma\u0161\u0107ivanje i prekrasan vo\u0107ni i cvjetni miris.<br \/>\n&#8211; Nje\u017ean za ko\u017eu, nisu potrebne gumene rukavice.<br \/>\n&#8211; Teku\u0107i deterd\u017eent za pranje posu\u0111a Jar Clean &amp; Fresh toliko je koncentriran da je za pranje potrebno samo 3 ml deterd\u017eenta u 5 litara vode.<\/p>\n<p>Dostupan u razli\u010ditim veli\u010dinama i s razli\u010ditim mirisima poput jabuke, citrusa, naran\u010de i grejpa s mentom.<\/p>\n<p>Isprobajte i Jar Platinum sveukupne kapsule za pranje posu\u0111a za svjetlucavo posu\u0111e i sjajnu perilicu posu\u0111a.<\/p>\n","protected":false},"excerpt":{"rendered":"<p>S bogatom formulom za sjajno posu\u0111e, u\u010dinkovitim odma\u0161\u0107ivanjem i prekrasnim vo\u0107nim i cvjetnim mirisom<br \/>\nDeterd\u017eent je toliko koncentriran da je dovoljna samo jedna kap<br \/>\nNje\u017ean prema ko\u017ei, nisu potrebne gumene rukavice<\/p>\n","protected":false},"featured_media":43366,"template":"","meta":{"_seopress_robots_primary_cat":"","_seopress_titles_title":"","_seopress_titles_desc":"","_seopress_robots_index":"","iawp_total_views":0},"product_brand":[454],"product_cat":[314,238],"product_tag":[],"class_list":{"0":"post-43365","1":"product","2":"type-product","3":"status-publish","4":"has-post-thumbnail","6":"product_brand-jar","7":"product_cat-pranje-posuda-238","8":"product_cat-sve-za-dom","10":"first","11":"outofstock","12":"shipping-taxable","13":"purchasable","14":"product-type-simple"},"_links":{"self":[{"href":"https:\/\/singuli.wpress.me\/index.php\/wp-json\/wp\/v2\/product\/43365","targetHints":{"allow":["GET"]}}],"collection":[{"href":"https:\/\/singuli.wpress.me\/index.php\/wp-json\/wp\/v2\/product"}],"about":[{"href":"https:\/\/singuli.wpress.me\/index.php\/wp-json\/wp\/v2\/types\/product"}],"version-history":[{"count":0,"href":"https:\/\/singuli.wpress.me\/index.php\/wp-json\/wp\/v2\/product\/43365\/revisions"}],"wp:featuredmedia":[{"embeddable":true,"href":"https:\/\/singuli.wpress.me\/index.php\/wp-json\/wp\/v2\/media\/43366"}],"wp:attachment":[{"href":"https:\/\/singuli.wpress.me\/index.php\/wp-json\/wp\/v2\/media?parent=43365"}],"wp:term":[{"taxonomy":"product_brand","embeddable":true,"href":"https:\/\/singuli.wpress.me\/index.php\/wp-json\/wp\/v2\/product_brand?post=43365"},{"taxonomy":"product_cat","embeddable":true,"href":"https:\/\/singuli.wpress.me\/index.php\/wp-json\/wp\/v2\/product_cat?post=43365"},{"taxonomy":"product_tag","embeddable":true,"href":"https:\/\/singuli.wpress.me\/index.php\/wp-json\/wp\/v2\/product_tag?post=43365"}],"curies":[{"name":"wp","href":"https:\/\/api.w.org\/{rel}","templated":true}]}}