{"id":43367,"date":"2026-04-20T00:29:23","date_gmt":"2026-04-20T00:29:23","guid":{"rendered":"https:\/\/singuli.wpress.me\/index.php\/proizvod\/oral-b-ortho-care-essentials-zamjenske-glave-za-cetkicu-3-kom\/"},"modified":"2026-04-20T12:33:51","modified_gmt":"2026-04-20T12:33:51","slug":"oral-b-ortho-care-essentials-zamjenske-glave-za-cetkicu-3-kom","status":"publish","type":"product","link":"https:\/\/singuli.wpress.me\/index.php\/proizvod\/oral-b-ortho-care-essentials-zamjenske-glave-za-cetkicu-3-kom\/","title":{"rendered":"ORAL-B Ortho Care Essentials, zamjenske glave za \u010detkicu, 3\u00a0kom"},"content":{"rendered":"<p>Komplet Oral-B Ortho Care Essentials sadr\u017ei 3 zamjenske glave zubne \u010detkice za u\u010dinkovito i prakti\u010dno \u010di\u0161\u0107enje i odr\u017eavanje ortodontskih zubnih aparati\u0107a.<br \/>\nOve glave \u010detkice osmi\u0161ljene su za korisnike elektri\u010dne zubne \u010detkice koji nose ortodontske aparati\u0107e.<\/p>\n","protected":false},"excerpt":{"rendered":"<p>Pru\u017ea u\u010dinkovito i prakti\u010dno \u010di\u0161\u0107enje<br \/>\nStru\u010dna njega za zube na koje je postavljen aparati\u0107<br \/>\nKompatibilno sa svim elektri\u010dnim zubnim \u010detkicama Oral-B, osim \u010detkica Oral-B sa soni\u010dnom tehnologijom<\/p>\n","protected":false},"featured_media":43368,"template":"","meta":{"_seopress_robots_primary_cat":"","_seopress_titles_title":"","_seopress_titles_desc":"","_seopress_robots_index":"","iawp_total_views":0},"product_brand":[423],"product_cat":[192,207,209],"product_tag":[],"class_list":{"0":"post-43367","1":"product","2":"type-product","3":"status-publish","4":"has-post-thumbnail","6":"product_brand-oral-b-2","7":"product_cat-aparati-za-osobnu-njegu","8":"product_cat-oralna-higijena","9":"product_cat-zamjenske-glave","11":"first","12":"outofstock","13":"shipping-taxable","14":"purchasable","15":"product-type-simple"},"_links":{"self":[{"href":"https:\/\/singuli.wpress.me\/index.php\/wp-json\/wp\/v2\/product\/43367","targetHints":{"allow":["GET"]}}],"collection":[{"href":"https:\/\/singuli.wpress.me\/index.php\/wp-json\/wp\/v2\/product"}],"about":[{"href":"https:\/\/singuli.wpress.me\/index.php\/wp-json\/wp\/v2\/types\/product"}],"version-history":[{"count":0,"href":"https:\/\/singuli.wpress.me\/index.php\/wp-json\/wp\/v2\/product\/43367\/revisions"}],"wp:featuredmedia":[{"embeddable":true,"href":"https:\/\/singuli.wpress.me\/index.php\/wp-json\/wp\/v2\/media\/43368"}],"wp:attachment":[{"href":"https:\/\/singuli.wpress.me\/index.php\/wp-json\/wp\/v2\/media?parent=43367"}],"wp:term":[{"taxonomy":"product_brand","embeddable":true,"href":"https:\/\/singuli.wpress.me\/index.php\/wp-json\/wp\/v2\/product_brand?post=43367"},{"taxonomy":"product_cat","embeddable":true,"href":"https:\/\/singuli.wpress.me\/index.php\/wp-json\/wp\/v2\/product_cat?post=43367"},{"taxonomy":"product_tag","embeddable":true,"href":"https:\/\/singuli.wpress.me\/index.php\/wp-json\/wp\/v2\/product_tag?post=43367"}],"curies":[{"name":"wp","href":"https:\/\/api.w.org\/{rel}","templated":true}]}}