{"id":43375,"date":"2026-04-20T00:29:25","date_gmt":"2026-04-20T00:29:25","guid":{"rendered":"https:\/\/singuli.wpress.me\/index.php\/proizvod\/gillette-proglide-brijac-s-zamjenskim-britvicama-4-kom\/"},"modified":"2026-04-20T12:33:51","modified_gmt":"2026-04-20T12:33:51","slug":"gillette-proglide-brijac-s-zamjenskim-britvicama-4-kom","status":"publish","type":"product","link":"https:\/\/singuli.wpress.me\/index.php\/proizvod\/gillette-proglide-brijac-s-zamjenskim-britvicama-4-kom\/","title":{"rendered":"GILLETTE ProGlide, brija\u010d s zamjenskim britvicama, 4\u00a0kom"},"content":{"rendered":"<p>Brija\u010d za mu\u0161karce Gillette ProGlide s tehnologijom FlexBall reagira na obrise lica, za beskompromisnu ugodnost i preciznost. <\/p>\n<p>Brija\u010d ima o\u0161trice postavljene blizu jedna drugoj, za nevjerojatno ugodno brijanje, i precizni trimer sa stra\u017enje strane tako da se mo\u017eete zaista temeljito obrijati.<\/p>\n","protected":false},"excerpt":{"rendered":"<p>Dr\u0161ka s tehnologijom Flexball prilago\u0111ava se konturama lica<br \/>\n5 o\u0161trica koje umanjuju trenje<br \/>\nPrecizni trimer za kompliciranija mjesta<\/p>\n","protected":false},"featured_media":43376,"template":"","meta":{"_seopress_robots_primary_cat":"","_seopress_titles_title":"","_seopress_titles_desc":"","_seopress_robots_index":"","iawp_total_views":0},"product_brand":[323],"product_cat":[280,192,279],"product_tag":[],"class_list":{"0":"post-43375","1":"product","2":"type-product","3":"status-publish","4":"has-post-thumbnail","6":"product_brand-gillette","7":"product_cat-aparati-za-muskarce-279","8":"product_cat-aparati-za-osobnu-njegu","9":"product_cat-brijanje-i-sisanje-192","11":"first","12":"outofstock","13":"shipping-taxable","14":"purchasable","15":"product-type-simple"},"_links":{"self":[{"href":"https:\/\/singuli.wpress.me\/index.php\/wp-json\/wp\/v2\/product\/43375","targetHints":{"allow":["GET"]}}],"collection":[{"href":"https:\/\/singuli.wpress.me\/index.php\/wp-json\/wp\/v2\/product"}],"about":[{"href":"https:\/\/singuli.wpress.me\/index.php\/wp-json\/wp\/v2\/types\/product"}],"version-history":[{"count":0,"href":"https:\/\/singuli.wpress.me\/index.php\/wp-json\/wp\/v2\/product\/43375\/revisions"}],"wp:featuredmedia":[{"embeddable":true,"href":"https:\/\/singuli.wpress.me\/index.php\/wp-json\/wp\/v2\/media\/43376"}],"wp:attachment":[{"href":"https:\/\/singuli.wpress.me\/index.php\/wp-json\/wp\/v2\/media?parent=43375"}],"wp:term":[{"taxonomy":"product_brand","embeddable":true,"href":"https:\/\/singuli.wpress.me\/index.php\/wp-json\/wp\/v2\/product_brand?post=43375"},{"taxonomy":"product_cat","embeddable":true,"href":"https:\/\/singuli.wpress.me\/index.php\/wp-json\/wp\/v2\/product_cat?post=43375"},{"taxonomy":"product_tag","embeddable":true,"href":"https:\/\/singuli.wpress.me\/index.php\/wp-json\/wp\/v2\/product_tag?post=43375"}],"curies":[{"name":"wp","href":"https:\/\/api.w.org\/{rel}","templated":true}]}}