{"id":43384,"date":"2026-04-20T00:29:31","date_gmt":"2026-04-20T00:29:31","guid":{"rendered":"https:\/\/singuli.wpress.me\/index.php\/proizvod\/wahl-home-pro-sisac\/"},"modified":"2026-04-20T12:33:51","modified_gmt":"2026-04-20T12:33:51","slug":"wahl-home-pro-sisac","status":"publish","type":"product","link":"https:\/\/singuli.wpress.me\/index.php\/proizvod\/wahl-home-pro-sisac\/","title":{"rendered":"WAHL Home Pro, \u0161i\u0161a\u010d"},"content":{"rendered":"<p><span style=\"font-weight: bold\">Wahl Hair aparat za \u0161i\u0161anje Home Pro<\/span>, idealan za osobnu ili profesionalnu upotrebu ili za svakoga tko \u017eeli pru\u017eiti vrhunsko \u0161i\u0161anje. Uz ergonomski dizajn i mekanu ru\u010dku, ovaj aparat za \u0161i\u0161anje omogu\u0107uje dugotrajno \u0161i\u0161anje bez napora.<\/p>\n<p><span style=\"font-weight: bold\">Glavne zna\u010dajke:<\/span><br \/>\n&#8211; Precizna Wahl o\u0161trica: Samoo\u0161tre\u0107a, precizno bru\u0161ena za dosljedne rezultate.<br \/>\n&#8211; Izdr\u017eljivi motor: elektromagnetski motor pru\u017ea vrhunsku snagu za glatko rezanje.<br \/>\n&#8211; 8 \u010de\u0161ljeva vodilica: Omogu\u0107uje 8 duljina \u0161i\u0161anja (3-25 mm) za razli\u010dite stilove.<br \/>\n&#8211; Kompletan set od 22 dijela: uklju\u010duje sve potrebne alate za profesionalno \u0161i\u0161anje.<br \/>\n&#8211; O\u0161trica izra\u0111ena od kaljenog \u010delika: Dug radni vijek i otpornost na lomljenje.<br \/>\n&#8211; O\u0161trice otporne na koroziju: Produ\u017eava vijek trajanja o\u0161trica.<\/p>\n<p>Ma\u0161inica radi izravno iz uti\u010dnice, \u0161to omogu\u0107uje kontinuirani rad. Fino bru\u0161ene samoo\u0161tre\u0107e o\u0161trice ostaju du\u017ee o\u0161tre.<\/p>\n<p><span style=\"font-weight: bold\">Tehni\u010dki detalji:<\/span><br \/>\n&#8211; 8 pri\u010dvr\u0161\u0107enih \u010de\u0161ljastih nastavaka za razli\u010dite duljine \u0161i\u0161anja (3, 6, 10, 13, 16, 19, 22 i 25 mm)<br \/>\n&#8211; Duljina reza: 1 &#8211; 3 mm<br \/>\n&#8211; \u0160irina rezanja: 45 mm<br \/>\n&#8211; Te\u017eina: 476 g<br \/>\n&#8211; Jamstvo: 2 godine<\/p>\n","protected":false},"excerpt":{"rendered":"<p>Precizno bru\u0161ena o\u0161trica za profesionalno rezanje s dosljednim rezultatima<br \/>\nIzdr\u017eljivi i dugotrajni elektromagnetski motor pru\u017ea vrhunsku snagu za glatko rezanje<br \/>\n8 \u010de\u0161ljeva za vo\u0111enje omogu\u0107uje 8 duljina \u0161i\u0161anja od 3 mm do 25 mm<\/p>\n","protected":false},"featured_media":43385,"template":"","meta":{"_seopress_robots_primary_cat":"","_seopress_titles_title":"","_seopress_titles_desc":"","_seopress_robots_index":"","iawp_total_views":0},"product_brand":[159],"product_cat":[192,279],"product_tag":[],"class_list":{"0":"post-43384","1":"product","2":"type-product","3":"status-publish","4":"has-post-thumbnail","6":"product_brand-wahl","7":"product_cat-aparati-za-osobnu-njegu","8":"product_cat-brijanje-i-sisanje-192","10":"first","11":"outofstock","12":"shipping-taxable","13":"purchasable","14":"product-type-simple"},"_links":{"self":[{"href":"https:\/\/singuli.wpress.me\/index.php\/wp-json\/wp\/v2\/product\/43384","targetHints":{"allow":["GET"]}}],"collection":[{"href":"https:\/\/singuli.wpress.me\/index.php\/wp-json\/wp\/v2\/product"}],"about":[{"href":"https:\/\/singuli.wpress.me\/index.php\/wp-json\/wp\/v2\/types\/product"}],"version-history":[{"count":0,"href":"https:\/\/singuli.wpress.me\/index.php\/wp-json\/wp\/v2\/product\/43384\/revisions"}],"wp:featuredmedia":[{"embeddable":true,"href":"https:\/\/singuli.wpress.me\/index.php\/wp-json\/wp\/v2\/media\/43385"}],"wp:attachment":[{"href":"https:\/\/singuli.wpress.me\/index.php\/wp-json\/wp\/v2\/media?parent=43384"}],"wp:term":[{"taxonomy":"product_brand","embeddable":true,"href":"https:\/\/singuli.wpress.me\/index.php\/wp-json\/wp\/v2\/product_brand?post=43384"},{"taxonomy":"product_cat","embeddable":true,"href":"https:\/\/singuli.wpress.me\/index.php\/wp-json\/wp\/v2\/product_cat?post=43384"},{"taxonomy":"product_tag","embeddable":true,"href":"https:\/\/singuli.wpress.me\/index.php\/wp-json\/wp\/v2\/product_tag?post=43384"}],"curies":[{"name":"wp","href":"https:\/\/api.w.org\/{rel}","templated":true}]}}