{"id":43393,"date":"2026-04-20T00:29:34","date_gmt":"2026-04-20T00:29:34","guid":{"rendered":"https:\/\/singuli.wpress.me\/index.php\/proizvod\/ariel-color-tekuci-deterdzent-za-pranje-rublja-4-5l-90-pranja\/"},"modified":"2026-04-20T12:33:51","modified_gmt":"2026-04-20T12:33:51","slug":"ariel-color-tekuci-deterdzent-za-pranje-rublja-4-5l-90-pranja","status":"publish","type":"product","link":"https:\/\/singuli.wpress.me\/index.php\/proizvod\/ariel-color-tekuci-deterdzent-za-pranje-rublja-4-5l-90-pranja\/","title":{"rendered":"ARIEL Color, teku\u0107i deterd\u017eent za pranje rublja, 4.5l, 90\u00a0pranja"},"content":{"rendered":"<p>Ariel Color+ teku\u0107i deterd\u017eent za pranje rublja omogu\u0107ava vrhunsko uklanjanje mrlja, \u010dak i na ni\u017eim temperaturama. Premda je nemilosrdan za mrlje, istodobno je nje\u017ean prema tkaninama i \u010duva blistavost boja. Osim toga, teku\u0107i deterd\u017eent Ariel dolazi u pakiranju koje se mo\u017ee reciklirati. Tvrdokorne mrlje prije pranja tretirajte teku\u0107im deterd\u017eentom Ariel Color+ i njegovim zelenim \u010depom, a zatim operite rublje u perilici. Za najbolje rezultate \u010dep s deterd\u017eentom stavite izravno u bubanj perilice rublja.<\/p>\n","protected":false},"excerpt":{"rendered":"<p>Izvanredno uklanjanje mrlja, \u010dak i na ni\u017eim temperaturama<br \/>\nDulje odr\u017eava blistavost boja i poma\u017ee sprije\u010diti gubitak boje<br \/>\nBoca teku\u0107eg deterd\u017eenta Ariel mo\u017ee se u potpunosti reciklirati<\/p>\n","protected":false},"featured_media":43394,"template":"","meta":{"_seopress_robots_primary_cat":"","_seopress_titles_title":"","_seopress_titles_desc":"","_seopress_robots_index":"","iawp_total_views":0},"product_brand":[427],"product_cat":[283,238],"product_tag":[],"class_list":{"0":"post-43393","1":"product","2":"type-product","3":"status-publish","4":"has-post-thumbnail","6":"product_brand-ariel","7":"product_cat-pranje-rublja-238","8":"product_cat-sve-za-dom","10":"first","11":"outofstock","12":"shipping-taxable","13":"purchasable","14":"product-type-simple"},"_links":{"self":[{"href":"https:\/\/singuli.wpress.me\/index.php\/wp-json\/wp\/v2\/product\/43393","targetHints":{"allow":["GET"]}}],"collection":[{"href":"https:\/\/singuli.wpress.me\/index.php\/wp-json\/wp\/v2\/product"}],"about":[{"href":"https:\/\/singuli.wpress.me\/index.php\/wp-json\/wp\/v2\/types\/product"}],"version-history":[{"count":0,"href":"https:\/\/singuli.wpress.me\/index.php\/wp-json\/wp\/v2\/product\/43393\/revisions"}],"wp:featuredmedia":[{"embeddable":true,"href":"https:\/\/singuli.wpress.me\/index.php\/wp-json\/wp\/v2\/media\/43394"}],"wp:attachment":[{"href":"https:\/\/singuli.wpress.me\/index.php\/wp-json\/wp\/v2\/media?parent=43393"}],"wp:term":[{"taxonomy":"product_brand","embeddable":true,"href":"https:\/\/singuli.wpress.me\/index.php\/wp-json\/wp\/v2\/product_brand?post=43393"},{"taxonomy":"product_cat","embeddable":true,"href":"https:\/\/singuli.wpress.me\/index.php\/wp-json\/wp\/v2\/product_cat?post=43393"},{"taxonomy":"product_tag","embeddable":true,"href":"https:\/\/singuli.wpress.me\/index.php\/wp-json\/wp\/v2\/product_tag?post=43393"}],"curies":[{"name":"wp","href":"https:\/\/api.w.org\/{rel}","templated":true}]}}