{"id":43423,"date":"2026-04-20T00:29:48","date_gmt":"2026-04-20T00:29:48","guid":{"rendered":"https:\/\/singuli.wpress.me\/index.php\/proizvod\/bear-fruits-maska-za-kosu-flamingo-20-ml\/"},"modified":"2026-04-20T12:33:51","modified_gmt":"2026-04-20T12:33:51","slug":"bear-fruits-maska-za-kosu-flamingo-20-ml","status":"publish","type":"product","link":"https:\/\/singuli.wpress.me\/index.php\/proizvod\/bear-fruits-maska-za-kosu-flamingo-20-ml\/","title":{"rendered":"BEAR FRUITS, maska za kosu, flamingo, 20\u00a0ml"},"content":{"rendered":"<p>Maska za kosu Bear Fruits + kapica s plamencem va\u0161u kosu \u010dini glatkom poput pera. <\/p>\n<p>Stavite kapicu, nasmije\u0161ite se i pri\u010dekajte da maska za dubinsku obnovu kose odradi svoje! <\/p>\n<p>Kombinacija arganovog ulja i aloe vere u\u010dinit \u0107e va\u0161u kosu tako mekanom da ne\u0107ete mo\u0107i skinuti ruke s nje. <\/p>\n<p>Maska za kosu Bear Fruits nadahnuta je korejskom kozmetnikom. Ba\u0161 kao maska za lice, ali za kosu.<\/p>\n","protected":false},"excerpt":{"rendered":"<p>Intenzivan balzam<br \/>\nAloe vera i arganovo ulje zagla\u0111uju i omek\u0161avaju kosu<br \/>\nZa tretmane kose koji traju do 30 minuta<\/p>\n","protected":false},"featured_media":43424,"template":"","meta":{"_seopress_robots_primary_cat":"","_seopress_titles_title":"","_seopress_titles_desc":"","_seopress_robots_index":"","iawp_total_views":0},"product_brand":[836],"product_cat":[268,300],"product_tag":[],"class_list":{"0":"post-43423","1":"product","2":"type-product","3":"status-publish","4":"has-post-thumbnail","6":"product_brand-bear-fruits","7":"product_cat-kozmetika-2","8":"product_cat-njega-kose-268","10":"first","11":"outofstock","12":"shipping-taxable","13":"purchasable","14":"product-type-simple"},"_links":{"self":[{"href":"https:\/\/singuli.wpress.me\/index.php\/wp-json\/wp\/v2\/product\/43423","targetHints":{"allow":["GET"]}}],"collection":[{"href":"https:\/\/singuli.wpress.me\/index.php\/wp-json\/wp\/v2\/product"}],"about":[{"href":"https:\/\/singuli.wpress.me\/index.php\/wp-json\/wp\/v2\/types\/product"}],"version-history":[{"count":0,"href":"https:\/\/singuli.wpress.me\/index.php\/wp-json\/wp\/v2\/product\/43423\/revisions"}],"wp:featuredmedia":[{"embeddable":true,"href":"https:\/\/singuli.wpress.me\/index.php\/wp-json\/wp\/v2\/media\/43424"}],"wp:attachment":[{"href":"https:\/\/singuli.wpress.me\/index.php\/wp-json\/wp\/v2\/media?parent=43423"}],"wp:term":[{"taxonomy":"product_brand","embeddable":true,"href":"https:\/\/singuli.wpress.me\/index.php\/wp-json\/wp\/v2\/product_brand?post=43423"},{"taxonomy":"product_cat","embeddable":true,"href":"https:\/\/singuli.wpress.me\/index.php\/wp-json\/wp\/v2\/product_cat?post=43423"},{"taxonomy":"product_tag","embeddable":true,"href":"https:\/\/singuli.wpress.me\/index.php\/wp-json\/wp\/v2\/product_tag?post=43423"}],"curies":[{"name":"wp","href":"https:\/\/api.w.org\/{rel}","templated":true}]}}