{"id":43428,"date":"2026-04-20T00:29:52","date_gmt":"2026-04-20T00:29:52","guid":{"rendered":"https:\/\/singuli.wpress.me\/index.php\/proizvod\/natureta-umak-s-maslinama-280-g\/"},"modified":"2026-04-20T12:33:51","modified_gmt":"2026-04-20T12:33:51","slug":"natureta-umak-s-maslinama-280-g","status":"publish","type":"product","link":"https:\/\/singuli.wpress.me\/index.php\/proizvod\/natureta-umak-s-maslinama-280-g\/","title":{"rendered":"NATURETA, umak, s maslinama, 280\u00a0g"},"content":{"rendered":"<p>Natureta umak od maslina ide savr\u0161eno uz sve vrste tjestenine, ri\u017ee i okruglica; odli\u010dan je uz meso, a mo\u017ee se poslu\u017eiti i kao hladni koktel umak. <\/p>\n<p>Autenti\u010dan okus maslina, zajam\u010den tradicionalnom doma\u0107om recepturom, do\u010darat \u0107e vam pravi mediteranski ugo\u0111aj tijekom ru\u010dka, ve\u010dere ili me\u0111uobroka, a brza i jednostavna priprema u\u0161tedjet \u0107e vam vrijeme pa ga umjesto u kuhanju mo\u017eete provesti s najdra\u017eima. Samo ga zagrijte i u\u017eivajte.<\/p>\n","protected":false},"excerpt":{"rendered":"<p>Izvrstan okus<br \/>\nTradicionalna receptura<br \/>\nJednostavna priprema<\/p>\n","protected":false},"featured_media":43429,"template":"","meta":{"_seopress_robots_primary_cat":"","_seopress_titles_title":"","_seopress_titles_desc":"","_seopress_robots_index":"","iawp_total_views":0},"product_brand":[811],"product_cat":[261,299],"product_tag":[],"class_list":{"0":"post-43428","1":"product","2":"type-product","3":"status-publish","4":"has-post-thumbnail","6":"product_brand-natureta","7":"product_cat-hrana-i-pice","8":"product_cat-konzervirana-i-gotova-hrana-261","10":"first","11":"outofstock","12":"shipping-taxable","13":"purchasable","14":"product-type-simple"},"_links":{"self":[{"href":"https:\/\/singuli.wpress.me\/index.php\/wp-json\/wp\/v2\/product\/43428","targetHints":{"allow":["GET"]}}],"collection":[{"href":"https:\/\/singuli.wpress.me\/index.php\/wp-json\/wp\/v2\/product"}],"about":[{"href":"https:\/\/singuli.wpress.me\/index.php\/wp-json\/wp\/v2\/types\/product"}],"version-history":[{"count":0,"href":"https:\/\/singuli.wpress.me\/index.php\/wp-json\/wp\/v2\/product\/43428\/revisions"}],"wp:featuredmedia":[{"embeddable":true,"href":"https:\/\/singuli.wpress.me\/index.php\/wp-json\/wp\/v2\/media\/43429"}],"wp:attachment":[{"href":"https:\/\/singuli.wpress.me\/index.php\/wp-json\/wp\/v2\/media?parent=43428"}],"wp:term":[{"taxonomy":"product_brand","embeddable":true,"href":"https:\/\/singuli.wpress.me\/index.php\/wp-json\/wp\/v2\/product_brand?post=43428"},{"taxonomy":"product_cat","embeddable":true,"href":"https:\/\/singuli.wpress.me\/index.php\/wp-json\/wp\/v2\/product_cat?post=43428"},{"taxonomy":"product_tag","embeddable":true,"href":"https:\/\/singuli.wpress.me\/index.php\/wp-json\/wp\/v2\/product_tag?post=43428"}],"curies":[{"name":"wp","href":"https:\/\/api.w.org\/{rel}","templated":true}]}}