{"id":43433,"date":"2026-04-20T00:29:53","date_gmt":"2026-04-20T00:29:53","guid":{"rendered":"https:\/\/singuli.wpress.me\/index.php\/proizvod\/neutro-roberts-manneti-calendula-intimni-sapun-250-ml\/"},"modified":"2026-04-20T12:33:51","modified_gmt":"2026-04-20T12:33:51","slug":"neutro-roberts-manneti-calendula-intimni-sapun-250-ml","status":"publish","type":"product","link":"https:\/\/singuli.wpress.me\/index.php\/proizvod\/neutro-roberts-manneti-calendula-intimni-sapun-250-ml\/","title":{"rendered":"NEUTRO ROBERTS Manneti Calendula, intimni sapun, 250\u00a0ml"},"content":{"rendered":"<p>Intima Roberts Camomilla je intimno sredstvo za \u010di\u0161\u0107enje ispitano u pedijatrijskoj klinici i pod ginekolo\u0161kom kontrolom, idealno za svakodnevnu intimnu higijenu \u017eena i djevoj\u010dica. <\/p>\n<p>Njegova ekstra delikatna formula, oboga\u0107ena prirodnim ekstraktima kamilice, \u010disti po\u0161tuju\u0107i \u017eenski fiziolo\u0161ki intimni pH. <\/p>\n<p>Tako\u0111er idealno za osjetljivu ko\u017eu.<\/p>\n","protected":false},"excerpt":{"rendered":"<p>Hipoalergena formula<br \/>\nIdealni za svakodnevnu intimnu higijenu<br \/>\nFormula oboga\u0107ena prirodnim ekstraktima kamilice<\/p>\n","protected":false},"featured_media":0,"template":"","meta":{"_seopress_robots_primary_cat":"","_seopress_titles_title":"","_seopress_titles_desc":"","_seopress_robots_index":"","iawp_total_views":0},"product_brand":[412],"product_cat":[268,278],"product_tag":[],"class_list":{"0":"post-43433","1":"product","2":"type-product","3":"status-publish","5":"product_brand-neutro-roberts","6":"product_cat-kozmetika-2","7":"product_cat-njega-tijela-268","9":"first","10":"outofstock","11":"shipping-taxable","12":"purchasable","13":"product-type-simple"},"_links":{"self":[{"href":"https:\/\/singuli.wpress.me\/index.php\/wp-json\/wp\/v2\/product\/43433","targetHints":{"allow":["GET"]}}],"collection":[{"href":"https:\/\/singuli.wpress.me\/index.php\/wp-json\/wp\/v2\/product"}],"about":[{"href":"https:\/\/singuli.wpress.me\/index.php\/wp-json\/wp\/v2\/types\/product"}],"version-history":[{"count":0,"href":"https:\/\/singuli.wpress.me\/index.php\/wp-json\/wp\/v2\/product\/43433\/revisions"}],"wp:attachment":[{"href":"https:\/\/singuli.wpress.me\/index.php\/wp-json\/wp\/v2\/media?parent=43433"}],"wp:term":[{"taxonomy":"product_brand","embeddable":true,"href":"https:\/\/singuli.wpress.me\/index.php\/wp-json\/wp\/v2\/product_brand?post=43433"},{"taxonomy":"product_cat","embeddable":true,"href":"https:\/\/singuli.wpress.me\/index.php\/wp-json\/wp\/v2\/product_cat?post=43433"},{"taxonomy":"product_tag","embeddable":true,"href":"https:\/\/singuli.wpress.me\/index.php\/wp-json\/wp\/v2\/product_tag?post=43433"}],"curies":[{"name":"wp","href":"https:\/\/api.w.org\/{rel}","templated":true}]}}