{"id":43436,"date":"2026-04-20T00:29:53","date_gmt":"2026-04-20T00:29:53","guid":{"rendered":"https:\/\/singuli.wpress.me\/index.php\/proizvod\/oral-b-io-zamjenske-glave-za-cetkicu-radiant-white-4-kom\/"},"modified":"2026-04-20T12:33:51","modified_gmt":"2026-04-20T12:33:51","slug":"oral-b-io-zamjenske-glave-za-cetkicu-radiant-white-4-kom","status":"publish","type":"product","link":"https:\/\/singuli.wpress.me\/index.php\/proizvod\/oral-b-io-zamjenske-glave-za-cetkicu-radiant-white-4-kom\/","title":{"rendered":"ORAL-B iO, zamjenske glave za \u010detkicu,  Radiant White , 4\u00a0kom"},"content":{"rendered":"<p>Glava zubne \u010detkice Oral-B iO Radiant White kombinira okruglu \u010detkicu nadahnutu stomatolo\u0161kom opremom s elementima za poliranje kako bi nje\u017eno uklonila povr\u0161inske mrlje za bjelje zube ve\u0107 od prvog dana. Za bjelje zube od prvog dana uz pomo\u0107 nje\u017enog poliranja povr\u0161inskih mrlja.<br \/>\nGlava \u010detkice Oral-B iO Radiant White kombinira savr\u0161eno nako\u0161ena vlakna s laticama za poliranje za naprednu \u010disto\u0107u i bjelje zube. Tehnologija iO kombinira legendarnu okruglu glavu zubne \u010detkice Oral-B s nje\u017enim mikrovibracijama iO za najbolju u\u010dinkovitost \u010di\u0161\u0107enja.<br \/>\nGlave zubnih \u010detkica Oral-B iO ekskluzivno su dizajnirane za zubne \u010detkice Oral-B iO.<br \/>\nZa odr\u017eavanje optimalne u\u010dinkovitosti \u010di\u0161\u0107enja stomatolozi preporu\u010duju zamjenu glave \u010detkice svaka 3 mjeseca.<br \/>\nBroj glava zubne \u010detkice u ovom pakiranju: 4<br \/>\nOral-B, marka zubnih \u010detkica br. 1, koju upotrebljava najvi\u0161e stomatologa diljem svijeta Klini\u010dki dokazani rezultati.<\/p>\n","protected":false},"excerpt":{"rendered":"<p>Ekskluzivno su dizajnirane za zubne \u010detkice Oral-B iO<br \/>\nZamijenite glavu \u010detkice svaka tri mjeseca<br \/>\nZa bjelje zube od prvog dana uz pomo\u0107 nje\u017enog poliranja povr\u0161inskih mrlja<\/p>\n","protected":false},"featured_media":43437,"template":"","meta":{"_seopress_robots_primary_cat":"","_seopress_titles_title":"","_seopress_titles_desc":"","_seopress_robots_index":"","iawp_total_views":0},"product_brand":[423],"product_cat":[192,207,209],"product_tag":[],"class_list":{"0":"post-43436","1":"product","2":"type-product","3":"status-publish","4":"has-post-thumbnail","6":"product_brand-oral-b-2","7":"product_cat-aparati-za-osobnu-njegu","8":"product_cat-oralna-higijena","9":"product_cat-zamjenske-glave","11":"first","12":"outofstock","13":"shipping-taxable","14":"purchasable","15":"product-type-simple"},"_links":{"self":[{"href":"https:\/\/singuli.wpress.me\/index.php\/wp-json\/wp\/v2\/product\/43436","targetHints":{"allow":["GET"]}}],"collection":[{"href":"https:\/\/singuli.wpress.me\/index.php\/wp-json\/wp\/v2\/product"}],"about":[{"href":"https:\/\/singuli.wpress.me\/index.php\/wp-json\/wp\/v2\/types\/product"}],"version-history":[{"count":0,"href":"https:\/\/singuli.wpress.me\/index.php\/wp-json\/wp\/v2\/product\/43436\/revisions"}],"wp:featuredmedia":[{"embeddable":true,"href":"https:\/\/singuli.wpress.me\/index.php\/wp-json\/wp\/v2\/media\/43437"}],"wp:attachment":[{"href":"https:\/\/singuli.wpress.me\/index.php\/wp-json\/wp\/v2\/media?parent=43436"}],"wp:term":[{"taxonomy":"product_brand","embeddable":true,"href":"https:\/\/singuli.wpress.me\/index.php\/wp-json\/wp\/v2\/product_brand?post=43436"},{"taxonomy":"product_cat","embeddable":true,"href":"https:\/\/singuli.wpress.me\/index.php\/wp-json\/wp\/v2\/product_cat?post=43436"},{"taxonomy":"product_tag","embeddable":true,"href":"https:\/\/singuli.wpress.me\/index.php\/wp-json\/wp\/v2\/product_tag?post=43436"}],"curies":[{"name":"wp","href":"https:\/\/api.w.org\/{rel}","templated":true}]}}