{"id":43448,"date":"2026-04-20T00:29:57","date_gmt":"2026-04-20T00:29:57","guid":{"rendered":"https:\/\/singuli.wpress.me\/index.php\/proizvod\/natureta-fileti-crvene-paprike-530-g\/"},"modified":"2026-04-20T12:33:51","modified_gmt":"2026-04-20T12:33:51","slug":"natureta-fileti-crvene-paprike-530-g","status":"publish","type":"product","link":"https:\/\/singuli.wpress.me\/index.php\/proizvod\/natureta-fileti-crvene-paprike-530-g\/","title":{"rendered":"NATURETA, fileti crvene paprike, 530\u00a0g"},"content":{"rendered":"<div>Paprika svojim ugodnim okusom oboga\u0107uje mnoga jela od mesa i povr\u0107a, a ujedno je izvrstan dodatak mesnim narescima, kanapeima i drugim zalogajima.&nbsp;<\/div>\n<div><\/div>\n<div>Naravno, mo\u017eete ga u\u017eivati \u200b\u200bi samog, kao ukusnu osvje\u017eavaju\u0107u salatu koja je posebno prikladna u vru\u0107im ljetnim danima.<\/div>\n<div><\/div>\n<div>Narezani fileti najfinije crvene hrskave paprike marinirani su u kiselom naljevu, bez konzervansa i drugih umjetnih dodataka. Ukusna mesnata paprika izvrstan je kiselkasti prilog za svaki dan.<\/div>\n","protected":false},"excerpt":{"rendered":"<p>Izvrstan okus<br \/>\nTradicionalna receptura<br \/>\nOboga\u0107uje mnoga jela<\/p>\n","protected":false},"featured_media":43449,"template":"","meta":{"_seopress_robots_primary_cat":"","_seopress_titles_title":"","_seopress_titles_desc":"","_seopress_robots_index":"","iawp_total_views":0},"product_brand":[811],"product_cat":[261,299],"product_tag":[],"class_list":{"0":"post-43448","1":"product","2":"type-product","3":"status-publish","4":"has-post-thumbnail","6":"product_brand-natureta","7":"product_cat-hrana-i-pice","8":"product_cat-konzervirana-i-gotova-hrana-261","10":"first","11":"outofstock","12":"shipping-taxable","13":"purchasable","14":"product-type-simple"},"_links":{"self":[{"href":"https:\/\/singuli.wpress.me\/index.php\/wp-json\/wp\/v2\/product\/43448","targetHints":{"allow":["GET"]}}],"collection":[{"href":"https:\/\/singuli.wpress.me\/index.php\/wp-json\/wp\/v2\/product"}],"about":[{"href":"https:\/\/singuli.wpress.me\/index.php\/wp-json\/wp\/v2\/types\/product"}],"version-history":[{"count":0,"href":"https:\/\/singuli.wpress.me\/index.php\/wp-json\/wp\/v2\/product\/43448\/revisions"}],"wp:featuredmedia":[{"embeddable":true,"href":"https:\/\/singuli.wpress.me\/index.php\/wp-json\/wp\/v2\/media\/43449"}],"wp:attachment":[{"href":"https:\/\/singuli.wpress.me\/index.php\/wp-json\/wp\/v2\/media?parent=43448"}],"wp:term":[{"taxonomy":"product_brand","embeddable":true,"href":"https:\/\/singuli.wpress.me\/index.php\/wp-json\/wp\/v2\/product_brand?post=43448"},{"taxonomy":"product_cat","embeddable":true,"href":"https:\/\/singuli.wpress.me\/index.php\/wp-json\/wp\/v2\/product_cat?post=43448"},{"taxonomy":"product_tag","embeddable":true,"href":"https:\/\/singuli.wpress.me\/index.php\/wp-json\/wp\/v2\/product_tag?post=43448"}],"curies":[{"name":"wp","href":"https:\/\/api.w.org\/{rel}","templated":true}]}}