{"id":43456,"date":"2026-04-20T00:30:02","date_gmt":"2026-04-20T00:30:02","guid":{"rendered":"https:\/\/singuli.wpress.me\/index.php\/proizvod\/hot-wheels-kamioni-tegljaci\/"},"modified":"2026-04-23T00:28:03","modified_gmt":"2026-04-23T00:28:03","slug":"hot-wheels-kamioni-tegljaci","status":"publish","type":"product","link":"https:\/\/singuli.wpress.me\/proizvod\/hot-wheels-kamioni-tegljaci\/","title":{"rendered":"HOT WHEELS, kamioni teglja\u010di"},"content":{"rendered":"<p>Hot Wheels kamioni su spremni za utrku!<\/p>\n<p>Mogu se koristiti i na Hot Wheels stazama.<\/p>\n<p><span style=\"font-weight: bold\">Igra\u010dka dolazi u vi\u0161e razli\u010ditih modela, a isporuka ovisi o njihovoj trenutnoj raspolo\u017eivosti.<\/span> <\/p>\n","protected":false},"excerpt":{"rendered":"<p>Kamioni spremni za utrku<br \/>\nMogu se koristiti i na Hot Wheels stazama<br \/>\nDolaze u vi\u0161e razli\u010ditih modela<\/p>\n","protected":false},"featured_media":43457,"template":"","meta":{"_seopress_robots_primary_cat":"","_seopress_titles_title":"","_seopress_titles_desc":"","_seopress_robots_index":"","iawp_total_views":0},"product_brand":[429],"product_cat":[243,273],"product_tag":[],"class_list":{"0":"post-43456","1":"product","2":"type-product","3":"status-publish","4":"has-post-thumbnail","6":"product_brand-hot-wheels","7":"product_cat-automobili-i-motori","8":"product_cat-njega-vozila-243","10":"first","11":"instock","12":"shipping-taxable","13":"purchasable","14":"product-type-simple"},"_links":{"self":[{"href":"https:\/\/singuli.wpress.me\/wp-json\/wp\/v2\/product\/43456","targetHints":{"allow":["GET"]}}],"collection":[{"href":"https:\/\/singuli.wpress.me\/wp-json\/wp\/v2\/product"}],"about":[{"href":"https:\/\/singuli.wpress.me\/wp-json\/wp\/v2\/types\/product"}],"version-history":[{"count":0,"href":"https:\/\/singuli.wpress.me\/wp-json\/wp\/v2\/product\/43456\/revisions"}],"wp:featuredmedia":[{"embeddable":true,"href":"https:\/\/singuli.wpress.me\/wp-json\/wp\/v2\/media\/43457"}],"wp:attachment":[{"href":"https:\/\/singuli.wpress.me\/wp-json\/wp\/v2\/media?parent=43456"}],"wp:term":[{"taxonomy":"product_brand","embeddable":true,"href":"https:\/\/singuli.wpress.me\/wp-json\/wp\/v2\/product_brand?post=43456"},{"taxonomy":"product_cat","embeddable":true,"href":"https:\/\/singuli.wpress.me\/wp-json\/wp\/v2\/product_cat?post=43456"},{"taxonomy":"product_tag","embeddable":true,"href":"https:\/\/singuli.wpress.me\/wp-json\/wp\/v2\/product_tag?post=43456"}],"curies":[{"name":"wp","href":"https:\/\/api.w.org\/{rel}","templated":true}]}}