{"id":43462,"date":"2026-04-20T00:30:06","date_gmt":"2026-04-20T00:30:06","guid":{"rendered":"https:\/\/singuli.wpress.me\/index.php\/proizvod\/oral-b-vitality-pro-d100-vitality-frozen-elektricna-cetkica-za-zube\/"},"modified":"2026-04-20T12:33:51","modified_gmt":"2026-04-20T12:33:51","slug":"oral-b-vitality-pro-d100-vitality-frozen-elektricna-cetkica-za-zube","status":"publish","type":"product","link":"https:\/\/singuli.wpress.me\/index.php\/proizvod\/oral-b-vitality-pro-d100-vitality-frozen-elektricna-cetkica-za-zube\/","title":{"rendered":"ORAL-B Vitality Pro + D100 Vitality Frozen, elektri\u010dna \u010detkica za zube"},"content":{"rendered":"<p>Oral-B Family Edition idealan je komplet za sve potrebe obitelji. Naime, on sadr\u017ei 1 zubnu \u010detkicu Oral-B Vitality Pro za odrasle i 1 zubnu \u010detkicu Oral-B Kids za djecu od 3 godine navi\u0161e. Elektri\u010dna zubna \u010detkica Oral-B Kids za dob 3+ koju preporu\u010duju stomatolozi omogu\u0107uje djeci zabavno, nje\u017eno i u\u010dinkovito \u010di\u0161\u0107enje zubi \u010detkicom Oral-B uz motive iz Snje\u017enog kraljevstva. Uz 2 na\u010dina rada, uklju\u010duju\u0107i jedinstven na\u010din rada prilago\u0111en osjetljivim dje\u010djim desnima, ova \u010detkica nje\u017eno \u010disti dje\u010dje zube. Uklanja vi\u0161e zubnih naslaga od obi\u010dne klasi\u010dne zubne \u010detkice. Dolazi s 4 naljepnice s motivima iz Snje\u017enog kraljevstva za ukra\u0161avanje dr\u0161ke. Elektri\u010dna zubna \u010detkica Oral-B Pro pru\u017ea klini\u010dki dokazano vrhunsko \u010di\u0161\u0107enje u usporedbi s obi\u010dnom klasi\u010dnom zubnom \u010detkicom. \u010cetkica ima 3 na\u010dina rada: Daily Clean (svakodnevno \u010di\u0161\u0107enje), Sensitive (nje\u017eno) i Sensitive Plus (iznimno nje\u017eno) za nevjerojatno nje\u017eno iskustvo. Mjera\u010d vremena ugra\u0111en u dr\u0161ku poma\u017ee da pranje zuba traje 2 minute, u skladu s preporukama stomatologa.<br \/>\nPakiranje sadr\u017ei 1 zubnu \u010detkicu Vitality Pro za odrasle i 1 zubnu \u010detkicu Oral-B Kids Disney Snje\u017eno kraljevstvo za djecu od 3 godine nadalje.<\/p>\n","protected":false},"excerpt":{"rendered":"<p>Zahvaljuju\u0107i ugra\u0111enom mjera\u010du vremena poti\u010de pranje zuba u trajanju od 2 minute<br \/>\nUklanja vi\u0161e zubnih naslaga nego obi\u010dna klasi\u010dna zubna \u010detkica<br \/>\nDje\u010dja elektri\u010dna zubna \u010detkica prikladna za djecu stariju od 3 godine<\/p>\n","protected":false},"featured_media":43463,"template":"","meta":{"_seopress_robots_primary_cat":"","_seopress_titles_title":"","_seopress_titles_desc":"","_seopress_robots_index":"","iawp_total_views":0},"product_brand":[423],"product_cat":[293,192,292],"product_tag":[],"class_list":{"0":"post-43462","1":"product","2":"type-product","3":"status-publish","4":"has-post-thumbnail","6":"product_brand-oral-b-2","7":"product_cat-aparati-za-djecu-i-odrasle-292","8":"product_cat-aparati-za-osobnu-njegu","9":"product_cat-oralna-higijena-uredaji-192","11":"first","12":"outofstock","13":"shipping-taxable","14":"purchasable","15":"product-type-simple"},"_links":{"self":[{"href":"https:\/\/singuli.wpress.me\/index.php\/wp-json\/wp\/v2\/product\/43462","targetHints":{"allow":["GET"]}}],"collection":[{"href":"https:\/\/singuli.wpress.me\/index.php\/wp-json\/wp\/v2\/product"}],"about":[{"href":"https:\/\/singuli.wpress.me\/index.php\/wp-json\/wp\/v2\/types\/product"}],"version-history":[{"count":0,"href":"https:\/\/singuli.wpress.me\/index.php\/wp-json\/wp\/v2\/product\/43462\/revisions"}],"wp:featuredmedia":[{"embeddable":true,"href":"https:\/\/singuli.wpress.me\/index.php\/wp-json\/wp\/v2\/media\/43463"}],"wp:attachment":[{"href":"https:\/\/singuli.wpress.me\/index.php\/wp-json\/wp\/v2\/media?parent=43462"}],"wp:term":[{"taxonomy":"product_brand","embeddable":true,"href":"https:\/\/singuli.wpress.me\/index.php\/wp-json\/wp\/v2\/product_brand?post=43462"},{"taxonomy":"product_cat","embeddable":true,"href":"https:\/\/singuli.wpress.me\/index.php\/wp-json\/wp\/v2\/product_cat?post=43462"},{"taxonomy":"product_tag","embeddable":true,"href":"https:\/\/singuli.wpress.me\/index.php\/wp-json\/wp\/v2\/product_tag?post=43462"}],"curies":[{"name":"wp","href":"https:\/\/api.w.org\/{rel}","templated":true}]}}