{"id":43468,"date":"2026-04-20T00:30:10","date_gmt":"2026-04-20T00:30:10","guid":{"rendered":"https:\/\/singuli.wpress.me\/index.php\/proizvod\/natureta-hren-delikatesni-190-g\/"},"modified":"2026-04-20T12:33:51","modified_gmt":"2026-04-20T12:33:51","slug":"natureta-hren-delikatesni-190-g","status":"publish","type":"product","link":"https:\/\/singuli.wpress.me\/index.php\/proizvod\/natureta-hren-delikatesni-190-g\/","title":{"rendered":"NATURETA, hren, delikatesni, 190\u00a0g"},"content":{"rendered":"<p>Za hren ka\u017eu da je poput vatrometa za na\u0161a osjetila. <\/p>\n<p>Zbog svog sna\u017enog okusa, njezino se korijenje oduvijek koristilo u narodnoj medicini, a danas je neizostavno posebno na sve\u010danim gozbama, kao prilog mesnim delicijama. <\/p>\n<p>Savr\u0161eno se sla\u017ee sa svim vrstama kobasica, suhim i pe\u010denim mesom, a izvrstan je i topli umak od hrena koji odli\u010dno ide uz kuhanu junetinu.<\/p>\n","protected":false},"excerpt":{"rendered":"<p>Sna\u017eni okus<br \/>\nOdli\u010dan uz razne kombinacije<br \/>\nIzvrstan okus<\/p>\n","protected":false},"featured_media":43469,"template":"","meta":{"_seopress_robots_primary_cat":"","_seopress_titles_title":"","_seopress_titles_desc":"","_seopress_robots_index":"","iawp_total_views":0},"product_brand":[811],"product_cat":[261,299],"product_tag":[],"class_list":{"0":"post-43468","1":"product","2":"type-product","3":"status-publish","4":"has-post-thumbnail","6":"product_brand-natureta","7":"product_cat-hrana-i-pice","8":"product_cat-konzervirana-i-gotova-hrana-261","10":"first","11":"outofstock","12":"shipping-taxable","13":"purchasable","14":"product-type-simple"},"_links":{"self":[{"href":"https:\/\/singuli.wpress.me\/index.php\/wp-json\/wp\/v2\/product\/43468","targetHints":{"allow":["GET"]}}],"collection":[{"href":"https:\/\/singuli.wpress.me\/index.php\/wp-json\/wp\/v2\/product"}],"about":[{"href":"https:\/\/singuli.wpress.me\/index.php\/wp-json\/wp\/v2\/types\/product"}],"version-history":[{"count":0,"href":"https:\/\/singuli.wpress.me\/index.php\/wp-json\/wp\/v2\/product\/43468\/revisions"}],"wp:featuredmedia":[{"embeddable":true,"href":"https:\/\/singuli.wpress.me\/index.php\/wp-json\/wp\/v2\/media\/43469"}],"wp:attachment":[{"href":"https:\/\/singuli.wpress.me\/index.php\/wp-json\/wp\/v2\/media?parent=43468"}],"wp:term":[{"taxonomy":"product_brand","embeddable":true,"href":"https:\/\/singuli.wpress.me\/index.php\/wp-json\/wp\/v2\/product_brand?post=43468"},{"taxonomy":"product_cat","embeddable":true,"href":"https:\/\/singuli.wpress.me\/index.php\/wp-json\/wp\/v2\/product_cat?post=43468"},{"taxonomy":"product_tag","embeddable":true,"href":"https:\/\/singuli.wpress.me\/index.php\/wp-json\/wp\/v2\/product_tag?post=43468"}],"curies":[{"name":"wp","href":"https:\/\/api.w.org\/{rel}","templated":true}]}}