{"id":43479,"date":"2026-04-20T00:30:13","date_gmt":"2026-04-20T00:30:13","guid":{"rendered":"https:\/\/singuli.wpress.me\/index.php\/proizvod\/games-uno-party-drustvena-igra\/"},"modified":"2026-04-20T12:33:51","modified_gmt":"2026-04-20T12:33:51","slug":"games-uno-party-drustvena-igra","status":"publish","type":"product","link":"https:\/\/singuli.wpress.me\/index.php\/proizvod\/games-uno-party-drustvena-igra\/","title":{"rendered":"GAMES Uno Party, dru\u0161tvena igra"},"content":{"rendered":"<p>UNO\u00ae PARTY za jo\u0161 ve\u0107e grupe i za ludu zabavu!<br \/>\nOkupi svoju ekipu na jednu partiju UNA, ali sada s dodatnim kartama i posebnim pravilima za ve\u0107e grupe ljudi i za jo\u0161 bolju i du\u017eu zabavu!<br \/>\nDizajnirana za 6 do \u010dak 16 igra\u010da u dobi od 7 godina vi\u0161e!<br \/>\nUNO\u00ae party je zabavna igra koja okuplja obitelji i prijatelje na zabavama i ve\u010derama igranja, a izvrstan je dar i za doma\u0107ine zabava!<br \/>\nSvaka zabava mo\u017ee se pretvoriti u UNO\u00ae zabavu uz ovu iznimno zabavnu igru osmi\u0161ljenu posebno za velike grupe. I ne zaboravite vikati &quot;UNO!&quot; najglasnije \u0161to mo\u017eete!<\/p>\n","protected":false},"excerpt":{"rendered":"<p>6 do \u010dak 16 igra\u010da<br \/>\nOkuplja obitelji i prijatelje na zabavama i ve\u010derama igranja<br \/>\nOsmi\u0161ljena posebno za velike grupe<\/p>\n","protected":false},"featured_media":43480,"template":"","meta":{"_seopress_robots_primary_cat":"","_seopress_titles_title":"","_seopress_titles_desc":"","_seopress_robots_index":"","iawp_total_views":0},"product_brand":[390],"product_cat":[290,221],"product_tag":[],"class_list":{"0":"post-43479","1":"product","2":"type-product","3":"status-publish","4":"has-post-thumbnail","6":"product_brand-games","7":"product_cat-drustvene-igre-221","8":"product_cat-igracke","10":"first","11":"outofstock","12":"shipping-taxable","13":"purchasable","14":"product-type-simple"},"_links":{"self":[{"href":"https:\/\/singuli.wpress.me\/index.php\/wp-json\/wp\/v2\/product\/43479","targetHints":{"allow":["GET"]}}],"collection":[{"href":"https:\/\/singuli.wpress.me\/index.php\/wp-json\/wp\/v2\/product"}],"about":[{"href":"https:\/\/singuli.wpress.me\/index.php\/wp-json\/wp\/v2\/types\/product"}],"version-history":[{"count":0,"href":"https:\/\/singuli.wpress.me\/index.php\/wp-json\/wp\/v2\/product\/43479\/revisions"}],"wp:featuredmedia":[{"embeddable":true,"href":"https:\/\/singuli.wpress.me\/index.php\/wp-json\/wp\/v2\/media\/43480"}],"wp:attachment":[{"href":"https:\/\/singuli.wpress.me\/index.php\/wp-json\/wp\/v2\/media?parent=43479"}],"wp:term":[{"taxonomy":"product_brand","embeddable":true,"href":"https:\/\/singuli.wpress.me\/index.php\/wp-json\/wp\/v2\/product_brand?post=43479"},{"taxonomy":"product_cat","embeddable":true,"href":"https:\/\/singuli.wpress.me\/index.php\/wp-json\/wp\/v2\/product_cat?post=43479"},{"taxonomy":"product_tag","embeddable":true,"href":"https:\/\/singuli.wpress.me\/index.php\/wp-json\/wp\/v2\/product_tag?post=43479"}],"curies":[{"name":"wp","href":"https:\/\/api.w.org\/{rel}","templated":true}]}}