{"id":43488,"date":"2026-04-20T00:30:17","date_gmt":"2026-04-20T00:30:17","guid":{"rendered":"https:\/\/singuli.wpress.me\/index.php\/proizvod\/braun-series-3-3040-brijaci-aparat-wet-dry\/"},"modified":"2026-04-21T00:27:24","modified_gmt":"2026-04-21T00:27:24","slug":"braun-series-3-3040-brijaci-aparat-wet-dry","status":"publish","type":"product","link":"https:\/\/singuli.wpress.me\/index.php\/proizvod\/braun-series-3-3040-brijaci-aparat-wet-dry\/","title":{"rendered":"BRAUN Series 3 3040, brija\u0107i aparat, wet &amp; dry"},"content":{"rendered":"<p><span style=\"font-weight: bold\">Istaknute zna\u010dajke:<\/span><\/p>\n<p>&#8211; Mikro\u010de\u0161lji\u0107 usmjerava vi\u0161e dla\u010dica prema dijelovima za podrezivanje omogu\u0107uju\u0107i br\u017ee brijanje<br \/>\n&#8211; Uzorak mre\u017eice je osmi\u0161ljen u suradnji sa znanstvenicima kako bi se iritacija ko\u017ee svela na minimum<br \/>\n&#8211; Trostruki sustav podrezivanja dla\u010dica: tri neovisna elementa za podrezivanje pojedina\u010dno se prilago\u0111avaju svakoj konturi lica<br \/>\n&#8211; Brija\u0107i aprarat Wet &amp; Dry za uporabu pod tu\u0161em s gelom ili pjenom za brijanje<br \/>\n&#8211; Jedan sat punjenja dostatan je za cijeli tjedan brijanja aparatom Braun Series 3<br \/>\n&#8211; Temeljito brijanje, savr\u0161ena udobnost za ko\u017eu<br \/>\n&#8211; Najbr\u017ee brijanje do sada u odnosu na prethodnu Series 3, na trodnevnoj bradi<br \/>\n&#8211; S novom tehnologijom mikro\u010de\u0161lji\u0107a<\/p>\n<p>Klju\u010dne prednosti: <br \/>\n<span style=\"font-weight: bold\">Trostruki sustav podrezivanja dla\u010dica<\/span><br \/>\nTri neovisna elementa za podrezivanje pojedina\u010dno se prilago\u0111avaju svakoj konturi lica, podrezuju\u0107i istodobno, u jednom potezu, i duge i kratke dla\u010dice.<\/p>\n<p><span style=\"font-weight: bold\">Tehnologija mikro\u010de\u0161lji\u0107a<\/span><br \/>\nHvata i usmjerava vi\u0161e dla\u010dica prema dijelovima za podrezivanje donose\u0107i izvanredne rezultate na 3-dnevnim bradama i smanjuju\u0107i pojavu osipa na ko\u017ei uslijed brijanja.<\/p>\n<p><span style=\"font-weight: bold\">SensoFoilTM<\/span><br \/>\nZa u\u010dinkovito i temeljito brijanje. Optimizirana mre\u017eica lak\u0161e podrezuje dla\u010dice, a istodobno je izvanredno nje\u017ena prema ko\u017ei.<\/p>\n<p><span style=\"font-weight: bold\">Zna\u010dajke:<\/span><br \/>\n<span style=\"font-weight: bold\">Wet&amp;Dry<\/span><br \/>\nPosebno dizajniran za uporabu pod tu\u0161em s gelom ili pjenom za brijanje, kako biste mogli u\u017eivati u glatkom iskustvu brijanja bez ikakvih kompromisa po pitanju performansi brija\u0107eg aparata.<\/p>\n<p><span style=\"font-weight: bold\">100% periv pod vodom<\/span><br \/>\nTestiran je standard vodootpornosti IPX7. Brija\u0107i aparat mo\u017ee podnijeti do 5 m uranjanja u vodu za lako \u010di\u0161\u0107enje pod teku\u0107om vodom.<\/p>\n<p><span style=\"font-weight: bold\">Punjiva Ni-MH baterija<\/span> <br \/>\nBaterija se napuni u roku od sat vremena, te mo\u017ee pru\u017eiti do 45 minuta brijanja, dok je brzo 5-minutno punjenje dostatno za 1 brijanje. Ure\u0111aj ima LED zaslon s 3 razine koji javlja kada je baterija pri kraju.<\/p>\n<p><span style=\"font-weight: bold\">Ergonomsko hvati\u0161te<\/span><br \/>\nPosebno osmi\u0161ljeno gumirano hvati\u0161te osigurava sigurno rukovanje, \u010dak i pod vodom.<\/p>\n<p>Braun preporu\u010duje zamjenu mre\u017eice brija\u010da i bloka no\u017ea svakih 18 mjeseci kako biste svakoga dana u\u017eivali u savr\u0161enom brijanju. U tih 18 mjeseci va\u0161 \u0107e brija\u0107i aparat obrijati oko 6.000.000 dla\u010dica. Pri ostvarivanju te dojmljive zada\u0107e dijelovi za podrezivanje \u0107e se postupno istro\u0161iti pa va\u0161e brijanje vi\u0161e ne\u0107e biti tako temeljito i ugodno kao na po\u010detku.<\/p>\n","protected":false},"excerpt":{"rendered":"<p>Tehnologija mikro\u010de\u0161lji\u0107a<br \/>\n100% periv pod vodom<br \/>\nPunjiva Ni-MH baterija<\/p>\n","protected":false},"featured_media":43489,"template":"","meta":{"_seopress_robots_primary_cat":"","_seopress_titles_title":"","_seopress_titles_desc":"","_seopress_robots_index":"","iawp_total_views":0},"product_brand":[144],"product_cat":[280,192,279],"product_tag":[],"class_list":{"0":"post-43488","1":"product","2":"type-product","3":"status-publish","4":"has-post-thumbnail","6":"product_brand-braun","7":"product_cat-aparati-za-muskarce-279","8":"product_cat-aparati-za-osobnu-njegu","9":"product_cat-brijanje-i-sisanje-192","11":"first","12":"outofstock","13":"shipping-taxable","14":"purchasable","15":"product-type-simple"},"_links":{"self":[{"href":"https:\/\/singuli.wpress.me\/index.php\/wp-json\/wp\/v2\/product\/43488","targetHints":{"allow":["GET"]}}],"collection":[{"href":"https:\/\/singuli.wpress.me\/index.php\/wp-json\/wp\/v2\/product"}],"about":[{"href":"https:\/\/singuli.wpress.me\/index.php\/wp-json\/wp\/v2\/types\/product"}],"version-history":[{"count":0,"href":"https:\/\/singuli.wpress.me\/index.php\/wp-json\/wp\/v2\/product\/43488\/revisions"}],"wp:featuredmedia":[{"embeddable":true,"href":"https:\/\/singuli.wpress.me\/index.php\/wp-json\/wp\/v2\/media\/43489"}],"wp:attachment":[{"href":"https:\/\/singuli.wpress.me\/index.php\/wp-json\/wp\/v2\/media?parent=43488"}],"wp:term":[{"taxonomy":"product_brand","embeddable":true,"href":"https:\/\/singuli.wpress.me\/index.php\/wp-json\/wp\/v2\/product_brand?post=43488"},{"taxonomy":"product_cat","embeddable":true,"href":"https:\/\/singuli.wpress.me\/index.php\/wp-json\/wp\/v2\/product_cat?post=43488"},{"taxonomy":"product_tag","embeddable":true,"href":"https:\/\/singuli.wpress.me\/index.php\/wp-json\/wp\/v2\/product_tag?post=43488"}],"curies":[{"name":"wp","href":"https:\/\/api.w.org\/{rel}","templated":true}]}}