{"id":43498,"date":"2026-04-20T00:30:20","date_gmt":"2026-04-20T00:30:20","guid":{"rendered":"https:\/\/singuli.wpress.me\/index.php\/proizvod\/pronto-ulje-za-restauraciju-namjestaja-100-ml\/"},"modified":"2026-04-20T12:33:51","modified_gmt":"2026-04-20T12:33:51","slug":"pronto-ulje-za-restauraciju-namjestaja-100-ml","status":"publish","type":"product","link":"https:\/\/singuli.wpress.me\/index.php\/proizvod\/pronto-ulje-za-restauraciju-namjestaja-100-ml\/","title":{"rendered":"PRONTO, ulje za restauraciju, namje\u0161taja, 100\u00a0ml"},"content":{"rendered":"<p>Pronto\u00ae ulje obnavlja i njeguje svijetli namje\u0161taj i druge drvene povr\u0161ine u Va\u0161em domu. <\/p>\n<p>Njeguje drvo i vra\u0107a mu prvotni sjaj. <\/p>\n<p>Prekriva o\u0161te\u0107enja na starom te vra\u0107a prirodnu boju izblijedjelom namje\u0161taju. <\/p>\n","protected":false},"excerpt":{"rendered":"<p>Hrani drvo i vra\u0107a mu izvorni sjaj<br \/>\nPokriva \u0161tete na starom namje\u0161taju<br \/>\nVra\u0107a prirodnu boju izblijedjelom namje\u0161taju<\/p>\n","protected":false},"featured_media":43499,"template":"","meta":{"_seopress_robots_primary_cat":"","_seopress_titles_title":"","_seopress_titles_desc":"","_seopress_robots_index":"","iawp_total_views":0},"product_brand":[815],"product_cat":[274,238],"product_tag":[],"class_list":{"0":"post-43498","1":"product","2":"type-product","3":"status-publish","4":"has-post-thumbnail","6":"product_brand-pronto","7":"product_cat-kucanski-pribor-238","8":"product_cat-sve-za-dom","10":"first","11":"instock","12":"shipping-taxable","13":"purchasable","14":"product-type-simple"},"_links":{"self":[{"href":"https:\/\/singuli.wpress.me\/index.php\/wp-json\/wp\/v2\/product\/43498","targetHints":{"allow":["GET"]}}],"collection":[{"href":"https:\/\/singuli.wpress.me\/index.php\/wp-json\/wp\/v2\/product"}],"about":[{"href":"https:\/\/singuli.wpress.me\/index.php\/wp-json\/wp\/v2\/types\/product"}],"version-history":[{"count":0,"href":"https:\/\/singuli.wpress.me\/index.php\/wp-json\/wp\/v2\/product\/43498\/revisions"}],"wp:featuredmedia":[{"embeddable":true,"href":"https:\/\/singuli.wpress.me\/index.php\/wp-json\/wp\/v2\/media\/43499"}],"wp:attachment":[{"href":"https:\/\/singuli.wpress.me\/index.php\/wp-json\/wp\/v2\/media?parent=43498"}],"wp:term":[{"taxonomy":"product_brand","embeddable":true,"href":"https:\/\/singuli.wpress.me\/index.php\/wp-json\/wp\/v2\/product_brand?post=43498"},{"taxonomy":"product_cat","embeddable":true,"href":"https:\/\/singuli.wpress.me\/index.php\/wp-json\/wp\/v2\/product_cat?post=43498"},{"taxonomy":"product_tag","embeddable":true,"href":"https:\/\/singuli.wpress.me\/index.php\/wp-json\/wp\/v2\/product_tag?post=43498"}],"curies":[{"name":"wp","href":"https:\/\/api.w.org\/{rel}","templated":true}]}}