{"id":43511,"date":"2026-04-20T00:30:24","date_gmt":"2026-04-20T00:30:24","guid":{"rendered":"https:\/\/singuli.wpress.me\/index.php\/proizvod\/laica-vt3240-xpro-aparat-za-vakumiranje\/"},"modified":"2026-04-20T12:33:52","modified_gmt":"2026-04-20T12:33:52","slug":"laica-vt3240-xpro-aparat-za-vakumiranje","status":"publish","type":"product","link":"https:\/\/singuli.wpress.me\/index.php\/proizvod\/laica-vt3240-xpro-aparat-za-vakumiranje\/","title":{"rendered":"LAICA VT3240 XPro, aparat za vakumiranje"},"content":{"rendered":"<p>Laica VT3240 Xpro univerzalna je cijev za kompatibilne vre\u0107ice i spremnike za vi\u0161estruku uporabu. 100 uzastopnih automatskih ciklusa, dvostruka usisna pumpa, dvostruka brtvena \u0161ipka i trostruko brtvljenje (standardno, srednje) omogu\u0107uju potpuno i sigurno vakumiranje va\u0161ih namirnica. &quot;brzo mariniranje&quot; koje vam omogu\u0107uje brzo i jednostavno mariniranje.<\/p>\n","protected":false},"excerpt":{"rendered":"<p>100 uzastopnih automatskih ciklusa za jednostavno kori\u0161tenje.<br \/>\nIma funkciju &#8220;brzog mariniranja&#8221;.<br \/>\nMaksimalna \u0161irina vre\u0107ice je 30 cm.<\/p>\n","protected":false},"featured_media":43512,"template":"","meta":{"_seopress_robots_primary_cat":"","_seopress_titles_title":"","_seopress_titles_desc":"","_seopress_robots_index":"","iawp_total_views":0},"product_brand":[148],"product_cat":[266,265,160],"product_tag":[],"class_list":{"0":"post-43511","1":"product","2":"type-product","3":"status-publish","4":"has-post-thumbnail","6":"product_brand-laica","7":"product_cat-aparati-za-kuhanje-265","8":"product_cat-kuhinjski-aparati-160","9":"product_cat-mali-kucanski-aparati","11":"first","12":"instock","13":"shipping-taxable","14":"purchasable","15":"product-type-simple"},"_links":{"self":[{"href":"https:\/\/singuli.wpress.me\/index.php\/wp-json\/wp\/v2\/product\/43511","targetHints":{"allow":["GET"]}}],"collection":[{"href":"https:\/\/singuli.wpress.me\/index.php\/wp-json\/wp\/v2\/product"}],"about":[{"href":"https:\/\/singuli.wpress.me\/index.php\/wp-json\/wp\/v2\/types\/product"}],"version-history":[{"count":0,"href":"https:\/\/singuli.wpress.me\/index.php\/wp-json\/wp\/v2\/product\/43511\/revisions"}],"wp:featuredmedia":[{"embeddable":true,"href":"https:\/\/singuli.wpress.me\/index.php\/wp-json\/wp\/v2\/media\/43512"}],"wp:attachment":[{"href":"https:\/\/singuli.wpress.me\/index.php\/wp-json\/wp\/v2\/media?parent=43511"}],"wp:term":[{"taxonomy":"product_brand","embeddable":true,"href":"https:\/\/singuli.wpress.me\/index.php\/wp-json\/wp\/v2\/product_brand?post=43511"},{"taxonomy":"product_cat","embeddable":true,"href":"https:\/\/singuli.wpress.me\/index.php\/wp-json\/wp\/v2\/product_cat?post=43511"},{"taxonomy":"product_tag","embeddable":true,"href":"https:\/\/singuli.wpress.me\/index.php\/wp-json\/wp\/v2\/product_tag?post=43511"}],"curies":[{"name":"wp","href":"https:\/\/api.w.org\/{rel}","templated":true}]}}