{"id":43521,"date":"2026-04-20T00:30:29","date_gmt":"2026-04-20T00:30:29","guid":{"rendered":"https:\/\/singuli.wpress.me\/index.php\/proizvod\/neutro-roberts-manneti-dermazero-kupka-gel-500-ml\/"},"modified":"2026-04-20T12:33:52","modified_gmt":"2026-04-20T12:33:52","slug":"neutro-roberts-manneti-dermazero-kupka-gel-500-ml","status":"publish","type":"product","link":"https:\/\/singuli.wpress.me\/index.php\/proizvod\/neutro-roberts-manneti-dermazero-kupka-gel-500-ml\/","title":{"rendered":"NEUTRO ROBERTS Manneti Dermazero, kupka\/gel, 500\u00a0ml"},"content":{"rendered":"<p>Neutro Roberts Dermazero idealan je izbor za kupke ili kao gel za tu\u0161iranje. <\/p>\n<p>Sadr\u017ei inovativnu formulu Skin Plus Complex koja poma\u017ee ko\u017ei zadr\u017eati svoju optimalnu razinu hidratacije te o\u010duvati prirodni hidro-lipidni obrambeni sloj, koji \u0161titi ko\u017eu od vanjskih utjecaja.<\/p>\n","protected":false},"excerpt":{"rendered":"<p>Kupka ili gel za tu\u0161iranje<br \/>\nNamijenjeno osjetljivoj ko\u017ei<br \/>\nInovativna formula Skin Plus Complex<\/p>\n","protected":false},"featured_media":0,"template":"","meta":{"_seopress_robots_primary_cat":"","_seopress_titles_title":"","_seopress_titles_desc":"","_seopress_robots_index":"","iawp_total_views":0},"product_brand":[412],"product_cat":[268,278],"product_tag":[],"class_list":{"0":"post-43521","1":"product","2":"type-product","3":"status-publish","5":"product_brand-neutro-roberts","6":"product_cat-kozmetika-2","7":"product_cat-njega-tijela-268","9":"first","10":"instock","11":"shipping-taxable","12":"purchasable","13":"product-type-simple"},"_links":{"self":[{"href":"https:\/\/singuli.wpress.me\/index.php\/wp-json\/wp\/v2\/product\/43521","targetHints":{"allow":["GET"]}}],"collection":[{"href":"https:\/\/singuli.wpress.me\/index.php\/wp-json\/wp\/v2\/product"}],"about":[{"href":"https:\/\/singuli.wpress.me\/index.php\/wp-json\/wp\/v2\/types\/product"}],"version-history":[{"count":0,"href":"https:\/\/singuli.wpress.me\/index.php\/wp-json\/wp\/v2\/product\/43521\/revisions"}],"wp:attachment":[{"href":"https:\/\/singuli.wpress.me\/index.php\/wp-json\/wp\/v2\/media?parent=43521"}],"wp:term":[{"taxonomy":"product_brand","embeddable":true,"href":"https:\/\/singuli.wpress.me\/index.php\/wp-json\/wp\/v2\/product_brand?post=43521"},{"taxonomy":"product_cat","embeddable":true,"href":"https:\/\/singuli.wpress.me\/index.php\/wp-json\/wp\/v2\/product_cat?post=43521"},{"taxonomy":"product_tag","embeddable":true,"href":"https:\/\/singuli.wpress.me\/index.php\/wp-json\/wp\/v2\/product_tag?post=43521"}],"curies":[{"name":"wp","href":"https:\/\/api.w.org\/{rel}","templated":true}]}}