{"id":43524,"date":"2026-04-20T00:30:30","date_gmt":"2026-04-20T00:30:30","guid":{"rendered":"https:\/\/singuli.wpress.me\/index.php\/proizvod\/bison-set-montagekit-ekstremno-montazno-ljepilo-350g-pistolj-za-kartusu\/"},"modified":"2026-04-20T12:33:52","modified_gmt":"2026-04-20T12:33:52","slug":"bison-set-montagekit-ekstremno-montazno-ljepilo-350g-pistolj-za-kartusu","status":"publish","type":"product","link":"https:\/\/singuli.wpress.me\/index.php\/proizvod\/bison-set-montagekit-ekstremno-montazno-ljepilo-350g-pistolj-za-kartusu\/","title":{"rendered":"BISON, set, Montagekit ekstremno monta\u017eno ljepilo 350g + pi\u0161tolj za kartu\u0161u"},"content":{"rendered":"<p><span style=\"font-weight: bold\">Montagekit Super \u010dvrsto je visokokvalitetno konstrukcijsko ljepilo<\/span> za lako i vrlo \u010dvrsto<br \/>\nljepljenje svih vrsta (gra\u0111evinskih) materijala. <\/p>\n<p>Zamjena za vijke i \u010davle.<\/p>\n<p>Izvrsna zavr\u0161na snaga, izvrsno prijanjanje na materijale, zamjena za vijke i \u010davle,<br \/>\nostaje elasti\u010dno-15 godina garancije, za unutarnju i vanjsku uporabu, ispunjava pukotine,<br \/>\notporno na starenje,vodu i kemikalije, na bazi neoprenske gume.<\/p>\n","protected":false},"excerpt":{"rendered":"<p>za lako i vrlo \u010dvrsto ljepljenje svih vrsta (gra\u0111evinskih) materijala<br \/>\nZamjena je za vijke i \u010davle<br \/>\nIzvrsna zavr\u0161na snaga<\/p>\n","protected":false},"featured_media":43525,"template":"","meta":{"_seopress_robots_primary_cat":"","_seopress_titles_title":"","_seopress_titles_desc":"","_seopress_robots_index":"","iawp_total_views":0},"product_brand":[494],"product_cat":[264,238],"product_tag":[],"class_list":{"0":"post-43524","1":"product","2":"type-product","3":"status-publish","4":"has-post-thumbnail","6":"product_brand-bison","7":"product_cat-ljepila-i-brtvila-238","8":"product_cat-sve-za-dom","10":"first","11":"instock","12":"shipping-taxable","13":"purchasable","14":"product-type-simple"},"_links":{"self":[{"href":"https:\/\/singuli.wpress.me\/index.php\/wp-json\/wp\/v2\/product\/43524","targetHints":{"allow":["GET"]}}],"collection":[{"href":"https:\/\/singuli.wpress.me\/index.php\/wp-json\/wp\/v2\/product"}],"about":[{"href":"https:\/\/singuli.wpress.me\/index.php\/wp-json\/wp\/v2\/types\/product"}],"version-history":[{"count":0,"href":"https:\/\/singuli.wpress.me\/index.php\/wp-json\/wp\/v2\/product\/43524\/revisions"}],"wp:featuredmedia":[{"embeddable":true,"href":"https:\/\/singuli.wpress.me\/index.php\/wp-json\/wp\/v2\/media\/43525"}],"wp:attachment":[{"href":"https:\/\/singuli.wpress.me\/index.php\/wp-json\/wp\/v2\/media?parent=43524"}],"wp:term":[{"taxonomy":"product_brand","embeddable":true,"href":"https:\/\/singuli.wpress.me\/index.php\/wp-json\/wp\/v2\/product_brand?post=43524"},{"taxonomy":"product_cat","embeddable":true,"href":"https:\/\/singuli.wpress.me\/index.php\/wp-json\/wp\/v2\/product_cat?post=43524"},{"taxonomy":"product_tag","embeddable":true,"href":"https:\/\/singuli.wpress.me\/index.php\/wp-json\/wp\/v2\/product_tag?post=43524"}],"curies":[{"name":"wp","href":"https:\/\/api.w.org\/{rel}","templated":true}]}}