{"id":43526,"date":"2026-04-20T00:30:30","date_gmt":"2026-04-20T00:30:30","guid":{"rendered":"https:\/\/singuli.wpress.me\/index.php\/proizvod\/shell-tekucina-za-uklanjanje-insekata-0-5-l\/"},"modified":"2026-04-20T12:33:52","modified_gmt":"2026-04-20T12:33:52","slug":"shell-tekucina-za-uklanjanje-insekata-0-5-l","status":"publish","type":"product","link":"https:\/\/singuli.wpress.me\/index.php\/proizvod\/shell-tekucina-za-uklanjanje-insekata-0-5-l\/","title":{"rendered":"SHELL, teku\u0107ina za uklanjanje insekata, 0.5\u00a0l"},"content":{"rendered":"<p>Shell teku\u0107ina za uklanjanje insekata brzo i <br \/>\nu\u010dinkovito omek\u0161ava i otapa \u010dak i ostatke starih insekata, pti\u010dji izmet, pelud i drugu prljav\u0161tinu s cesta na staklima i karoseriji automobila.<br \/>\nPotpuno siguran za boje, krom, gumene i plasti\u010dne dijelove kao i polikarbonatna prednja svjetla.<br \/>\nSavr\u0161eno za \u010di\u0161\u0107enje prozora, farova, branika, spojlera, karoserije automobila. <br \/>\nOstavlja povr\u0161inu bez masnih mrlja i daje sjaj.<br \/>\nSavr\u0161eno kao tretman prije pranja u autopraonici.<\/p>\n","protected":false},"excerpt":{"rendered":"<p>Teku\u0107ina za uklanjanje insekata<br \/>\nBrzo i u\u010dinkovito omek\u0161ava i otapa \u010dak i ostatke starih insekata, pti\u010dji izmet, pelud i drugu prljav\u0161tinu<br \/>\nPotpuno siguran za boje, krom, gumene i plasti\u010dne dijelove kao i polikarbonatna prednja svjetla<\/p>\n","protected":false},"featured_media":43527,"template":"","meta":{"_seopress_robots_primary_cat":"","_seopress_titles_title":"","_seopress_titles_desc":"","_seopress_robots_index":"","iawp_total_views":0},"product_brand":[326],"product_cat":[243,273],"product_tag":[],"class_list":{"0":"post-43526","1":"product","2":"type-product","3":"status-publish","4":"has-post-thumbnail","6":"product_brand-shell","7":"product_cat-automobili-i-motori","8":"product_cat-njega-vozila-243","10":"first","11":"outofstock","12":"shipping-taxable","13":"purchasable","14":"product-type-simple"},"_links":{"self":[{"href":"https:\/\/singuli.wpress.me\/index.php\/wp-json\/wp\/v2\/product\/43526","targetHints":{"allow":["GET"]}}],"collection":[{"href":"https:\/\/singuli.wpress.me\/index.php\/wp-json\/wp\/v2\/product"}],"about":[{"href":"https:\/\/singuli.wpress.me\/index.php\/wp-json\/wp\/v2\/types\/product"}],"version-history":[{"count":0,"href":"https:\/\/singuli.wpress.me\/index.php\/wp-json\/wp\/v2\/product\/43526\/revisions"}],"wp:featuredmedia":[{"embeddable":true,"href":"https:\/\/singuli.wpress.me\/index.php\/wp-json\/wp\/v2\/media\/43527"}],"wp:attachment":[{"href":"https:\/\/singuli.wpress.me\/index.php\/wp-json\/wp\/v2\/media?parent=43526"}],"wp:term":[{"taxonomy":"product_brand","embeddable":true,"href":"https:\/\/singuli.wpress.me\/index.php\/wp-json\/wp\/v2\/product_brand?post=43526"},{"taxonomy":"product_cat","embeddable":true,"href":"https:\/\/singuli.wpress.me\/index.php\/wp-json\/wp\/v2\/product_cat?post=43526"},{"taxonomy":"product_tag","embeddable":true,"href":"https:\/\/singuli.wpress.me\/index.php\/wp-json\/wp\/v2\/product_tag?post=43526"}],"curies":[{"name":"wp","href":"https:\/\/api.w.org\/{rel}","templated":true}]}}