{"id":43528,"date":"2026-04-20T00:30:31","date_gmt":"2026-04-20T00:30:31","guid":{"rendered":"https:\/\/singuli.wpress.me\/index.php\/proizvod\/oral-b-junior-ratovi-zvijezda-zubna-pasta-6-god-75-ml\/"},"modified":"2026-04-20T12:33:52","modified_gmt":"2026-04-20T12:33:52","slug":"oral-b-junior-ratovi-zvijezda-zubna-pasta-6-god-75-ml","status":"publish","type":"product","link":"https:\/\/singuli.wpress.me\/index.php\/proizvod\/oral-b-junior-ratovi-zvijezda-zubna-pasta-6-god-75-ml\/","title":{"rendered":"ORAL-B Junior Ratovi Zvijezda, zubna pasta, 6+ god, 75\u00a0ml"},"content":{"rendered":"<p>Zubna pasta Oral-B Junior s likovima iz filma &#8216;Ratovi zvijezda&#8217; osmi\u0161ljena je u suradnji sa stomatolozima kako bi djeca mogla preuzeti kontrolu nad zdravljem svoje usne \u0161upljine. \u0160titi zube od kiselina iz \u0161e\u0107era u svakodnevnoj hrani. <\/p>\n<p>Blag okus metvice idealan je za ve\u0107e mali\u0161ane.<\/p>\n","protected":false},"excerpt":{"rendered":"<p>Prikladno za djecu stariju od 6 godina<br \/>\nPasta za zube bez \u0161e\u0107era s blagim okusom mente<br \/>\nDje\u010dja pasta za zube Oral-B Junior s junacima Ratova zvijezda izra\u0111ena je u suradnji sa stomatolozima<\/p>\n","protected":false},"featured_media":43529,"template":"","meta":{"_seopress_robots_primary_cat":"","_seopress_titles_title":"","_seopress_titles_desc":"","_seopress_robots_index":"","iawp_total_views":0},"product_brand":[423],"product_cat":[268,309,320],"product_tag":[],"class_list":{"0":"post-43528","1":"product","2":"type-product","3":"status-publish","4":"has-post-thumbnail","6":"product_brand-oral-b-2","7":"product_cat-kozmetika-2","8":"product_cat-oralna-higijena-268","9":"product_cat-paste-za-zube-309","11":"first","12":"outofstock","13":"shipping-taxable","14":"purchasable","15":"product-type-simple"},"_links":{"self":[{"href":"https:\/\/singuli.wpress.me\/index.php\/wp-json\/wp\/v2\/product\/43528","targetHints":{"allow":["GET"]}}],"collection":[{"href":"https:\/\/singuli.wpress.me\/index.php\/wp-json\/wp\/v2\/product"}],"about":[{"href":"https:\/\/singuli.wpress.me\/index.php\/wp-json\/wp\/v2\/types\/product"}],"version-history":[{"count":0,"href":"https:\/\/singuli.wpress.me\/index.php\/wp-json\/wp\/v2\/product\/43528\/revisions"}],"wp:featuredmedia":[{"embeddable":true,"href":"https:\/\/singuli.wpress.me\/index.php\/wp-json\/wp\/v2\/media\/43529"}],"wp:attachment":[{"href":"https:\/\/singuli.wpress.me\/index.php\/wp-json\/wp\/v2\/media?parent=43528"}],"wp:term":[{"taxonomy":"product_brand","embeddable":true,"href":"https:\/\/singuli.wpress.me\/index.php\/wp-json\/wp\/v2\/product_brand?post=43528"},{"taxonomy":"product_cat","embeddable":true,"href":"https:\/\/singuli.wpress.me\/index.php\/wp-json\/wp\/v2\/product_cat?post=43528"},{"taxonomy":"product_tag","embeddable":true,"href":"https:\/\/singuli.wpress.me\/index.php\/wp-json\/wp\/v2\/product_tag?post=43528"}],"curies":[{"name":"wp","href":"https:\/\/api.w.org\/{rel}","templated":true}]}}