{"id":43541,"date":"2026-04-20T00:30:38","date_gmt":"2026-04-20T00:30:38","guid":{"rendered":"https:\/\/singuli.wpress.me\/index.php\/proizvod\/braun-hc-5090-sisac-17-duljina\/"},"modified":"2026-04-20T12:33:52","modified_gmt":"2026-04-20T12:33:52","slug":"braun-hc-5090-sisac-17-duljina","status":"publish","type":"product","link":"https:\/\/singuli.wpress.me\/index.php\/proizvod\/braun-hc-5090-sisac-17-duljina\/","title":{"rendered":"BRAUN  HC 5090, \u0161i\u0161a\u010d, 17 duljina"},"content":{"rendered":"<p>Braunov aparat za \u0161i\u0161anje, HC5090 \u2013 vrhunsko iskustvo \u0161i\u0161anja iz Brauna sa 17 postavki duljine<\/p>\n<p>Istaknute zna\u010dajke proizvoda:<br \/>\n&#8211; 17 postavki duljine, dobivate fleksibilnost oblikovanja novih frizura za svaku prigodu.<br \/>\n&#8211; 2 pametna nastavka za \u0161i\u0161anje s odabirom izme\u0111u 16 duljina mogu se prilagoditi za \u0161irok raspon frizura. Dodatno, tu je i opcija \u0161i\u0161anja kose na izuzetno kratko kada se ure\u0111aj koristi bez \u010de\u0161lji\u0107a.<br \/>\n&#8211; Dugovje\u010dne o\u0161tre o\u0161trice za savr\u0161ene frizure<br \/>\n&#8211; Mo\u0107an dualni baterijski sustav omogu\u0107uje kontinuirano napajanje za savr\u0161eno ujedna\u010deno \u0161i\u0161anje<br \/>\n&#8211; Pametni sustav zaklju\u010davanja &#8211; Memory SafetyLock prakti\u010dno zaklju\u010dava ure\u0111aj i pamti zadnje kori\u0161tene postavke.<br \/>\n&#8211; Potpuno periv za lako \u010di\u0161\u0107enje pod teku\u0107om vodom<\/p>\n<p>Karakteristike proizvoda:<br \/>\n1. Braunov aparat za \u0161i\u0161anje.<br \/>\nDugovje\u010dne o\u0161tre o\u0161trice za savr\u0161ene frizure.<\/p>\n<p>2. Dva \u010de\u0161lji\u0107a<br \/>\nZa 17 preciznih postavki duljine. Dva pametna prilagodljiva nastavka za \u0161i\u0161anje omogu\u0107uje postizanje \u017eeljene frizure. S ukupno 17 postavki duljine, dobivate fleksibilnost oblikovanja novih frizura za svaku prigodu. Manji \u010de\u0161lji\u0107 osmi\u0161ljen je za 8 kra\u0107ih duljina (3-24 mm), dok dulji \u010de\u0161lji\u0107 pru\u017ea izbor izme\u0111u 8 du\u017eih duljina (14-35 mm). Tu je i mogu\u0107nost \u0161i\u0161anja na izuzetno kratko kada se ne koristi nijedan \u010de\u0161lji\u0107.<\/p>\n<p>3. Dugovje\u010dne o\u0161tre o\u0161trice za precizno \u0161i\u0161anje<br \/>\nO\u0161trice Braunovog aparata za \u0161i\u0161anje osmi\u0161ljene su tako da traju cijelog \u017eivota, pru\u017eaju\u0107i preciznost visokih performansi koja vam je potrebna za oblikovanje \u017eeljene frizure. Izuzetno o\u0161tri elementi za podrezivanje od nehr\u0111aju\u0107eg \u010delika pobrinut \u0107e se da ni dulja ni gu\u0161\u0107a kosa ne predstavljaju nikakav izazov.<\/p>\n<p>4. 100% periv<br \/>\nUre\u0111aj je potpuno periv, za lako \u010di\u0161\u0107enje pod teku\u0107om vodom.<\/p>\n<p>5. Pametni sustav zaklju\u010davanja Memory SafetyLock<br \/>\nPametno zaklju\u010dava ure\u0111aj i pamti zadnje kori\u0161tene postavke \u010dak i kada skinete nastavak.<\/p>\n<p>6. Gumirano hvati\u0161te<br \/>\nPouzdano sjedi u ruci za udobno i sigurno rukovanje.<\/p>\n<p>7. Rad sa i bez kabela<br \/>\nBraunov aparat za \u0161i\u0161anje opremljen je dualnim baterijskim sustavom. Dvije Ni-MH baterije u potpunosti su pune u roku od 8 sati, a omogu\u0107uju 50 minuta be\u017ei\u010dnog rada. \u017delite li osigurati neprekidan rad, samo koristite aparat s kabelom.<\/p>\n","protected":false},"excerpt":{"rendered":"<p>17 postavki duljine<br \/>\nNeuni\u0161tive o\u0161tre o\u0161trice za savr\u0161enu frizuru<br \/>\nRad sa i bez strujnog kabla<\/p>\n","protected":false},"featured_media":43542,"template":"","meta":{"_seopress_robots_primary_cat":"","_seopress_titles_title":"","_seopress_titles_desc":"","_seopress_robots_index":"","iawp_total_views":0},"product_brand":[144],"product_cat":[192,279],"product_tag":[],"class_list":{"0":"post-43541","1":"product","2":"type-product","3":"status-publish","4":"has-post-thumbnail","6":"product_brand-braun","7":"product_cat-aparati-za-osobnu-njegu","8":"product_cat-brijanje-i-sisanje-192","10":"first","11":"outofstock","12":"shipping-taxable","13":"purchasable","14":"product-type-simple"},"_links":{"self":[{"href":"https:\/\/singuli.wpress.me\/index.php\/wp-json\/wp\/v2\/product\/43541","targetHints":{"allow":["GET"]}}],"collection":[{"href":"https:\/\/singuli.wpress.me\/index.php\/wp-json\/wp\/v2\/product"}],"about":[{"href":"https:\/\/singuli.wpress.me\/index.php\/wp-json\/wp\/v2\/types\/product"}],"version-history":[{"count":0,"href":"https:\/\/singuli.wpress.me\/index.php\/wp-json\/wp\/v2\/product\/43541\/revisions"}],"wp:featuredmedia":[{"embeddable":true,"href":"https:\/\/singuli.wpress.me\/index.php\/wp-json\/wp\/v2\/media\/43542"}],"wp:attachment":[{"href":"https:\/\/singuli.wpress.me\/index.php\/wp-json\/wp\/v2\/media?parent=43541"}],"wp:term":[{"taxonomy":"product_brand","embeddable":true,"href":"https:\/\/singuli.wpress.me\/index.php\/wp-json\/wp\/v2\/product_brand?post=43541"},{"taxonomy":"product_cat","embeddable":true,"href":"https:\/\/singuli.wpress.me\/index.php\/wp-json\/wp\/v2\/product_cat?post=43541"},{"taxonomy":"product_tag","embeddable":true,"href":"https:\/\/singuli.wpress.me\/index.php\/wp-json\/wp\/v2\/product_tag?post=43541"}],"curies":[{"name":"wp","href":"https:\/\/api.w.org\/{rel}","templated":true}]}}