{"id":43547,"date":"2026-04-20T00:30:41","date_gmt":"2026-04-20T00:30:41","guid":{"rendered":"https:\/\/singuli.wpress.me\/index.php\/proizvod\/lavazza-puraforma-cappucino-tanjuric-12-kom\/"},"modified":"2026-04-20T12:33:52","modified_gmt":"2026-04-20T12:33:52","slug":"lavazza-puraforma-cappucino-tanjuric-12-kom","status":"publish","type":"product","link":"https:\/\/singuli.wpress.me\/index.php\/proizvod\/lavazza-puraforma-cappucino-tanjuric-12-kom\/","title":{"rendered":"LAVAZZA Puraforma Cappucino, tanjuri\u0107, 12\u00a0kom"},"content":{"rendered":"<p>Pripadaju\u0107i tanjuri\u0107 namijenjen je za <b>LAVAZZA PURAFORMA cappuccino \u0161alicu<\/b>. Pru\u017ea stabilnu i estetski uskla\u0111enu podlogu za poslu\u017eivanje. Tanjuri\u0107i se isporu\u010duju u pakiranju od <b>12 komada<\/b>.<\/p>\n","protected":false},"excerpt":{"rendered":"<p>Dizajniran za Lavazza Puraforma cappuccino \u0161alicu<br \/>\nDizajniran za Lavazza Puraforma cappuccino \u0161alicu<\/p>\n","protected":false},"featured_media":43548,"template":"","meta":{"_seopress_robots_primary_cat":"","_seopress_titles_title":"","_seopress_titles_desc":"","_seopress_robots_index":"","iawp_total_views":0},"product_brand":[393],"product_cat":[274,238],"product_tag":[],"class_list":{"0":"post-43547","1":"product","2":"type-product","3":"status-publish","4":"has-post-thumbnail","6":"product_brand-lavazza","7":"product_cat-kucanski-pribor-238","8":"product_cat-sve-za-dom","10":"first","11":"instock","12":"shipping-taxable","13":"purchasable","14":"product-type-simple"},"_links":{"self":[{"href":"https:\/\/singuli.wpress.me\/index.php\/wp-json\/wp\/v2\/product\/43547","targetHints":{"allow":["GET"]}}],"collection":[{"href":"https:\/\/singuli.wpress.me\/index.php\/wp-json\/wp\/v2\/product"}],"about":[{"href":"https:\/\/singuli.wpress.me\/index.php\/wp-json\/wp\/v2\/types\/product"}],"version-history":[{"count":0,"href":"https:\/\/singuli.wpress.me\/index.php\/wp-json\/wp\/v2\/product\/43547\/revisions"}],"wp:featuredmedia":[{"embeddable":true,"href":"https:\/\/singuli.wpress.me\/index.php\/wp-json\/wp\/v2\/media\/43548"}],"wp:attachment":[{"href":"https:\/\/singuli.wpress.me\/index.php\/wp-json\/wp\/v2\/media?parent=43547"}],"wp:term":[{"taxonomy":"product_brand","embeddable":true,"href":"https:\/\/singuli.wpress.me\/index.php\/wp-json\/wp\/v2\/product_brand?post=43547"},{"taxonomy":"product_cat","embeddable":true,"href":"https:\/\/singuli.wpress.me\/index.php\/wp-json\/wp\/v2\/product_cat?post=43547"},{"taxonomy":"product_tag","embeddable":true,"href":"https:\/\/singuli.wpress.me\/index.php\/wp-json\/wp\/v2\/product_tag?post=43547"}],"curies":[{"name":"wp","href":"https:\/\/api.w.org\/{rel}","templated":true}]}}